{"id":8,"date":"2025-01-23T14:06:11","date_gmt":"2025-01-23T13:06:11","guid":{"rendered":"https:\/\/nove.etatherm.cz\/cz\/?page_id=8"},"modified":"2025-06-12T12:09:36","modified_gmt":"2025-06-12T10:09:36","slug":"regulace-vytapeni","status":"publish","type":"page","link":"https:\/\/nove.etatherm.cz\/cz\/","title":{"rendered":"\u00davod"},"content":{"rendered":"\n<h1 class=\"wp-block-heading\">PROGRAMOV\u011a \u0158\u00cdZEN\u00c1 REGULACE VYT\u00c1P\u011aN\u00cd ETATHERM<\/h1>\n\n\n\n<figure class=\"wp-block-image size-full\"><img loading=\"lazy\" decoding=\"async\" width=\"1024\" height=\"325\" src=\"https:\/\/nove.etatherm.cz\/cz\/wp-content\/uploads\/2025\/06\/banner2.png\" alt=\"\" class=\"wp-image-275\" srcset=\"https:\/\/nove.etatherm.cz\/cz\/wp-content\/uploads\/2025\/06\/banner2.png 1024w, https:\/\/nove.etatherm.cz\/cz\/wp-content\/uploads\/2025\/06\/banner2-300x95.png 300w, https:\/\/nove.etatherm.cz\/cz\/wp-content\/uploads\/2025\/06\/banner2-768x244.png 768w\" sizes=\"auto, (max-width: 1024px) 100vw, 1024px\" \/><\/figure>\n\n\n\n<p>PROGRAMOV\u011a \u0158\u00cdZEN\u00c1 REGULACE VYT\u00c1P\u011aN\u00cd ETATHERM je ur\u010dena k <strong>individu\u00e1ln\u00ed regulaci vyt\u00e1p\u011bn\u00ed jednotliv\u00fdch m\u00edstnost\u00ed<\/strong> podle nejr\u016fzn\u011bj\u0161\u00edch po\u017eadavk\u016f. Nal\u00e9z\u00e1 uplatn\u011bn\u00ed v:<\/p>\n\n\n\n<ul class=\"wp-block-list\">\n<li>bytech, domc\u00edch, vil\u00e1ch,<\/li>\n\n\n\n<li>ordinac\u00edch, nemocnic\u00edch a dal\u0161\u00edch zdravotnick\u00fdch za\u0159\u00edzen\u00edch,<\/li>\n\n\n\n<li>kancel\u00e1\u0159\u00edch, administarativn\u00edch budov\u00e1ch, v\u00edce\u00fa\u010delov\u00fdch budov\u00e1ch,<\/li>\n\n\n\n<li>\u0161kol\u00e1ch, mate\u0159sk\u00fdch \u0161kol\u00e1ch,<\/li>\n\n\n\n<li>hotelech, penzionech, horsk\u00fdch chat\u00e1ch atd.<\/li>\n<\/ul>\n\n\n\n<p>Umo\u017e\u0148uje dosa\u017een\u00ed tepeln\u00e9 pohody a v\u00fdznamn\u00fdch \u00faspor energie. Konstrukce v\u00fdrobku vych\u00e1z\u00ed z vlastn\u00edch patentov\u00fdch \u0159e\u0161en\u00ed a je ov\u011b\u0159ena mnohaletou prax\u00ed. <a href=\"https:\/\/www.etatherm.cz\/cesky\/princip.htm\">Princip<\/a> a zp\u016fsob \u010dinnosti umo\u017e\u0148uje relativn\u011b snadnou a bezpe\u010dnou instalaci v\u00fdrobku v r\u016fzn\u00fdch aplikac\u00edch.<\/p>\n\n\n\n<p>Regula\u010dn\u00ed soupravy ETATHERM jsou pou\u017eiteln\u00e9 jak pro<strong> teplovodn\u00ed<\/strong>, tak pro <strong>p\u0159\u00edmotopn\u00e9 elektrick\u00e9 <\/strong>soustavy. Maj\u00ed \u0159adu konfigurovateln\u00fdch parametr\u016f i funkc\u00ed a mohou p\u0159izp\u016fsobit svoji \u010dinnost konkr\u00e9tn\u00edm podm\u00ednk\u00e1m dan\u00e9 aplikace \u010di po\u017eadavk\u016fm u\u017eivatele. \u0158\u00edd\u00edc\u00ed jednotky souprav jsou schopny evidovat i relativn\u00ed <strong>spot\u0159ebu tepla<\/strong> (s vyu\u017eit\u00edm pr\u016fb\u011b\u017en\u00e9 sumarizace teplot) pro snadn\u00e9 rozd\u011blov\u00e1n\u00ed n\u00e1klad\u016f mezi v\u00edce subjekt\u016f vyu\u017e\u00edvaj\u00edc\u00edch spole\u010dnou otopnou soustavu. \u0158\u00eddic\u00ed jednotky ETH1 mohou b\u00fdt ovl\u00e1d\u00e1ny bu\u010f p\u0159es webov\u00e9 rozhran\u00ed \u0159\u00edd\u00edc\u00edch jednotek ETH1eC nebo ETH1eD nebo z p\u0159ipojen\u00e9ho PC jak m\u00edstn\u011b (jedna jednotka), tak centr\u00e1ln\u011b (s\u00ed\u0165 jednotek).<\/p>\n\n\n\n<p><\/p>\n\n\n\n<p><strong>N\u00e1hled webov\u00e9 str\u00e1nky pro ovl\u00e1d\u00e1n\u00ed soupravy:<\/strong><\/p>\n\n\n\n<figure class=\"wp-block-image size-full\"><img loading=\"lazy\" decoding=\"async\" width=\"559\" height=\"506\" src=\"https:\/\/nove.etatherm.cz\/cz\/wp-content\/uploads\/2025\/06\/we03.png\" alt=\"Str\u00e1nka serveru WE\" class=\"wp-image-405\" srcset=\"https:\/\/nove.etatherm.cz\/cz\/wp-content\/uploads\/2025\/06\/we03.png 559w, https:\/\/nove.etatherm.cz\/cz\/wp-content\/uploads\/2025\/06\/we03-300x272.png 300w\" sizes=\"auto, (max-width: 559px) 100vw, 559px\" \/><\/figure>\n\n\n\n<p><\/p>\n","protected":false},"excerpt":{"rendered":"<p>PROGRAMOV\u011a \u0158\u00cdZEN\u00c1 REGULACE VYT\u00c1P\u011aN\u00cd ETATHERM PROGRAMOV\u011a \u0158\u00cdZEN\u00c1 REGULACE VYT\u00c1P\u011aN\u00cd ETATHERM je ur\u010dena k individu\u00e1ln\u00ed regulaci vyt\u00e1p\u011bn\u00ed jednotliv\u00fdch m\u00edstnost\u00ed podle nejr\u016fzn\u011bj\u0161\u00edch po\u017eadavk\u016f. Nal\u00e9z\u00e1 uplatn\u011bn\u00ed v: Umo\u017e\u0148uje&hellip;<\/p>\n","protected":false},"author":1,"featured_media":0,"parent":0,"menu_order":0,"comment_status":"closed","ping_status":"closed","template":"","meta":{"footnotes":""},"class_list":["post-8","page","type-page","status-publish","hentry"],"yoast_head":"<!-- This site is optimized with the Yoast SEO plugin v20.4 - https:\/\/yoast.com\/wordpress\/plugins\/seo\/ -->\n<title>\u00davod - Etatherm s.r.o.<\/title>\n<meta name=\"description\" content=\"Regulace vyt\u00e1p\u011bn\u00ed jednotliv\u00fdch m\u00edstnost\u00ed podle nejr\u016fzn\u011bj\u0161\u00edch po\u017eadavk\u016f pro radi\u00e1torov\u00e9, podlahov\u00e9 a jin\u00e9 syst\u00e9my (teplovodn\u00ed i elektrick\u00e9)\" \/>\n<meta name=\"robots\" content=\"index, follow, max-snippet:-1, max-image-preview:large, max-video-preview:-1\" \/>\n<link rel=\"canonical\" href=\"https:\/\/nove.etatherm.cz\/cz\/\" \/>\n<meta property=\"og:locale\" content=\"cs_CZ\" \/>\n<meta property=\"og:type\" content=\"article\" \/>\n<meta property=\"og:title\" content=\"\u00davod - Etatherm s.r.o.\" \/>\n<meta property=\"og:description\" content=\"Regulace vyt\u00e1p\u011bn\u00ed jednotliv\u00fdch m\u00edstnost\u00ed podle nejr\u016fzn\u011bj\u0161\u00edch po\u017eadavk\u016f pro radi\u00e1torov\u00e9, podlahov\u00e9 a jin\u00e9 syst\u00e9my (teplovodn\u00ed i elektrick\u00e9)\" \/>\n<meta property=\"og:url\" content=\"https:\/\/nove.etatherm.cz\/cz\/\" \/>\n<meta property=\"og:site_name\" content=\"Etatherm s.r.o.\" \/>\n<meta property=\"article:modified_time\" content=\"2025-06-12T10:09:36+00:00\" \/>\n<meta property=\"og:image\" content=\"https:\/\/nove.etatherm.cz\/cz\/wp-content\/uploads\/2025\/06\/banner2.png\" \/>\n<meta name=\"twitter:card\" content=\"summary_large_image\" \/>\n<meta name=\"twitter:label1\" content=\"Est. reading time\" \/>\n\t<meta name=\"twitter:data1\" content=\"2 minuty\" \/>\n<script type=\"application\/ld+json\" class=\"yoast-schema-graph\">{\"@context\":\"https:\/\/schema.org\",\"@graph\":[{\"@type\":\"WebPage\",\"@id\":\"https:\/\/nove.etatherm.cz\/cz\/\",\"url\":\"https:\/\/nove.etatherm.cz\/cz\/\",\"name\":\"\u00davod - Etatherm s.r.o.\",\"isPartOf\":{\"@id\":\"https:\/\/nove.etatherm.cz\/cz\/#website\"},\"datePublished\":\"2025-01-23T13:06:11+00:00\",\"dateModified\":\"2025-06-12T10:09:36+00:00\",\"description\":\"Regulace vyt\u00e1p\u011bn\u00ed jednotliv\u00fdch m\u00edstnost\u00ed podle nejr\u016fzn\u011bj\u0161\u00edch po\u017eadavk\u016f pro radi\u00e1torov\u00e9, podlahov\u00e9 a jin\u00e9 syst\u00e9my (teplovodn\u00ed i elektrick\u00e9)\",\"breadcrumb\":{\"@id\":\"https:\/\/nove.etatherm.cz\/cz\/#breadcrumb\"},\"inLanguage\":\"cs\",\"potentialAction\":[{\"@type\":\"ReadAction\",\"target\":[\"https:\/\/nove.etatherm.cz\/cz\/\"]}]},{\"@type\":\"BreadcrumbList\",\"@id\":\"https:\/\/nove.etatherm.cz\/cz\/#breadcrumb\",\"itemListElement\":[{\"@type\":\"ListItem\",\"position\":1,\"name\":\"\u00davod\",\"item\":\"https:\/\/nove.etatherm.cz\/cz\/\"},{\"@type\":\"ListItem\",\"position\":2,\"name\":\"\u00davod\"}]},{\"@type\":\"WebSite\",\"@id\":\"https:\/\/nove.etatherm.cz\/cz\/#website\",\"url\":\"https:\/\/nove.etatherm.cz\/cz\/\",\"name\":\"Etatherm s.r.o.\",\"description\":\"Programov\u011b \u0159\u00edzen\u00e1 regulace vyt\u00e1p\u011bn\u00ed ETATHERM  k individu\u00e1ln\u00ed regulaci vyt\u00e1p\u011bn\u00ed jednotliv\u00fdch m\u00edstnost\u00ed\",\"publisher\":{\"@id\":\"https:\/\/nove.etatherm.cz\/cz\/#organization\"},\"potentialAction\":[{\"@type\":\"SearchAction\",\"target\":{\"@type\":\"EntryPoint\",\"urlTemplate\":\"https:\/\/nove.etatherm.cz\/cz\/?s={search_term_string}\"},\"query-input\":\"required name=search_term_string\"}],\"inLanguage\":\"cs\"},{\"@type\":\"Organization\",\"@id\":\"https:\/\/nove.etatherm.cz\/cz\/#organization\",\"name\":\"Etatherm s.r.o.\",\"url\":\"https:\/\/nove.etatherm.cz\/cz\/\",\"logo\":{\"@type\":\"ImageObject\",\"inLanguage\":\"cs\",\"@id\":\"https:\/\/nove.etatherm.cz\/cz\/#\/schema\/logo\/image\/\",\"url\":\"https:\/\/nove.etatherm.cz\/cz\/wp-content\/uploads\/2025\/01\/etatherm-logo.png\",\"contentUrl\":\"https:\/\/nove.etatherm.cz\/cz\/wp-content\/uploads\/2025\/01\/etatherm-logo.png\",\"width\":119,\"height\":53,\"caption\":\"Etatherm s.r.o.\"},\"image\":{\"@id\":\"https:\/\/nove.etatherm.cz\/cz\/#\/schema\/logo\/image\/\"}}]}<\/script>\n<!-- \/ Yoast SEO plugin. -->","yoast_head_json":{"title":"\u00davod - Etatherm s.r.o.","description":"Regulace vyt\u00e1p\u011bn\u00ed jednotliv\u00fdch m\u00edstnost\u00ed podle nejr\u016fzn\u011bj\u0161\u00edch po\u017eadavk\u016f pro radi\u00e1torov\u00e9, podlahov\u00e9 a jin\u00e9 syst\u00e9my (teplovodn\u00ed i elektrick\u00e9)","robots":{"index":"index","follow":"follow","max-snippet":"max-snippet:-1","max-image-preview":"max-image-preview:large","max-video-preview":"max-video-preview:-1"},"canonical":"https:\/\/nove.etatherm.cz\/cz\/","og_locale":"cs_CZ","og_type":"article","og_title":"\u00davod - Etatherm s.r.o.","og_description":"Regulace vyt\u00e1p\u011bn\u00ed jednotliv\u00fdch m\u00edstnost\u00ed podle nejr\u016fzn\u011bj\u0161\u00edch po\u017eadavk\u016f pro radi\u00e1torov\u00e9, podlahov\u00e9 a jin\u00e9 syst\u00e9my (teplovodn\u00ed i elektrick\u00e9)","og_url":"https:\/\/nove.etatherm.cz\/cz\/","og_site_name":"Etatherm s.r.o.","article_modified_time":"2025-06-12T10:09:36+00:00","og_image":[{"url":"https:\/\/nove.etatherm.cz\/cz\/wp-content\/uploads\/2025\/06\/banner2.png"}],"twitter_card":"summary_large_image","twitter_misc":{"Est. reading time":"2 minuty"},"schema":{"@context":"https:\/\/schema.org","@graph":[{"@type":"WebPage","@id":"https:\/\/nove.etatherm.cz\/cz\/","url":"https:\/\/nove.etatherm.cz\/cz\/","name":"\u00davod - Etatherm s.r.o.","isPartOf":{"@id":"https:\/\/nove.etatherm.cz\/cz\/#website"},"datePublished":"2025-01-23T13:06:11+00:00","dateModified":"2025-06-12T10:09:36+00:00","description":"Regulace vyt\u00e1p\u011bn\u00ed jednotliv\u00fdch m\u00edstnost\u00ed podle nejr\u016fzn\u011bj\u0161\u00edch po\u017eadavk\u016f pro radi\u00e1torov\u00e9, podlahov\u00e9 a jin\u00e9 syst\u00e9my (teplovodn\u00ed i elektrick\u00e9)","breadcrumb":{"@id":"https:\/\/nove.etatherm.cz\/cz\/#breadcrumb"},"inLanguage":"cs","potentialAction":[{"@type":"ReadAction","target":["https:\/\/nove.etatherm.cz\/cz\/"]}]},{"@type":"BreadcrumbList","@id":"https:\/\/nove.etatherm.cz\/cz\/#breadcrumb","itemListElement":[{"@type":"ListItem","position":1,"name":"\u00davod","item":"https:\/\/nove.etatherm.cz\/cz\/"},{"@type":"ListItem","position":2,"name":"\u00davod"}]},{"@type":"WebSite","@id":"https:\/\/nove.etatherm.cz\/cz\/#website","url":"https:\/\/nove.etatherm.cz\/cz\/","name":"Etatherm s.r.o.","description":"Programov\u011b \u0159\u00edzen\u00e1 regulace vyt\u00e1p\u011bn\u00ed ETATHERM  k individu\u00e1ln\u00ed regulaci vyt\u00e1p\u011bn\u00ed jednotliv\u00fdch m\u00edstnost\u00ed","publisher":{"@id":"https:\/\/nove.etatherm.cz\/cz\/#organization"},"potentialAction":[{"@type":"SearchAction","target":{"@type":"EntryPoint","urlTemplate":"https:\/\/nove.etatherm.cz\/cz\/?s={search_term_string}"},"query-input":"required name=search_term_string"}],"inLanguage":"cs"},{"@type":"Organization","@id":"https:\/\/nove.etatherm.cz\/cz\/#organization","name":"Etatherm s.r.o.","url":"https:\/\/nove.etatherm.cz\/cz\/","logo":{"@type":"ImageObject","inLanguage":"cs","@id":"https:\/\/nove.etatherm.cz\/cz\/#\/schema\/logo\/image\/","url":"https:\/\/nove.etatherm.cz\/cz\/wp-content\/uploads\/2025\/01\/etatherm-logo.png","contentUrl":"https:\/\/nove.etatherm.cz\/cz\/wp-content\/uploads\/2025\/01\/etatherm-logo.png","width":119,"height":53,"caption":"Etatherm s.r.o."},"image":{"@id":"https:\/\/nove.etatherm.cz\/cz\/#\/schema\/logo\/image\/"}}]}},"_links":{"self":[{"href":"https:\/\/nove.etatherm.cz\/cz\/wp-json\/wp\/v2\/pages\/8","targetHints":{"allow":["GET"]}}],"collection":[{"href":"https:\/\/nove.etatherm.cz\/cz\/wp-json\/wp\/v2\/pages"}],"about":[{"href":"https:\/\/nove.etatherm.cz\/cz\/wp-json\/wp\/v2\/types\/page"}],"author":[{"embeddable":true,"href":"https:\/\/nove.etatherm.cz\/cz\/wp-json\/wp\/v2\/users\/1"}],"replies":[{"embeddable":true,"href":"https:\/\/nove.etatherm.cz\/cz\/wp-json\/wp\/v2\/comments?post=8"}],"version-history":[{"count":22,"href":"https:\/\/nove.etatherm.cz\/cz\/wp-json\/wp\/v2\/pages\/8\/revisions"}],"predecessor-version":[{"id":406,"href":"https:\/\/nove.etatherm.cz\/cz\/wp-json\/wp\/v2\/pages\/8\/revisions\/406"}],"wp:attachment":[{"href":"https:\/\/nove.etatherm.cz\/cz\/wp-json\/wp\/v2\/media?parent=8"}],"curies":[{"name":"wp","href":"https:\/\/api.w.org\/{rel}","templated":true}]}}