{"id":480,"date":"2026-03-28T17:36:39","date_gmt":"2026-03-28T16:36:39","guid":{"rendered":"https:\/\/nove.etatherm.cz\/cz\/?page_id=480"},"modified":"2026-03-28T18:20:04","modified_gmt":"2026-03-28T17:20:04","slug":"dokumenty","status":"publish","type":"page","link":"https:\/\/nove.etatherm.cz\/cz\/podpora\/dokumenty\/","title":{"rendered":"Dokumenty"},"content":{"rendered":"\n<h1 class=\"wp-block-heading\">Dokumenty<\/h1>\n\n\n\n<p>Dokumenty firmy Etatherm k prohl\u00ed\u017een\u00ed a ke sta\u017een\u00ed<\/p>\n\n\n\n<p><a href=\"https:\/\/www.etatherm.cz\/special\/es.pdf\">ES PROHL\u00c1\u0160EN\u00cd O SHOD\u011a<\/a> (ve form\u00e1tu &#8222;.pdf&#8220;) pro regula\u010dn\u00ed soupravu.<\/p>\n\n\n\n<p><a href=\"https:\/\/www.etatherm.cz\/special\/GS12E-xx.pdf\">ES PROHL\u00c1\u0160EN\u00cd O SHOD\u011a<\/a> (ve form\u00e1tu &#8222;.pdf&#8220;) pro nap\u00e1jec\u00ed zdroj Mean Well GS12E12-P1I.<\/p>\n\n\n\n<p><a href=\"https:\/\/nove.etatherm.cz\/cz\/wp-content\/uploads\/2026\/03\/etatherm-shoda-se-zakonem-406-2000-tisk.pdf\">PROHL\u00c1\u0160EN\u00cd o shod\u011b se z\u00e1konem \u010d.406\/2000 Sb.<\/a> (ve form\u00e1tu &#8222;.pdf&#8220;) pro regula\u010dn\u00ed soupravu.<\/p>\n\n\n\n<p><\/p>\n","protected":false},"excerpt":{"rendered":"<p>Dokumenty Dokumenty firmy Etatherm k prohl\u00ed\u017een\u00ed a ke sta\u017een\u00ed ES PROHL\u00c1\u0160EN\u00cd O SHOD\u011a (ve form\u00e1tu &#8222;.pdf&#8220;) pro regula\u010dn\u00ed soupravu. ES PROHL\u00c1\u0160EN\u00cd O SHOD\u011a (ve form\u00e1tu&hellip;<\/p>\n","protected":false},"author":1,"featured_media":0,"parent":12,"menu_order":0,"comment_status":"closed","ping_status":"closed","template":"","meta":{"footnotes":""},"class_list":["post-480","page","type-page","status-publish","hentry"],"yoast_head":"<!-- This site is optimized with the Yoast SEO plugin v20.4 - https:\/\/yoast.com\/wordpress\/plugins\/seo\/ -->\n<title>Dokumenty - Etatherm s.r.o.<\/title>\n<meta name=\"robots\" content=\"index, follow, max-snippet:-1, max-image-preview:large, max-video-preview:-1\" \/>\n<link rel=\"canonical\" href=\"https:\/\/nove.etatherm.cz\/cz\/podpora\/dokumenty\/\" \/>\n<meta property=\"og:locale\" content=\"cs_CZ\" \/>\n<meta property=\"og:type\" content=\"article\" \/>\n<meta property=\"og:title\" content=\"Dokumenty - Etatherm s.r.o.\" \/>\n<meta property=\"og:description\" content=\"Dokumenty Dokumenty firmy Etatherm k prohl\u00ed\u017een\u00ed a ke sta\u017een\u00ed ES PROHL\u00c1\u0160EN\u00cd O SHOD\u011a (ve form\u00e1tu &#8222;.pdf&#8220;) pro regula\u010dn\u00ed soupravu. ES PROHL\u00c1\u0160EN\u00cd O SHOD\u011a (ve form\u00e1tu&hellip;\" \/>\n<meta property=\"og:url\" content=\"https:\/\/nove.etatherm.cz\/cz\/podpora\/dokumenty\/\" \/>\n<meta property=\"og:site_name\" content=\"Etatherm s.r.o.\" \/>\n<meta property=\"article:modified_time\" content=\"2026-03-28T17:20:04+00:00\" \/>\n<meta name=\"twitter:card\" content=\"summary_large_image\" \/>\n<meta name=\"twitter:label1\" content=\"Est. reading time\" \/>\n\t<meta name=\"twitter:data1\" content=\"1 minuta\" \/>\n<script type=\"application\/ld+json\" class=\"yoast-schema-graph\">{\"@context\":\"https:\/\/schema.org\",\"@graph\":[{\"@type\":\"WebPage\",\"@id\":\"https:\/\/nove.etatherm.cz\/cz\/podpora\/dokumenty\/\",\"url\":\"https:\/\/nove.etatherm.cz\/cz\/podpora\/dokumenty\/\",\"name\":\"Dokumenty - Etatherm s.r.o.\",\"isPartOf\":{\"@id\":\"https:\/\/nove.etatherm.cz\/cz\/#website\"},\"datePublished\":\"2026-03-28T16:36:39+00:00\",\"dateModified\":\"2026-03-28T17:20:04+00:00\",\"breadcrumb\":{\"@id\":\"https:\/\/nove.etatherm.cz\/cz\/podpora\/dokumenty\/#breadcrumb\"},\"inLanguage\":\"cs\",\"potentialAction\":[{\"@type\":\"ReadAction\",\"target\":[\"https:\/\/nove.etatherm.cz\/cz\/podpora\/dokumenty\/\"]}]},{\"@type\":\"BreadcrumbList\",\"@id\":\"https:\/\/nove.etatherm.cz\/cz\/podpora\/dokumenty\/#breadcrumb\",\"itemListElement\":[{\"@type\":\"ListItem\",\"position\":1,\"name\":\"\u00davod\",\"item\":\"https:\/\/nove.etatherm.cz\/cz\/\"},{\"@type\":\"ListItem\",\"position\":2,\"name\":\"Podpora\",\"item\":\"https:\/\/nove.etatherm.cz\/cz\/podpora\/\"},{\"@type\":\"ListItem\",\"position\":3,\"name\":\"Dokumenty\"}]},{\"@type\":\"WebSite\",\"@id\":\"https:\/\/nove.etatherm.cz\/cz\/#website\",\"url\":\"https:\/\/nove.etatherm.cz\/cz\/\",\"name\":\"Etatherm s.r.o.\",\"description\":\"Programov\u011b \u0159\u00edzen\u00e1 regulace vyt\u00e1p\u011bn\u00ed ETATHERM  k individu\u00e1ln\u00ed regulaci vyt\u00e1p\u011bn\u00ed jednotliv\u00fdch m\u00edstnost\u00ed\",\"publisher\":{\"@id\":\"https:\/\/nove.etatherm.cz\/cz\/#organization\"},\"potentialAction\":[{\"@type\":\"SearchAction\",\"target\":{\"@type\":\"EntryPoint\",\"urlTemplate\":\"https:\/\/nove.etatherm.cz\/cz\/?s={search_term_string}\"},\"query-input\":\"required name=search_term_string\"}],\"inLanguage\":\"cs\"},{\"@type\":\"Organization\",\"@id\":\"https:\/\/nove.etatherm.cz\/cz\/#organization\",\"name\":\"Etatherm s.r.o.\",\"url\":\"https:\/\/nove.etatherm.cz\/cz\/\",\"logo\":{\"@type\":\"ImageObject\",\"inLanguage\":\"cs\",\"@id\":\"https:\/\/nove.etatherm.cz\/cz\/#\/schema\/logo\/image\/\",\"url\":\"https:\/\/nove.etatherm.cz\/cz\/wp-content\/uploads\/2025\/01\/etatherm-logo.png\",\"contentUrl\":\"https:\/\/nove.etatherm.cz\/cz\/wp-content\/uploads\/2025\/01\/etatherm-logo.png\",\"width\":119,\"height\":53,\"caption\":\"Etatherm s.r.o.\"},\"image\":{\"@id\":\"https:\/\/nove.etatherm.cz\/cz\/#\/schema\/logo\/image\/\"}}]}<\/script>\n<!-- \/ Yoast SEO plugin. -->","yoast_head_json":{"title":"Dokumenty - Etatherm s.r.o.","robots":{"index":"index","follow":"follow","max-snippet":"max-snippet:-1","max-image-preview":"max-image-preview:large","max-video-preview":"max-video-preview:-1"},"canonical":"https:\/\/nove.etatherm.cz\/cz\/podpora\/dokumenty\/","og_locale":"cs_CZ","og_type":"article","og_title":"Dokumenty - Etatherm s.r.o.","og_description":"Dokumenty Dokumenty firmy Etatherm k prohl\u00ed\u017een\u00ed a ke sta\u017een\u00ed ES PROHL\u00c1\u0160EN\u00cd O SHOD\u011a (ve form\u00e1tu &#8222;.pdf&#8220;) pro regula\u010dn\u00ed soupravu. ES PROHL\u00c1\u0160EN\u00cd O SHOD\u011a (ve form\u00e1tu&hellip;","og_url":"https:\/\/nove.etatherm.cz\/cz\/podpora\/dokumenty\/","og_site_name":"Etatherm s.r.o.","article_modified_time":"2026-03-28T17:20:04+00:00","twitter_card":"summary_large_image","twitter_misc":{"Est. reading time":"1 minuta"},"schema":{"@context":"https:\/\/schema.org","@graph":[{"@type":"WebPage","@id":"https:\/\/nove.etatherm.cz\/cz\/podpora\/dokumenty\/","url":"https:\/\/nove.etatherm.cz\/cz\/podpora\/dokumenty\/","name":"Dokumenty - Etatherm s.r.o.","isPartOf":{"@id":"https:\/\/nove.etatherm.cz\/cz\/#website"},"datePublished":"2026-03-28T16:36:39+00:00","dateModified":"2026-03-28T17:20:04+00:00","breadcrumb":{"@id":"https:\/\/nove.etatherm.cz\/cz\/podpora\/dokumenty\/#breadcrumb"},"inLanguage":"cs","potentialAction":[{"@type":"ReadAction","target":["https:\/\/nove.etatherm.cz\/cz\/podpora\/dokumenty\/"]}]},{"@type":"BreadcrumbList","@id":"https:\/\/nove.etatherm.cz\/cz\/podpora\/dokumenty\/#breadcrumb","itemListElement":[{"@type":"ListItem","position":1,"name":"\u00davod","item":"https:\/\/nove.etatherm.cz\/cz\/"},{"@type":"ListItem","position":2,"name":"Podpora","item":"https:\/\/nove.etatherm.cz\/cz\/podpora\/"},{"@type":"ListItem","position":3,"name":"Dokumenty"}]},{"@type":"WebSite","@id":"https:\/\/nove.etatherm.cz\/cz\/#website","url":"https:\/\/nove.etatherm.cz\/cz\/","name":"Etatherm s.r.o.","description":"Programov\u011b \u0159\u00edzen\u00e1 regulace vyt\u00e1p\u011bn\u00ed ETATHERM  k individu\u00e1ln\u00ed regulaci vyt\u00e1p\u011bn\u00ed jednotliv\u00fdch m\u00edstnost\u00ed","publisher":{"@id":"https:\/\/nove.etatherm.cz\/cz\/#organization"},"potentialAction":[{"@type":"SearchAction","target":{"@type":"EntryPoint","urlTemplate":"https:\/\/nove.etatherm.cz\/cz\/?s={search_term_string}"},"query-input":"required name=search_term_string"}],"inLanguage":"cs"},{"@type":"Organization","@id":"https:\/\/nove.etatherm.cz\/cz\/#organization","name":"Etatherm s.r.o.","url":"https:\/\/nove.etatherm.cz\/cz\/","logo":{"@type":"ImageObject","inLanguage":"cs","@id":"https:\/\/nove.etatherm.cz\/cz\/#\/schema\/logo\/image\/","url":"https:\/\/nove.etatherm.cz\/cz\/wp-content\/uploads\/2025\/01\/etatherm-logo.png","contentUrl":"https:\/\/nove.etatherm.cz\/cz\/wp-content\/uploads\/2025\/01\/etatherm-logo.png","width":119,"height":53,"caption":"Etatherm s.r.o."},"image":{"@id":"https:\/\/nove.etatherm.cz\/cz\/#\/schema\/logo\/image\/"}}]}},"_links":{"self":[{"href":"https:\/\/nove.etatherm.cz\/cz\/wp-json\/wp\/v2\/pages\/480","targetHints":{"allow":["GET"]}}],"collection":[{"href":"https:\/\/nove.etatherm.cz\/cz\/wp-json\/wp\/v2\/pages"}],"about":[{"href":"https:\/\/nove.etatherm.cz\/cz\/wp-json\/wp\/v2\/types\/page"}],"author":[{"embeddable":true,"href":"https:\/\/nove.etatherm.cz\/cz\/wp-json\/wp\/v2\/users\/1"}],"replies":[{"embeddable":true,"href":"https:\/\/nove.etatherm.cz\/cz\/wp-json\/wp\/v2\/comments?post=480"}],"version-history":[{"count":3,"href":"https:\/\/nove.etatherm.cz\/cz\/wp-json\/wp\/v2\/pages\/480\/revisions"}],"predecessor-version":[{"id":500,"href":"https:\/\/nove.etatherm.cz\/cz\/wp-json\/wp\/v2\/pages\/480\/revisions\/500"}],"up":[{"embeddable":true,"href":"https:\/\/nove.etatherm.cz\/cz\/wp-json\/wp\/v2\/pages\/12"}],"wp:attachment":[{"href":"https:\/\/nove.etatherm.cz\/cz\/wp-json\/wp\/v2\/media?parent=480"}],"curies":[{"name":"wp","href":"https:\/\/api.w.org\/{rel}","templated":true}]}}