{"id":470,"date":"2025-09-12T08:20:52","date_gmt":"2025-09-12T06:20:52","guid":{"rendered":"https:\/\/nove.etatherm.cz\/cz\/?page_id=470"},"modified":"2025-09-12T08:29:23","modified_gmt":"2025-09-12T06:29:23","slug":"aten-uc232a","status":"publish","type":"page","link":"https:\/\/nove.etatherm.cz\/cz\/podpora\/download\/aten-uc232a\/","title":{"rendered":"Aten-uc232a"},"content":{"rendered":"\n<h1 class=\"wp-block-heading\">Driver pro konvertor ATEN UC-232A<\/h1>\n\n\n\n<p>Adapt\u00e9r ATEN UC-232A slou\u017e\u00ed pro p\u0159ipojen\u00ed s\u00e9riov\u00e9ho za\u0159\u00edzen\u00ed do PC p\u0159es USB. Podporu verze Windows XP\/Vista\/7\/8\/10\/11.<\/p>\n\n\n\n<p>Podrobn\u011bj\u0161\u00ed popis najdete na str\u00e1nk\u00e1ch v\u00fdrobce: <a href=\"https:\/\/www.aten.com\/global\/en\/products\/usb-solutions\/converters\/uc232a\/\">https:\/\/www.aten.com\/global\/en\/products\/usb-solutions\/converters\/uc232a\/<\/a><\/p>\n\n\n\n<div class=\"wp-block-buttons is-layout-flex wp-block-buttons-is-layout-flex\">\n<div class=\"wp-block-button\"><a class=\"wp-block-button__link has-black-color has-luminous-vivid-orange-background-color has-text-color has-background has-link-color wp-element-button\" href=\"https:\/\/www.etatherm.cz\/sw\/uc232a_windows_setup_v1.0.084.exe\" target=\"_blank\" rel=\"noreferrer noopener\"><strong>St\u00e1hnout driver pro ATEN UC-232A<\/strong><\/a><\/div>\n<\/div>\n\n\n\n<p><\/p>\n","protected":false},"excerpt":{"rendered":"<p>Driver pro konvertor ATEN UC-232A Adapt\u00e9r ATEN UC-232A slou\u017e\u00ed pro p\u0159ipojen\u00ed s\u00e9riov\u00e9ho za\u0159\u00edzen\u00ed do PC p\u0159es USB. Podporu verze Windows XP\/Vista\/7\/8\/10\/11. Podrobn\u011bj\u0161\u00ed popis najdete na&hellip;<\/p>\n","protected":false},"author":1,"featured_media":0,"parent":422,"menu_order":0,"comment_status":"closed","ping_status":"closed","template":"","meta":{"footnotes":""},"class_list":["post-470","page","type-page","status-publish","hentry"],"yoast_head":"<!-- This site is optimized with the Yoast SEO plugin v20.4 - https:\/\/yoast.com\/wordpress\/plugins\/seo\/ -->\n<title>Aten-uc232a - Etatherm s.r.o.<\/title>\n<meta name=\"robots\" content=\"index, follow, max-snippet:-1, max-image-preview:large, max-video-preview:-1\" \/>\n<link rel=\"canonical\" href=\"https:\/\/nove.etatherm.cz\/cz\/podpora\/download\/aten-uc232a\/\" \/>\n<meta property=\"og:locale\" content=\"cs_CZ\" \/>\n<meta property=\"og:type\" content=\"article\" \/>\n<meta property=\"og:title\" content=\"Aten-uc232a - Etatherm s.r.o.\" \/>\n<meta property=\"og:description\" content=\"Driver pro konvertor ATEN UC-232A Adapt\u00e9r ATEN UC-232A slou\u017e\u00ed pro p\u0159ipojen\u00ed s\u00e9riov\u00e9ho za\u0159\u00edzen\u00ed do PC p\u0159es USB. Podporu verze Windows XP\/Vista\/7\/8\/10\/11. Podrobn\u011bj\u0161\u00ed popis najdete na&hellip;\" \/>\n<meta property=\"og:url\" content=\"https:\/\/nove.etatherm.cz\/cz\/podpora\/download\/aten-uc232a\/\" \/>\n<meta property=\"og:site_name\" content=\"Etatherm s.r.o.\" \/>\n<meta property=\"article:modified_time\" content=\"2025-09-12T06:29:23+00:00\" \/>\n<meta name=\"twitter:card\" content=\"summary_large_image\" \/>\n<meta name=\"twitter:label1\" content=\"Est. reading time\" \/>\n\t<meta name=\"twitter:data1\" content=\"1 minuta\" \/>\n<script type=\"application\/ld+json\" class=\"yoast-schema-graph\">{\"@context\":\"https:\/\/schema.org\",\"@graph\":[{\"@type\":\"WebPage\",\"@id\":\"https:\/\/nove.etatherm.cz\/cz\/podpora\/download\/aten-uc232a\/\",\"url\":\"https:\/\/nove.etatherm.cz\/cz\/podpora\/download\/aten-uc232a\/\",\"name\":\"Aten-uc232a - Etatherm s.r.o.\",\"isPartOf\":{\"@id\":\"https:\/\/nove.etatherm.cz\/cz\/#website\"},\"datePublished\":\"2025-09-12T06:20:52+00:00\",\"dateModified\":\"2025-09-12T06:29:23+00:00\",\"breadcrumb\":{\"@id\":\"https:\/\/nove.etatherm.cz\/cz\/podpora\/download\/aten-uc232a\/#breadcrumb\"},\"inLanguage\":\"cs\",\"potentialAction\":[{\"@type\":\"ReadAction\",\"target\":[\"https:\/\/nove.etatherm.cz\/cz\/podpora\/download\/aten-uc232a\/\"]}]},{\"@type\":\"BreadcrumbList\",\"@id\":\"https:\/\/nove.etatherm.cz\/cz\/podpora\/download\/aten-uc232a\/#breadcrumb\",\"itemListElement\":[{\"@type\":\"ListItem\",\"position\":1,\"name\":\"\u00davod\",\"item\":\"https:\/\/nove.etatherm.cz\/cz\/\"},{\"@type\":\"ListItem\",\"position\":2,\"name\":\"Podpora\",\"item\":\"https:\/\/nove.etatherm.cz\/cz\/podpora\/\"},{\"@type\":\"ListItem\",\"position\":3,\"name\":\"Download\",\"item\":\"https:\/\/nove.etatherm.cz\/cz\/podpora\/download\/\"},{\"@type\":\"ListItem\",\"position\":4,\"name\":\"Aten-uc232a\"}]},{\"@type\":\"WebSite\",\"@id\":\"https:\/\/nove.etatherm.cz\/cz\/#website\",\"url\":\"https:\/\/nove.etatherm.cz\/cz\/\",\"name\":\"Etatherm s.r.o.\",\"description\":\"Programov\u011b \u0159\u00edzen\u00e1 regulace vyt\u00e1p\u011bn\u00ed ETATHERM  k individu\u00e1ln\u00ed regulaci vyt\u00e1p\u011bn\u00ed jednotliv\u00fdch m\u00edstnost\u00ed\",\"publisher\":{\"@id\":\"https:\/\/nove.etatherm.cz\/cz\/#organization\"},\"potentialAction\":[{\"@type\":\"SearchAction\",\"target\":{\"@type\":\"EntryPoint\",\"urlTemplate\":\"https:\/\/nove.etatherm.cz\/cz\/?s={search_term_string}\"},\"query-input\":\"required name=search_term_string\"}],\"inLanguage\":\"cs\"},{\"@type\":\"Organization\",\"@id\":\"https:\/\/nove.etatherm.cz\/cz\/#organization\",\"name\":\"Etatherm s.r.o.\",\"url\":\"https:\/\/nove.etatherm.cz\/cz\/\",\"logo\":{\"@type\":\"ImageObject\",\"inLanguage\":\"cs\",\"@id\":\"https:\/\/nove.etatherm.cz\/cz\/#\/schema\/logo\/image\/\",\"url\":\"https:\/\/nove.etatherm.cz\/cz\/wp-content\/uploads\/2025\/01\/etatherm-logo.png\",\"contentUrl\":\"https:\/\/nove.etatherm.cz\/cz\/wp-content\/uploads\/2025\/01\/etatherm-logo.png\",\"width\":119,\"height\":53,\"caption\":\"Etatherm s.r.o.\"},\"image\":{\"@id\":\"https:\/\/nove.etatherm.cz\/cz\/#\/schema\/logo\/image\/\"}}]}<\/script>\n<!-- \/ Yoast SEO plugin. -->","yoast_head_json":{"title":"Aten-uc232a - Etatherm s.r.o.","robots":{"index":"index","follow":"follow","max-snippet":"max-snippet:-1","max-image-preview":"max-image-preview:large","max-video-preview":"max-video-preview:-1"},"canonical":"https:\/\/nove.etatherm.cz\/cz\/podpora\/download\/aten-uc232a\/","og_locale":"cs_CZ","og_type":"article","og_title":"Aten-uc232a - Etatherm s.r.o.","og_description":"Driver pro konvertor ATEN UC-232A Adapt\u00e9r ATEN UC-232A slou\u017e\u00ed pro p\u0159ipojen\u00ed s\u00e9riov\u00e9ho za\u0159\u00edzen\u00ed do PC p\u0159es USB. Podporu verze Windows XP\/Vista\/7\/8\/10\/11. Podrobn\u011bj\u0161\u00ed popis najdete na&hellip;","og_url":"https:\/\/nove.etatherm.cz\/cz\/podpora\/download\/aten-uc232a\/","og_site_name":"Etatherm s.r.o.","article_modified_time":"2025-09-12T06:29:23+00:00","twitter_card":"summary_large_image","twitter_misc":{"Est. reading time":"1 minuta"},"schema":{"@context":"https:\/\/schema.org","@graph":[{"@type":"WebPage","@id":"https:\/\/nove.etatherm.cz\/cz\/podpora\/download\/aten-uc232a\/","url":"https:\/\/nove.etatherm.cz\/cz\/podpora\/download\/aten-uc232a\/","name":"Aten-uc232a - Etatherm s.r.o.","isPartOf":{"@id":"https:\/\/nove.etatherm.cz\/cz\/#website"},"datePublished":"2025-09-12T06:20:52+00:00","dateModified":"2025-09-12T06:29:23+00:00","breadcrumb":{"@id":"https:\/\/nove.etatherm.cz\/cz\/podpora\/download\/aten-uc232a\/#breadcrumb"},"inLanguage":"cs","potentialAction":[{"@type":"ReadAction","target":["https:\/\/nove.etatherm.cz\/cz\/podpora\/download\/aten-uc232a\/"]}]},{"@type":"BreadcrumbList","@id":"https:\/\/nove.etatherm.cz\/cz\/podpora\/download\/aten-uc232a\/#breadcrumb","itemListElement":[{"@type":"ListItem","position":1,"name":"\u00davod","item":"https:\/\/nove.etatherm.cz\/cz\/"},{"@type":"ListItem","position":2,"name":"Podpora","item":"https:\/\/nove.etatherm.cz\/cz\/podpora\/"},{"@type":"ListItem","position":3,"name":"Download","item":"https:\/\/nove.etatherm.cz\/cz\/podpora\/download\/"},{"@type":"ListItem","position":4,"name":"Aten-uc232a"}]},{"@type":"WebSite","@id":"https:\/\/nove.etatherm.cz\/cz\/#website","url":"https:\/\/nove.etatherm.cz\/cz\/","name":"Etatherm s.r.o.","description":"Programov\u011b \u0159\u00edzen\u00e1 regulace vyt\u00e1p\u011bn\u00ed ETATHERM  k individu\u00e1ln\u00ed regulaci vyt\u00e1p\u011bn\u00ed jednotliv\u00fdch m\u00edstnost\u00ed","publisher":{"@id":"https:\/\/nove.etatherm.cz\/cz\/#organization"},"potentialAction":[{"@type":"SearchAction","target":{"@type":"EntryPoint","urlTemplate":"https:\/\/nove.etatherm.cz\/cz\/?s={search_term_string}"},"query-input":"required name=search_term_string"}],"inLanguage":"cs"},{"@type":"Organization","@id":"https:\/\/nove.etatherm.cz\/cz\/#organization","name":"Etatherm s.r.o.","url":"https:\/\/nove.etatherm.cz\/cz\/","logo":{"@type":"ImageObject","inLanguage":"cs","@id":"https:\/\/nove.etatherm.cz\/cz\/#\/schema\/logo\/image\/","url":"https:\/\/nove.etatherm.cz\/cz\/wp-content\/uploads\/2025\/01\/etatherm-logo.png","contentUrl":"https:\/\/nove.etatherm.cz\/cz\/wp-content\/uploads\/2025\/01\/etatherm-logo.png","width":119,"height":53,"caption":"Etatherm s.r.o."},"image":{"@id":"https:\/\/nove.etatherm.cz\/cz\/#\/schema\/logo\/image\/"}}]}},"_links":{"self":[{"href":"https:\/\/nove.etatherm.cz\/cz\/wp-json\/wp\/v2\/pages\/470","targetHints":{"allow":["GET"]}}],"collection":[{"href":"https:\/\/nove.etatherm.cz\/cz\/wp-json\/wp\/v2\/pages"}],"about":[{"href":"https:\/\/nove.etatherm.cz\/cz\/wp-json\/wp\/v2\/types\/page"}],"author":[{"embeddable":true,"href":"https:\/\/nove.etatherm.cz\/cz\/wp-json\/wp\/v2\/users\/1"}],"replies":[{"embeddable":true,"href":"https:\/\/nove.etatherm.cz\/cz\/wp-json\/wp\/v2\/comments?post=470"}],"version-history":[{"count":2,"href":"https:\/\/nove.etatherm.cz\/cz\/wp-json\/wp\/v2\/pages\/470\/revisions"}],"predecessor-version":[{"id":478,"href":"https:\/\/nove.etatherm.cz\/cz\/wp-json\/wp\/v2\/pages\/470\/revisions\/478"}],"up":[{"embeddable":true,"href":"https:\/\/nove.etatherm.cz\/cz\/wp-json\/wp\/v2\/pages\/422"}],"wp:attachment":[{"href":"https:\/\/nove.etatherm.cz\/cz\/wp-json\/wp\/v2\/media?parent=470"}],"curies":[{"name":"wp","href":"https:\/\/api.w.org\/{rel}","templated":true}]}}