{"id":463,"date":"2025-08-22T14:13:34","date_gmt":"2025-08-22T12:13:34","guid":{"rendered":"https:\/\/nove.etatherm.cz\/cz\/?page_id=463"},"modified":"2025-08-22T14:32:17","modified_gmt":"2025-08-22T12:32:17","slug":"fwwe","status":"publish","type":"page","link":"https:\/\/nove.etatherm.cz\/cz\/podpora\/download\/fwwe\/","title":{"rendered":"fwwe"},"content":{"rendered":"\n<h1 class=\"wp-block-heading\">Firmware pro webov\u00e9 servery WE<\/h1>\n\n\n\n<p>Zde je mo\u017en\u00e9 si st\u00e1hnout soubory firmware pro webov\u00e9 servery WE, kter\u00e9 jsou vestav\u011bny do \u0159\u00edd\u00edc\u00edch jednotek ETH1eC a ETH1eD. Firmware je mo\u017en\u00e9 nahr\u00e1t do serveru pomoc\u00ed jeho webov\u00e9ho rozhran\u00ed, p\u0159es str\u00e1nku &#8222;Aktualizace firmware&#8220;. Soubor firmware pro ur\u010dit\u00fd webov\u00fd server WE. m\u00e1 v\u017edy n\u00e1zev &#8222;weY-XXX.eth&#8220;, kde &#8222;Y&#8220;je \u010d\u00edslo typu WE a &#8222;XXX&#8220; je \u010d\u00edslo programov\u00e9 verze. Na pou\u017eit\u00ed nepat\u0159i\u010dn\u00e9ho aktualiza\u010dn\u00edho souboru V\u00e1s server upozorn\u00ed. Pokud aktualizace z jak\u00e9hokoliv d\u016fvodu neprob\u011bhne \u00fasp\u011b\u0161n\u011b, p\u0159ihlaste se znovu a opakujte ji.<\/p>\n\n\n\n<hr class=\"wp-block-separator has-alpha-channel-opacity is-style-wide\"\/>\n\n\n\n<p>Firmware pro server WE3 vestav\u011bn\u00fd do \u0159\u00edd\u00edc\u00ed jednotky ETH1eD (verze: 376, datum vyd\u00e1n\u00ed: 21.2.2025)<\/p>\n\n\n\n<div class=\"wp-block-buttons is-layout-flex wp-block-buttons-is-layout-flex\">\n<div class=\"wp-block-button\"><a class=\"wp-block-button__link has-black-color has-luminous-vivid-orange-background-color has-text-color has-background has-link-color wp-element-button\" href=\"https:\/\/www.etatherm.cz\/sw\/we3\/we3-376.eth\"><strong>WE3-376.eth<\/strong><\/a><\/div>\n<\/div>\n\n\n\n<hr class=\"wp-block-separator has-alpha-channel-opacity is-style-wide\"\/>\n\n\n\n<p>Firmware pro server WE2 vestav\u011bn\u00fd do \u0159\u00edd\u00edc\u00ed jednotky ETH1eC (verze: 346, datum vyd\u00e1n\u00ed: 21.2.2025)<\/p>\n\n\n\n<div class=\"wp-block-buttons is-layout-flex wp-block-buttons-is-layout-flex\">\n<div class=\"wp-block-button\"><a class=\"wp-block-button__link has-black-color has-luminous-vivid-orange-background-color has-text-color has-background has-link-color wp-element-button\" href=\"https:\/\/www.etatherm.cz\/sw\/we2\/we2-346.eth\"><strong>WE2-346.eth<\/strong><\/a><\/div>\n<\/div>\n\n\n\n<hr class=\"wp-block-separator has-alpha-channel-opacity is-style-wide\"\/>\n\n\n\n<p>Historii programov\u00fdch verz\u00ed naleznete <a href=\"https:\/\/www.etatherm.cz\/cesky\/fwwe1.php\">zde<\/a>.<\/p>\n","protected":false},"excerpt":{"rendered":"<p>Firmware pro webov\u00e9 servery WE Zde je mo\u017en\u00e9 si st\u00e1hnout soubory firmware pro webov\u00e9 servery WE, kter\u00e9 jsou vestav\u011bny do \u0159\u00edd\u00edc\u00edch jednotek ETH1eC a ETH1eD.&hellip;<\/p>\n","protected":false},"author":1,"featured_media":0,"parent":422,"menu_order":0,"comment_status":"closed","ping_status":"closed","template":"","meta":{"footnotes":""},"class_list":["post-463","page","type-page","status-publish","hentry"],"yoast_head":"<!-- This site is optimized with the Yoast SEO plugin v20.4 - https:\/\/yoast.com\/wordpress\/plugins\/seo\/ -->\n<title>fwwe - Etatherm s.r.o.<\/title>\n<meta name=\"robots\" content=\"index, follow, max-snippet:-1, max-image-preview:large, max-video-preview:-1\" \/>\n<link rel=\"canonical\" href=\"https:\/\/nove.etatherm.cz\/cz\/podpora\/download\/fwwe\/\" \/>\n<meta property=\"og:locale\" content=\"cs_CZ\" \/>\n<meta property=\"og:type\" content=\"article\" \/>\n<meta property=\"og:title\" content=\"fwwe - Etatherm s.r.o.\" \/>\n<meta property=\"og:description\" content=\"Firmware pro webov\u00e9 servery WE Zde je mo\u017en\u00e9 si st\u00e1hnout soubory firmware pro webov\u00e9 servery WE, kter\u00e9 jsou vestav\u011bny do \u0159\u00edd\u00edc\u00edch jednotek ETH1eC a ETH1eD.&hellip;\" \/>\n<meta property=\"og:url\" content=\"https:\/\/nove.etatherm.cz\/cz\/podpora\/download\/fwwe\/\" \/>\n<meta property=\"og:site_name\" content=\"Etatherm s.r.o.\" \/>\n<meta property=\"article:modified_time\" content=\"2025-08-22T12:32:17+00:00\" \/>\n<meta name=\"twitter:card\" content=\"summary_large_image\" \/>\n<meta name=\"twitter:label1\" content=\"Est. reading time\" \/>\n\t<meta name=\"twitter:data1\" content=\"1 minuta\" \/>\n<script type=\"application\/ld+json\" class=\"yoast-schema-graph\">{\"@context\":\"https:\/\/schema.org\",\"@graph\":[{\"@type\":\"WebPage\",\"@id\":\"https:\/\/nove.etatherm.cz\/cz\/podpora\/download\/fwwe\/\",\"url\":\"https:\/\/nove.etatherm.cz\/cz\/podpora\/download\/fwwe\/\",\"name\":\"fwwe - Etatherm s.r.o.\",\"isPartOf\":{\"@id\":\"https:\/\/nove.etatherm.cz\/cz\/#website\"},\"datePublished\":\"2025-08-22T12:13:34+00:00\",\"dateModified\":\"2025-08-22T12:32:17+00:00\",\"breadcrumb\":{\"@id\":\"https:\/\/nove.etatherm.cz\/cz\/podpora\/download\/fwwe\/#breadcrumb\"},\"inLanguage\":\"cs\",\"potentialAction\":[{\"@type\":\"ReadAction\",\"target\":[\"https:\/\/nove.etatherm.cz\/cz\/podpora\/download\/fwwe\/\"]}]},{\"@type\":\"BreadcrumbList\",\"@id\":\"https:\/\/nove.etatherm.cz\/cz\/podpora\/download\/fwwe\/#breadcrumb\",\"itemListElement\":[{\"@type\":\"ListItem\",\"position\":1,\"name\":\"\u00davod\",\"item\":\"https:\/\/nove.etatherm.cz\/cz\/\"},{\"@type\":\"ListItem\",\"position\":2,\"name\":\"Podpora\",\"item\":\"https:\/\/nove.etatherm.cz\/cz\/podpora\/\"},{\"@type\":\"ListItem\",\"position\":3,\"name\":\"Download\",\"item\":\"https:\/\/nove.etatherm.cz\/cz\/podpora\/download\/\"},{\"@type\":\"ListItem\",\"position\":4,\"name\":\"fwwe\"}]},{\"@type\":\"WebSite\",\"@id\":\"https:\/\/nove.etatherm.cz\/cz\/#website\",\"url\":\"https:\/\/nove.etatherm.cz\/cz\/\",\"name\":\"Etatherm s.r.o.\",\"description\":\"Programov\u011b \u0159\u00edzen\u00e1 regulace vyt\u00e1p\u011bn\u00ed ETATHERM  k individu\u00e1ln\u00ed regulaci vyt\u00e1p\u011bn\u00ed jednotliv\u00fdch m\u00edstnost\u00ed\",\"publisher\":{\"@id\":\"https:\/\/nove.etatherm.cz\/cz\/#organization\"},\"potentialAction\":[{\"@type\":\"SearchAction\",\"target\":{\"@type\":\"EntryPoint\",\"urlTemplate\":\"https:\/\/nove.etatherm.cz\/cz\/?s={search_term_string}\"},\"query-input\":\"required name=search_term_string\"}],\"inLanguage\":\"cs\"},{\"@type\":\"Organization\",\"@id\":\"https:\/\/nove.etatherm.cz\/cz\/#organization\",\"name\":\"Etatherm s.r.o.\",\"url\":\"https:\/\/nove.etatherm.cz\/cz\/\",\"logo\":{\"@type\":\"ImageObject\",\"inLanguage\":\"cs\",\"@id\":\"https:\/\/nove.etatherm.cz\/cz\/#\/schema\/logo\/image\/\",\"url\":\"https:\/\/nove.etatherm.cz\/cz\/wp-content\/uploads\/2025\/01\/etatherm-logo.png\",\"contentUrl\":\"https:\/\/nove.etatherm.cz\/cz\/wp-content\/uploads\/2025\/01\/etatherm-logo.png\",\"width\":119,\"height\":53,\"caption\":\"Etatherm s.r.o.\"},\"image\":{\"@id\":\"https:\/\/nove.etatherm.cz\/cz\/#\/schema\/logo\/image\/\"}}]}<\/script>\n<!-- \/ Yoast SEO plugin. -->","yoast_head_json":{"title":"fwwe - Etatherm s.r.o.","robots":{"index":"index","follow":"follow","max-snippet":"max-snippet:-1","max-image-preview":"max-image-preview:large","max-video-preview":"max-video-preview:-1"},"canonical":"https:\/\/nove.etatherm.cz\/cz\/podpora\/download\/fwwe\/","og_locale":"cs_CZ","og_type":"article","og_title":"fwwe - Etatherm s.r.o.","og_description":"Firmware pro webov\u00e9 servery WE Zde je mo\u017en\u00e9 si st\u00e1hnout soubory firmware pro webov\u00e9 servery WE, kter\u00e9 jsou vestav\u011bny do \u0159\u00edd\u00edc\u00edch jednotek ETH1eC a ETH1eD.&hellip;","og_url":"https:\/\/nove.etatherm.cz\/cz\/podpora\/download\/fwwe\/","og_site_name":"Etatherm s.r.o.","article_modified_time":"2025-08-22T12:32:17+00:00","twitter_card":"summary_large_image","twitter_misc":{"Est. reading time":"1 minuta"},"schema":{"@context":"https:\/\/schema.org","@graph":[{"@type":"WebPage","@id":"https:\/\/nove.etatherm.cz\/cz\/podpora\/download\/fwwe\/","url":"https:\/\/nove.etatherm.cz\/cz\/podpora\/download\/fwwe\/","name":"fwwe - Etatherm s.r.o.","isPartOf":{"@id":"https:\/\/nove.etatherm.cz\/cz\/#website"},"datePublished":"2025-08-22T12:13:34+00:00","dateModified":"2025-08-22T12:32:17+00:00","breadcrumb":{"@id":"https:\/\/nove.etatherm.cz\/cz\/podpora\/download\/fwwe\/#breadcrumb"},"inLanguage":"cs","potentialAction":[{"@type":"ReadAction","target":["https:\/\/nove.etatherm.cz\/cz\/podpora\/download\/fwwe\/"]}]},{"@type":"BreadcrumbList","@id":"https:\/\/nove.etatherm.cz\/cz\/podpora\/download\/fwwe\/#breadcrumb","itemListElement":[{"@type":"ListItem","position":1,"name":"\u00davod","item":"https:\/\/nove.etatherm.cz\/cz\/"},{"@type":"ListItem","position":2,"name":"Podpora","item":"https:\/\/nove.etatherm.cz\/cz\/podpora\/"},{"@type":"ListItem","position":3,"name":"Download","item":"https:\/\/nove.etatherm.cz\/cz\/podpora\/download\/"},{"@type":"ListItem","position":4,"name":"fwwe"}]},{"@type":"WebSite","@id":"https:\/\/nove.etatherm.cz\/cz\/#website","url":"https:\/\/nove.etatherm.cz\/cz\/","name":"Etatherm s.r.o.","description":"Programov\u011b \u0159\u00edzen\u00e1 regulace vyt\u00e1p\u011bn\u00ed ETATHERM  k individu\u00e1ln\u00ed regulaci vyt\u00e1p\u011bn\u00ed jednotliv\u00fdch m\u00edstnost\u00ed","publisher":{"@id":"https:\/\/nove.etatherm.cz\/cz\/#organization"},"potentialAction":[{"@type":"SearchAction","target":{"@type":"EntryPoint","urlTemplate":"https:\/\/nove.etatherm.cz\/cz\/?s={search_term_string}"},"query-input":"required name=search_term_string"}],"inLanguage":"cs"},{"@type":"Organization","@id":"https:\/\/nove.etatherm.cz\/cz\/#organization","name":"Etatherm s.r.o.","url":"https:\/\/nove.etatherm.cz\/cz\/","logo":{"@type":"ImageObject","inLanguage":"cs","@id":"https:\/\/nove.etatherm.cz\/cz\/#\/schema\/logo\/image\/","url":"https:\/\/nove.etatherm.cz\/cz\/wp-content\/uploads\/2025\/01\/etatherm-logo.png","contentUrl":"https:\/\/nove.etatherm.cz\/cz\/wp-content\/uploads\/2025\/01\/etatherm-logo.png","width":119,"height":53,"caption":"Etatherm s.r.o."},"image":{"@id":"https:\/\/nove.etatherm.cz\/cz\/#\/schema\/logo\/image\/"}}]}},"_links":{"self":[{"href":"https:\/\/nove.etatherm.cz\/cz\/wp-json\/wp\/v2\/pages\/463","targetHints":{"allow":["GET"]}}],"collection":[{"href":"https:\/\/nove.etatherm.cz\/cz\/wp-json\/wp\/v2\/pages"}],"about":[{"href":"https:\/\/nove.etatherm.cz\/cz\/wp-json\/wp\/v2\/types\/page"}],"author":[{"embeddable":true,"href":"https:\/\/nove.etatherm.cz\/cz\/wp-json\/wp\/v2\/users\/1"}],"replies":[{"embeddable":true,"href":"https:\/\/nove.etatherm.cz\/cz\/wp-json\/wp\/v2\/comments?post=463"}],"version-history":[{"count":3,"href":"https:\/\/nove.etatherm.cz\/cz\/wp-json\/wp\/v2\/pages\/463\/revisions"}],"predecessor-version":[{"id":468,"href":"https:\/\/nove.etatherm.cz\/cz\/wp-json\/wp\/v2\/pages\/463\/revisions\/468"}],"up":[{"embeddable":true,"href":"https:\/\/nove.etatherm.cz\/cz\/wp-json\/wp\/v2\/pages\/422"}],"wp:attachment":[{"href":"https:\/\/nove.etatherm.cz\/cz\/wp-json\/wp\/v2\/media?parent=463"}],"curies":[{"name":"wp","href":"https:\/\/api.w.org\/{rel}","templated":true}]}}