{"id":429,"date":"2025-08-22T11:57:29","date_gmt":"2025-08-22T09:57:29","guid":{"rendered":"https:\/\/nove.etatherm.cz\/cz\/?page_id=429"},"modified":"2025-08-22T12:59:45","modified_gmt":"2025-08-22T10:59:45","slug":"etherm","status":"publish","type":"page","link":"https:\/\/nove.etatherm.cz\/cz\/podpora\/download\/etherm\/","title":{"rendered":"Etherm"},"content":{"rendered":"\n<h1 class=\"wp-block-heading\">Etherm &#8211; program pro ovl\u00e1d\u00e1n\u00ed soupravy ETATHERM<\/h1>\n\n\n\n<p>Etherm je program pro opera\u010dn\u00ed syst\u00e9m Windows XP\/Vista\/7\/10\/11 pro ovl\u00e1d\u00e1n\u00ed jedn\u00e9 a\u017e \u0161estn\u00e1cti \u0159\u00edd\u00edc\u00edch jednotek ETH1 zapojen\u00fdch do s\u00edt\u011b.<\/p>\n\n\n\n<div class=\"wp-block-buttons is-layout-flex wp-block-buttons-is-layout-flex\">\n<div class=\"wp-block-button\"><a class=\"wp-block-button__link has-black-color has-luminous-vivid-orange-background-color has-text-color has-background has-link-color wp-element-button\" href=\"https:\/\/www.etatherm.cz\/sw\/Etherm-1.141.0-Setup-Cz.exe\"><strong>St\u00e1hnout Etherm 1.141.0<\/strong><\/a><\/div>\n<\/div>\n\n\n\n<p> <\/p>\n\n\n\n<p>N\u00e1vody k pou\u017e\u00edv\u00e1n\u00ed programu Etherm:<\/p>\n\n\n\n<ul class=\"wp-block-list\">\n<li><a href=\"https:\/\/www.etatherm.cz\/cesky\/navod_1.htm\">Instalace a po\u010d\u00e1te\u010dn\u00ed nastaven\u00ed\u00a0programu ETHERM<\/a><\/li>\n\n\n\n<li><a href=\"https:\/\/www.etatherm.cz\/video\/v-navody.htm\">Video-n\u00e1vod k instalaci\u00a0programu Etherm<\/a><\/li>\n\n\n\n<li><a href=\"https:\/\/www.etatherm.cz\/cesky\/prezent_eth_cz.htm\">Prezentace\u00a0programov\u00fdch z\u00e1lo\u017eek a oken programu Etherm (\u010desk\u00e1 verze)<\/a><\/li>\n\n\n\n<li><a href=\"https:\/\/www.etatherm.cz\/cesky\/prezent_eth_a.htm\">Presentation\u00a0of computer program Etherm (english version)<\/a><\/li>\n\n\n\n<li><a href=\"https:\/\/www.etatherm.cz\/cesky\/et.htm\">Historie verz\u00ed<\/a><\/li>\n<\/ul>\n\n\n\n<p><\/p>\n","protected":false},"excerpt":{"rendered":"<p>Etherm &#8211; program pro ovl\u00e1d\u00e1n\u00ed soupravy ETATHERM Etherm je program pro opera\u010dn\u00ed syst\u00e9m Windows XP\/Vista\/7\/10\/11 pro ovl\u00e1d\u00e1n\u00ed jedn\u00e9 a\u017e \u0161estn\u00e1cti \u0159\u00edd\u00edc\u00edch jednotek ETH1 zapojen\u00fdch do&hellip;<\/p>\n","protected":false},"author":1,"featured_media":0,"parent":422,"menu_order":0,"comment_status":"closed","ping_status":"closed","template":"","meta":{"footnotes":""},"class_list":["post-429","page","type-page","status-publish","hentry"],"yoast_head":"<!-- This site is optimized with the Yoast SEO plugin v20.4 - https:\/\/yoast.com\/wordpress\/plugins\/seo\/ -->\n<title>Etherm - Etatherm s.r.o.<\/title>\n<meta name=\"robots\" content=\"index, follow, max-snippet:-1, max-image-preview:large, max-video-preview:-1\" \/>\n<link rel=\"canonical\" href=\"https:\/\/nove.etatherm.cz\/cz\/podpora\/download\/etherm\/\" \/>\n<meta property=\"og:locale\" content=\"cs_CZ\" \/>\n<meta property=\"og:type\" content=\"article\" \/>\n<meta property=\"og:title\" content=\"Etherm - Etatherm s.r.o.\" \/>\n<meta property=\"og:description\" content=\"Etherm &#8211; program pro ovl\u00e1d\u00e1n\u00ed soupravy ETATHERM Etherm je program pro opera\u010dn\u00ed syst\u00e9m Windows XP\/Vista\/7\/10\/11 pro ovl\u00e1d\u00e1n\u00ed jedn\u00e9 a\u017e \u0161estn\u00e1cti \u0159\u00edd\u00edc\u00edch jednotek ETH1 zapojen\u00fdch do&hellip;\" \/>\n<meta property=\"og:url\" content=\"https:\/\/nove.etatherm.cz\/cz\/podpora\/download\/etherm\/\" \/>\n<meta property=\"og:site_name\" content=\"Etatherm s.r.o.\" \/>\n<meta property=\"article:modified_time\" content=\"2025-08-22T10:59:45+00:00\" \/>\n<meta name=\"twitter:card\" content=\"summary_large_image\" \/>\n<meta name=\"twitter:label1\" content=\"Est. reading time\" \/>\n\t<meta name=\"twitter:data1\" content=\"1 minuta\" \/>\n<script type=\"application\/ld+json\" class=\"yoast-schema-graph\">{\"@context\":\"https:\/\/schema.org\",\"@graph\":[{\"@type\":\"WebPage\",\"@id\":\"https:\/\/nove.etatherm.cz\/cz\/podpora\/download\/etherm\/\",\"url\":\"https:\/\/nove.etatherm.cz\/cz\/podpora\/download\/etherm\/\",\"name\":\"Etherm - Etatherm s.r.o.\",\"isPartOf\":{\"@id\":\"https:\/\/nove.etatherm.cz\/cz\/#website\"},\"datePublished\":\"2025-08-22T09:57:29+00:00\",\"dateModified\":\"2025-08-22T10:59:45+00:00\",\"breadcrumb\":{\"@id\":\"https:\/\/nove.etatherm.cz\/cz\/podpora\/download\/etherm\/#breadcrumb\"},\"inLanguage\":\"cs\",\"potentialAction\":[{\"@type\":\"ReadAction\",\"target\":[\"https:\/\/nove.etatherm.cz\/cz\/podpora\/download\/etherm\/\"]}]},{\"@type\":\"BreadcrumbList\",\"@id\":\"https:\/\/nove.etatherm.cz\/cz\/podpora\/download\/etherm\/#breadcrumb\",\"itemListElement\":[{\"@type\":\"ListItem\",\"position\":1,\"name\":\"\u00davod\",\"item\":\"https:\/\/nove.etatherm.cz\/cz\/\"},{\"@type\":\"ListItem\",\"position\":2,\"name\":\"Podpora\",\"item\":\"https:\/\/nove.etatherm.cz\/cz\/podpora\/\"},{\"@type\":\"ListItem\",\"position\":3,\"name\":\"Download\",\"item\":\"https:\/\/nove.etatherm.cz\/cz\/podpora\/download\/\"},{\"@type\":\"ListItem\",\"position\":4,\"name\":\"Etherm\"}]},{\"@type\":\"WebSite\",\"@id\":\"https:\/\/nove.etatherm.cz\/cz\/#website\",\"url\":\"https:\/\/nove.etatherm.cz\/cz\/\",\"name\":\"Etatherm s.r.o.\",\"description\":\"Programov\u011b \u0159\u00edzen\u00e1 regulace vyt\u00e1p\u011bn\u00ed ETATHERM  k individu\u00e1ln\u00ed regulaci vyt\u00e1p\u011bn\u00ed jednotliv\u00fdch m\u00edstnost\u00ed\",\"publisher\":{\"@id\":\"https:\/\/nove.etatherm.cz\/cz\/#organization\"},\"potentialAction\":[{\"@type\":\"SearchAction\",\"target\":{\"@type\":\"EntryPoint\",\"urlTemplate\":\"https:\/\/nove.etatherm.cz\/cz\/?s={search_term_string}\"},\"query-input\":\"required name=search_term_string\"}],\"inLanguage\":\"cs\"},{\"@type\":\"Organization\",\"@id\":\"https:\/\/nove.etatherm.cz\/cz\/#organization\",\"name\":\"Etatherm s.r.o.\",\"url\":\"https:\/\/nove.etatherm.cz\/cz\/\",\"logo\":{\"@type\":\"ImageObject\",\"inLanguage\":\"cs\",\"@id\":\"https:\/\/nove.etatherm.cz\/cz\/#\/schema\/logo\/image\/\",\"url\":\"https:\/\/nove.etatherm.cz\/cz\/wp-content\/uploads\/2025\/01\/etatherm-logo.png\",\"contentUrl\":\"https:\/\/nove.etatherm.cz\/cz\/wp-content\/uploads\/2025\/01\/etatherm-logo.png\",\"width\":119,\"height\":53,\"caption\":\"Etatherm s.r.o.\"},\"image\":{\"@id\":\"https:\/\/nove.etatherm.cz\/cz\/#\/schema\/logo\/image\/\"}}]}<\/script>\n<!-- \/ Yoast SEO plugin. -->","yoast_head_json":{"title":"Etherm - Etatherm s.r.o.","robots":{"index":"index","follow":"follow","max-snippet":"max-snippet:-1","max-image-preview":"max-image-preview:large","max-video-preview":"max-video-preview:-1"},"canonical":"https:\/\/nove.etatherm.cz\/cz\/podpora\/download\/etherm\/","og_locale":"cs_CZ","og_type":"article","og_title":"Etherm - Etatherm s.r.o.","og_description":"Etherm &#8211; program pro ovl\u00e1d\u00e1n\u00ed soupravy ETATHERM Etherm je program pro opera\u010dn\u00ed syst\u00e9m Windows XP\/Vista\/7\/10\/11 pro ovl\u00e1d\u00e1n\u00ed jedn\u00e9 a\u017e \u0161estn\u00e1cti \u0159\u00edd\u00edc\u00edch jednotek ETH1 zapojen\u00fdch do&hellip;","og_url":"https:\/\/nove.etatherm.cz\/cz\/podpora\/download\/etherm\/","og_site_name":"Etatherm s.r.o.","article_modified_time":"2025-08-22T10:59:45+00:00","twitter_card":"summary_large_image","twitter_misc":{"Est. reading time":"1 minuta"},"schema":{"@context":"https:\/\/schema.org","@graph":[{"@type":"WebPage","@id":"https:\/\/nove.etatherm.cz\/cz\/podpora\/download\/etherm\/","url":"https:\/\/nove.etatherm.cz\/cz\/podpora\/download\/etherm\/","name":"Etherm - Etatherm s.r.o.","isPartOf":{"@id":"https:\/\/nove.etatherm.cz\/cz\/#website"},"datePublished":"2025-08-22T09:57:29+00:00","dateModified":"2025-08-22T10:59:45+00:00","breadcrumb":{"@id":"https:\/\/nove.etatherm.cz\/cz\/podpora\/download\/etherm\/#breadcrumb"},"inLanguage":"cs","potentialAction":[{"@type":"ReadAction","target":["https:\/\/nove.etatherm.cz\/cz\/podpora\/download\/etherm\/"]}]},{"@type":"BreadcrumbList","@id":"https:\/\/nove.etatherm.cz\/cz\/podpora\/download\/etherm\/#breadcrumb","itemListElement":[{"@type":"ListItem","position":1,"name":"\u00davod","item":"https:\/\/nove.etatherm.cz\/cz\/"},{"@type":"ListItem","position":2,"name":"Podpora","item":"https:\/\/nove.etatherm.cz\/cz\/podpora\/"},{"@type":"ListItem","position":3,"name":"Download","item":"https:\/\/nove.etatherm.cz\/cz\/podpora\/download\/"},{"@type":"ListItem","position":4,"name":"Etherm"}]},{"@type":"WebSite","@id":"https:\/\/nove.etatherm.cz\/cz\/#website","url":"https:\/\/nove.etatherm.cz\/cz\/","name":"Etatherm s.r.o.","description":"Programov\u011b \u0159\u00edzen\u00e1 regulace vyt\u00e1p\u011bn\u00ed ETATHERM  k individu\u00e1ln\u00ed regulaci vyt\u00e1p\u011bn\u00ed jednotliv\u00fdch m\u00edstnost\u00ed","publisher":{"@id":"https:\/\/nove.etatherm.cz\/cz\/#organization"},"potentialAction":[{"@type":"SearchAction","target":{"@type":"EntryPoint","urlTemplate":"https:\/\/nove.etatherm.cz\/cz\/?s={search_term_string}"},"query-input":"required name=search_term_string"}],"inLanguage":"cs"},{"@type":"Organization","@id":"https:\/\/nove.etatherm.cz\/cz\/#organization","name":"Etatherm s.r.o.","url":"https:\/\/nove.etatherm.cz\/cz\/","logo":{"@type":"ImageObject","inLanguage":"cs","@id":"https:\/\/nove.etatherm.cz\/cz\/#\/schema\/logo\/image\/","url":"https:\/\/nove.etatherm.cz\/cz\/wp-content\/uploads\/2025\/01\/etatherm-logo.png","contentUrl":"https:\/\/nove.etatherm.cz\/cz\/wp-content\/uploads\/2025\/01\/etatherm-logo.png","width":119,"height":53,"caption":"Etatherm s.r.o."},"image":{"@id":"https:\/\/nove.etatherm.cz\/cz\/#\/schema\/logo\/image\/"}}]}},"_links":{"self":[{"href":"https:\/\/nove.etatherm.cz\/cz\/wp-json\/wp\/v2\/pages\/429","targetHints":{"allow":["GET"]}}],"collection":[{"href":"https:\/\/nove.etatherm.cz\/cz\/wp-json\/wp\/v2\/pages"}],"about":[{"href":"https:\/\/nove.etatherm.cz\/cz\/wp-json\/wp\/v2\/types\/page"}],"author":[{"embeddable":true,"href":"https:\/\/nove.etatherm.cz\/cz\/wp-json\/wp\/v2\/users\/1"}],"replies":[{"embeddable":true,"href":"https:\/\/nove.etatherm.cz\/cz\/wp-json\/wp\/v2\/comments?post=429"}],"version-history":[{"count":6,"href":"https:\/\/nove.etatherm.cz\/cz\/wp-json\/wp\/v2\/pages\/429\/revisions"}],"predecessor-version":[{"id":437,"href":"https:\/\/nove.etatherm.cz\/cz\/wp-json\/wp\/v2\/pages\/429\/revisions\/437"}],"up":[{"embeddable":true,"href":"https:\/\/nove.etatherm.cz\/cz\/wp-json\/wp\/v2\/pages\/422"}],"wp:attachment":[{"href":"https:\/\/nove.etatherm.cz\/cz\/wp-json\/wp\/v2\/media?parent=429"}],"curies":[{"name":"wp","href":"https:\/\/api.w.org\/{rel}","templated":true}]}}