{"id":225,"date":"2025-06-05T12:31:21","date_gmt":"2025-06-05T10:31:21","guid":{"rendered":"https:\/\/nove.etatherm.cz\/cz\/?page_id=225"},"modified":"2025-06-11T11:21:43","modified_gmt":"2025-06-11T09:21:43","slug":"aplikacni-priklady","status":"publish","type":"page","link":"https:\/\/nove.etatherm.cz\/cz\/podpora\/aplikacni-priklady\/","title":{"rendered":"Aplika\u010dn\u00ed p\u0159\u00edklady"},"content":{"rendered":"\n<h1 class=\"wp-block-heading\">APLIKA\u010cN\u00cd P\u0158\u00cdKLADY<\/h1>\n\n\n\n<p>Popis zaj\u00edmav\u00fdch aplika\u010dn\u00edch zapojen\u00ed souprav ETATHERM<\/p>\n\n\n\n<ol class=\"wp-block-list\">\n<li>a) <a href=\"https:\/\/www.etatherm.cz\/aplikace\/apl1a.htm\">Vyp\u00edn\u00e1n\u00ed kotle p\u0159i dosa\u017een\u00ed programovan\u00fdch teplot<\/a> ve v\u0161ech (nebo vybran\u00fdch) m\u00edstnostech<br>b) <a href=\"https:\/\/www.etatherm.cz\/aplikace\/apl1b.htm\">Ovl\u00e1d\u00e1n\u00ed kotle v souprav\u011b s v\u00edce \u0159\u00eddic\u00edmi jednotkami<\/a><br>c) <a href=\"https:\/\/www.etatherm.cz\/aplikace\/apl1c.htm\">Ovl\u00e1d\u00e1n\u00ed kotle v souprav\u011b s v\u00edce \u0159\u00eddic\u00edmi jednotkami typu ETH1i<\/a><\/li>\n\n\n\n<li><a href=\"https:\/\/www.etatherm.cz\/aplikace\/apl2.htm\">Regulace bojleru (v\u00fdm\u011bn\u00edku) s teplovodn\u00edm oh\u0159evem<\/a><\/li>\n\n\n\n<li><a href=\"https:\/\/www.etatherm.cz\/aplikace\/apl3.htm\">Regulace elektrick\u00e9ho bojleru<\/a><\/li>\n\n\n\n<li><a href=\"https:\/\/www.etatherm.cz\/aplikace\/apl4.htm\">Extern\u00ed vstup PWM<\/a> &#8211; sp\u00edna\u010d manu\u00e1ln\u00ed zm\u011bny programu na vybran\u00fdch adres\u00e1ch<\/li>\n\n\n\n<li><a href=\"https:\/\/www.etatherm.cz\/aplikace\/apl5.htm\">Ovl\u00e1d\u00e1n\u00ed dvou otopn\u00fdch soustav<\/a> (kotl\u016f) z jedin\u00e9 \u0159\u00eddic\u00ed jednotky (funkce KOTEL a SP\u00cdNA\u010c 2)<\/li>\n\n\n\n<li><a href=\"https:\/\/www.etatherm.cz\/aplikace\/apl6.htm\">Regulace vyt\u00e1p\u011bn\u00ed baz\u00e9nu s p\u0159ednostn\u00edm vyt\u00e1p\u011bn\u00edm bytu<\/a> (pou\u017eit\u00ed funkce SP\u00cdNA\u010c 2)<\/li>\n\n\n\n<li><a href=\"https:\/\/www.etatherm.cz\/aplikace\/apl7.htm\">Regulace min\/max teploty n\u00e1b\u011bhov\u00e9 vody kotle<\/a> v\u010detn\u011b jeho vypnut\u00ed p\u0159i dosa\u017een\u00ed programovan\u00fdch teplot v m\u00edstnostech<br>(pou\u017eit\u00ed funkce SP\u00cdNA\u010c 1)<\/li>\n\n\n\n<li>a) <a href=\"https:\/\/www.etatherm.cz\/aplikace\/apl8a.htm\">Okenn\u00ed kontakt<\/a> p\u0159\u00edm\u00e9 ovl\u00e1d\u00e1n\u00ed hlavice \u010di koncov\u00e9ho modulu<br>b) <a href=\"https:\/\/www.etatherm.cz\/aplikace\/apl8b.htm\">Jeden i v\u00edce okenn\u00edch kontakt\u016f pro 1\u00f73 hlavice HS<\/a><br>c) <a href=\"https:\/\/www.etatherm.cz\/aplikace\/apl8c.htm\">Jeden nebo v\u00edce okenn\u00edch kontakt\u016f pro \u0159\u00edzen\u00ed jedn\u00e9 nebo v\u00edce hlavic HS1ok a HS2ok<\/a><br><\/li>\n\n\n\n<li>Programov\u00e1n\u00ed nejni\u017e\u0161\u00ed a nejvy\u0161\u0161\u00ed teploty pro <a href=\"https:\/\/www.etatherm.cz\/aplikace\/apl9.htm\">oh\u0159ev n\u00e1dr\u017ee<\/a> (s pou\u017eit\u00edm vstupu PWM)<\/li>\n\n\n\n<li><a href=\"https:\/\/www.etatherm.cz\/aplikace\/apl10.htm\">Ovl\u00e1d\u00e1n\u00ed dvou podlahov\u00fdch rozd\u011blova\u010d\u016f (\u010derpadel) a kotle (s \u010derpadlem) &#8211; funkce KOTEL a SP\u00cdNA\u010c 2<\/a><\/li>\n\n\n\n<li><a href=\"https:\/\/www.etatherm.cz\/aplikace\/apl11.htm\">Topen\u00ed\/chlazen\u00ed pomoc\u00ed regula\u010dn\u00ed soupravy ETATHERM ETH1<\/a><\/li>\n\n\n\n<li><a href=\"https:\/\/www.etatherm.cz\/aplikace\/apl12.htm\">Regulace dvou nebo t\u0159\u00ed hlavic HS1ok (HS2ok) pomoc\u00ed jednoho termistoru<\/a><\/li>\n<\/ol>\n","protected":false},"excerpt":{"rendered":"<p>APLIKA\u010cN\u00cd P\u0158\u00cdKLADY Popis zaj\u00edmav\u00fdch aplika\u010dn\u00edch zapojen\u00ed souprav ETATHERM<\/p>\n","protected":false},"author":1,"featured_media":0,"parent":12,"menu_order":0,"comment_status":"closed","ping_status":"closed","template":"","meta":{"footnotes":""},"class_list":["post-225","page","type-page","status-publish","hentry"],"yoast_head":"<!-- This site is optimized with the Yoast SEO plugin v20.4 - https:\/\/yoast.com\/wordpress\/plugins\/seo\/ -->\n<title>Aplika\u010dn\u00ed p\u0159\u00edklady - Etatherm s.r.o.<\/title>\n<meta name=\"description\" content=\"Popis zaj\u00edmav\u00fdch aplika\u010dn\u00edch zapojen\u00ed souprav ETATHERM.\" \/>\n<meta name=\"robots\" content=\"index, follow, max-snippet:-1, max-image-preview:large, max-video-preview:-1\" \/>\n<link rel=\"canonical\" href=\"https:\/\/nove.etatherm.cz\/cz\/podpora\/aplikacni-priklady\/\" \/>\n<meta property=\"og:locale\" content=\"cs_CZ\" \/>\n<meta property=\"og:type\" content=\"article\" \/>\n<meta property=\"og:title\" content=\"Aplika\u010dn\u00ed p\u0159\u00edklady - Etatherm s.r.o.\" \/>\n<meta property=\"og:description\" content=\"Popis zaj\u00edmav\u00fdch aplika\u010dn\u00edch zapojen\u00ed souprav ETATHERM.\" \/>\n<meta property=\"og:url\" content=\"https:\/\/nove.etatherm.cz\/cz\/podpora\/aplikacni-priklady\/\" \/>\n<meta property=\"og:site_name\" content=\"Etatherm s.r.o.\" \/>\n<meta property=\"article:modified_time\" content=\"2025-06-11T09:21:43+00:00\" \/>\n<meta name=\"twitter:card\" content=\"summary_large_image\" \/>\n<meta name=\"twitter:label1\" content=\"Est. reading time\" \/>\n\t<meta name=\"twitter:data1\" content=\"1 minuta\" \/>\n<script type=\"application\/ld+json\" class=\"yoast-schema-graph\">{\"@context\":\"https:\/\/schema.org\",\"@graph\":[{\"@type\":\"WebPage\",\"@id\":\"https:\/\/nove.etatherm.cz\/cz\/podpora\/aplikacni-priklady\/\",\"url\":\"https:\/\/nove.etatherm.cz\/cz\/podpora\/aplikacni-priklady\/\",\"name\":\"Aplika\u010dn\u00ed p\u0159\u00edklady - Etatherm s.r.o.\",\"isPartOf\":{\"@id\":\"https:\/\/nove.etatherm.cz\/cz\/#website\"},\"datePublished\":\"2025-06-05T10:31:21+00:00\",\"dateModified\":\"2025-06-11T09:21:43+00:00\",\"description\":\"Popis zaj\u00edmav\u00fdch aplika\u010dn\u00edch zapojen\u00ed souprav ETATHERM.\",\"breadcrumb\":{\"@id\":\"https:\/\/nove.etatherm.cz\/cz\/podpora\/aplikacni-priklady\/#breadcrumb\"},\"inLanguage\":\"cs\",\"potentialAction\":[{\"@type\":\"ReadAction\",\"target\":[\"https:\/\/nove.etatherm.cz\/cz\/podpora\/aplikacni-priklady\/\"]}]},{\"@type\":\"BreadcrumbList\",\"@id\":\"https:\/\/nove.etatherm.cz\/cz\/podpora\/aplikacni-priklady\/#breadcrumb\",\"itemListElement\":[{\"@type\":\"ListItem\",\"position\":1,\"name\":\"\u00davod\",\"item\":\"https:\/\/nove.etatherm.cz\/cz\/\"},{\"@type\":\"ListItem\",\"position\":2,\"name\":\"Podpora\",\"item\":\"https:\/\/nove.etatherm.cz\/cz\/podpora\/\"},{\"@type\":\"ListItem\",\"position\":3,\"name\":\"Aplika\u010dn\u00ed p\u0159\u00edklady\"}]},{\"@type\":\"WebSite\",\"@id\":\"https:\/\/nove.etatherm.cz\/cz\/#website\",\"url\":\"https:\/\/nove.etatherm.cz\/cz\/\",\"name\":\"Etatherm s.r.o.\",\"description\":\"Programov\u011b \u0159\u00edzen\u00e1 regulace vyt\u00e1p\u011bn\u00ed ETATHERM  k individu\u00e1ln\u00ed regulaci vyt\u00e1p\u011bn\u00ed jednotliv\u00fdch m\u00edstnost\u00ed\",\"publisher\":{\"@id\":\"https:\/\/nove.etatherm.cz\/cz\/#organization\"},\"potentialAction\":[{\"@type\":\"SearchAction\",\"target\":{\"@type\":\"EntryPoint\",\"urlTemplate\":\"https:\/\/nove.etatherm.cz\/cz\/?s={search_term_string}\"},\"query-input\":\"required name=search_term_string\"}],\"inLanguage\":\"cs\"},{\"@type\":\"Organization\",\"@id\":\"https:\/\/nove.etatherm.cz\/cz\/#organization\",\"name\":\"Etatherm s.r.o.\",\"url\":\"https:\/\/nove.etatherm.cz\/cz\/\",\"logo\":{\"@type\":\"ImageObject\",\"inLanguage\":\"cs\",\"@id\":\"https:\/\/nove.etatherm.cz\/cz\/#\/schema\/logo\/image\/\",\"url\":\"https:\/\/nove.etatherm.cz\/cz\/wp-content\/uploads\/2025\/01\/etatherm-logo.png\",\"contentUrl\":\"https:\/\/nove.etatherm.cz\/cz\/wp-content\/uploads\/2025\/01\/etatherm-logo.png\",\"width\":119,\"height\":53,\"caption\":\"Etatherm s.r.o.\"},\"image\":{\"@id\":\"https:\/\/nove.etatherm.cz\/cz\/#\/schema\/logo\/image\/\"}}]}<\/script>\n<!-- \/ Yoast SEO plugin. -->","yoast_head_json":{"title":"Aplika\u010dn\u00ed p\u0159\u00edklady - Etatherm s.r.o.","description":"Popis zaj\u00edmav\u00fdch aplika\u010dn\u00edch zapojen\u00ed souprav ETATHERM.","robots":{"index":"index","follow":"follow","max-snippet":"max-snippet:-1","max-image-preview":"max-image-preview:large","max-video-preview":"max-video-preview:-1"},"canonical":"https:\/\/nove.etatherm.cz\/cz\/podpora\/aplikacni-priklady\/","og_locale":"cs_CZ","og_type":"article","og_title":"Aplika\u010dn\u00ed p\u0159\u00edklady - Etatherm s.r.o.","og_description":"Popis zaj\u00edmav\u00fdch aplika\u010dn\u00edch zapojen\u00ed souprav ETATHERM.","og_url":"https:\/\/nove.etatherm.cz\/cz\/podpora\/aplikacni-priklady\/","og_site_name":"Etatherm s.r.o.","article_modified_time":"2025-06-11T09:21:43+00:00","twitter_card":"summary_large_image","twitter_misc":{"Est. reading time":"1 minuta"},"schema":{"@context":"https:\/\/schema.org","@graph":[{"@type":"WebPage","@id":"https:\/\/nove.etatherm.cz\/cz\/podpora\/aplikacni-priklady\/","url":"https:\/\/nove.etatherm.cz\/cz\/podpora\/aplikacni-priklady\/","name":"Aplika\u010dn\u00ed p\u0159\u00edklady - Etatherm s.r.o.","isPartOf":{"@id":"https:\/\/nove.etatherm.cz\/cz\/#website"},"datePublished":"2025-06-05T10:31:21+00:00","dateModified":"2025-06-11T09:21:43+00:00","description":"Popis zaj\u00edmav\u00fdch aplika\u010dn\u00edch zapojen\u00ed souprav ETATHERM.","breadcrumb":{"@id":"https:\/\/nove.etatherm.cz\/cz\/podpora\/aplikacni-priklady\/#breadcrumb"},"inLanguage":"cs","potentialAction":[{"@type":"ReadAction","target":["https:\/\/nove.etatherm.cz\/cz\/podpora\/aplikacni-priklady\/"]}]},{"@type":"BreadcrumbList","@id":"https:\/\/nove.etatherm.cz\/cz\/podpora\/aplikacni-priklady\/#breadcrumb","itemListElement":[{"@type":"ListItem","position":1,"name":"\u00davod","item":"https:\/\/nove.etatherm.cz\/cz\/"},{"@type":"ListItem","position":2,"name":"Podpora","item":"https:\/\/nove.etatherm.cz\/cz\/podpora\/"},{"@type":"ListItem","position":3,"name":"Aplika\u010dn\u00ed p\u0159\u00edklady"}]},{"@type":"WebSite","@id":"https:\/\/nove.etatherm.cz\/cz\/#website","url":"https:\/\/nove.etatherm.cz\/cz\/","name":"Etatherm s.r.o.","description":"Programov\u011b \u0159\u00edzen\u00e1 regulace vyt\u00e1p\u011bn\u00ed ETATHERM  k individu\u00e1ln\u00ed regulaci vyt\u00e1p\u011bn\u00ed jednotliv\u00fdch m\u00edstnost\u00ed","publisher":{"@id":"https:\/\/nove.etatherm.cz\/cz\/#organization"},"potentialAction":[{"@type":"SearchAction","target":{"@type":"EntryPoint","urlTemplate":"https:\/\/nove.etatherm.cz\/cz\/?s={search_term_string}"},"query-input":"required name=search_term_string"}],"inLanguage":"cs"},{"@type":"Organization","@id":"https:\/\/nove.etatherm.cz\/cz\/#organization","name":"Etatherm s.r.o.","url":"https:\/\/nove.etatherm.cz\/cz\/","logo":{"@type":"ImageObject","inLanguage":"cs","@id":"https:\/\/nove.etatherm.cz\/cz\/#\/schema\/logo\/image\/","url":"https:\/\/nove.etatherm.cz\/cz\/wp-content\/uploads\/2025\/01\/etatherm-logo.png","contentUrl":"https:\/\/nove.etatherm.cz\/cz\/wp-content\/uploads\/2025\/01\/etatherm-logo.png","width":119,"height":53,"caption":"Etatherm s.r.o."},"image":{"@id":"https:\/\/nove.etatherm.cz\/cz\/#\/schema\/logo\/image\/"}}]}},"_links":{"self":[{"href":"https:\/\/nove.etatherm.cz\/cz\/wp-json\/wp\/v2\/pages\/225","targetHints":{"allow":["GET"]}}],"collection":[{"href":"https:\/\/nove.etatherm.cz\/cz\/wp-json\/wp\/v2\/pages"}],"about":[{"href":"https:\/\/nove.etatherm.cz\/cz\/wp-json\/wp\/v2\/types\/page"}],"author":[{"embeddable":true,"href":"https:\/\/nove.etatherm.cz\/cz\/wp-json\/wp\/v2\/users\/1"}],"replies":[{"embeddable":true,"href":"https:\/\/nove.etatherm.cz\/cz\/wp-json\/wp\/v2\/comments?post=225"}],"version-history":[{"count":1,"href":"https:\/\/nove.etatherm.cz\/cz\/wp-json\/wp\/v2\/pages\/225\/revisions"}],"predecessor-version":[{"id":226,"href":"https:\/\/nove.etatherm.cz\/cz\/wp-json\/wp\/v2\/pages\/225\/revisions\/226"}],"up":[{"embeddable":true,"href":"https:\/\/nove.etatherm.cz\/cz\/wp-json\/wp\/v2\/pages\/12"}],"wp:attachment":[{"href":"https:\/\/nove.etatherm.cz\/cz\/wp-json\/wp\/v2\/media?parent=225"}],"curies":[{"name":"wp","href":"https:\/\/api.w.org\/{rel}","templated":true}]}}