{"id":195,"date":"2025-06-04T13:22:09","date_gmt":"2025-06-04T11:22:09","guid":{"rendered":"https:\/\/nove.etatherm.cz\/cz\/?page_id=195"},"modified":"2025-06-11T10:51:28","modified_gmt":"2025-06-11T08:51:28","slug":"webovy-server-ws","status":"publish","type":"page","link":"https:\/\/nove.etatherm.cz\/cz\/produkty\/historicke-vyrobky\/webovy-server-ws\/","title":{"rendered":"Webov\u00fd server WS"},"content":{"rendered":"\n<h1 class=\"wp-block-heading\">WEBOV\u00dd SERVER WS<\/h1>\n\n\n\n<p>Webov\u00fd server WS je u\u017eite\u010dn\u00fdm dopl\u0148kem regula\u010dn\u00edch souprav ETATHERM s \u0159\u00eddic\u00edmi jednotkami ETH1emc, ETH1mod nebo ETH1mod2. Umo\u017e\u0148uje pohodlnou komunikaci prost\u0159ednictv\u00edm webov\u00fdch str\u00e1nek b\u011b\u017en\u00fdm webov\u00fdm prohl\u00ed\u017ee\u010dem. Na PC nen\u00ed nutn\u00e9 instalovat \u017e\u00e1dn\u00fd speci\u00e1ln\u00ed komunika\u010dn\u00ed program. To je v\u00fdhodn\u00e9 nejen v rozs\u00e1hl\u00fdch m\u00edstn\u00edch s\u00edt\u00edch, ale tak\u00e9 na ve\u0159ejn\u00e9 internetov\u00e9 s\u00edti (regulaci lze volat i nap\u0159. z internetov\u00e9 kav\u00e1rny).<\/p>\n\n\n\n<p>Existuj\u00ed dv\u011b verze serveru WS (WS1 a WS2), kter\u00e9 jsou funk\u010dn\u011b shodn\u00e9, li\u0161\u00ed se pouze v designov\u00e9m \u0159e\u0161en\u00ed pouzdra, v rozm\u00edst\u011bn\u00ed p\u0159\u00edpojn\u00fdch m\u00edst (viz uveden\u00e9 obr\u00e1zky) a um\u00edst\u011bn\u00ed pin\u016f pro reset.<\/p>\n\n\n\n<figure class=\"wp-block-image size-full\"><img loading=\"lazy\" decoding=\"async\" width=\"510\" height=\"539\" src=\"https:\/\/nove.etatherm.cz\/cz\/wp-content\/uploads\/2025\/06\/ws1-2.jpg\" alt=\"Webov\u00e9 servery WS1 a WS2\" class=\"wp-image-326\" srcset=\"https:\/\/nove.etatherm.cz\/cz\/wp-content\/uploads\/2025\/06\/ws1-2.jpg 510w, https:\/\/nove.etatherm.cz\/cz\/wp-content\/uploads\/2025\/06\/ws1-2-284x300.jpg 284w\" sizes=\"auto, (max-width: 510px) 100vw, 510px\" \/><\/figure>\n\n\n\n<p>K regula\u010dn\u00ed souprav\u011b se p\u0159ipojuje sb\u011brnic\u00ed RS485 (dvouvodi\u010dem, v od\u016fvodn\u011bn\u00fdch p\u0159\u00edpadech st\u00edn\u011bn\u00fdm). P\u0159i zapojen\u00ed je bezpodm\u00edne\u010dn\u011b nutn\u00e9 dodr\u017eet spr\u00e1vnou polaritu propojovac\u00edch vodi\u010d\u016f! V\u00fdstupem serveru WS je Ethernet. WS m\u016f\u017ee pracovat jako webov\u00fd server nebo jako konvertor RS485\/Ethernet.<\/p>\n\n\n\n<p>V\u00edce informac\u00ed najdete v <a href=\"https:\/\/www.etatherm.cz\/cesky\/ws1.htm\">archivu<\/a>.<\/p>\n","protected":false},"excerpt":{"rendered":"<p>WEBOV\u00dd SERVER WS Webov\u00fd server WS je u\u017eite\u010dn\u00fdm dopl\u0148kem regula\u010dn\u00edch souprav ETATHERM s \u0159\u00eddic\u00edmi jednotkami ETH1emc, ETH1mod nebo ETH1mod2. Umo\u017e\u0148uje pohodlnou komunikaci prost\u0159ednictv\u00edm webov\u00fdch str\u00e1nek&hellip;<\/p>\n","protected":false},"author":1,"featured_media":0,"parent":189,"menu_order":0,"comment_status":"closed","ping_status":"closed","template":"","meta":{"footnotes":""},"class_list":["post-195","page","type-page","status-publish","hentry"],"yoast_head":"<!-- This site is optimized with the Yoast SEO plugin v20.4 - https:\/\/yoast.com\/wordpress\/plugins\/seo\/ -->\n<title>Webov\u00fd server WS - Etatherm s.r.o.<\/title>\n<meta name=\"robots\" content=\"index, follow, max-snippet:-1, max-image-preview:large, max-video-preview:-1\" \/>\n<link rel=\"canonical\" href=\"https:\/\/nove.etatherm.cz\/cz\/produkty\/historicke-vyrobky\/webovy-server-ws\/\" \/>\n<meta property=\"og:locale\" content=\"cs_CZ\" \/>\n<meta property=\"og:type\" content=\"article\" \/>\n<meta property=\"og:title\" content=\"Webov\u00fd server WS - Etatherm s.r.o.\" \/>\n<meta property=\"og:description\" content=\"WEBOV\u00dd SERVER WS Webov\u00fd server WS je u\u017eite\u010dn\u00fdm dopl\u0148kem regula\u010dn\u00edch souprav ETATHERM s \u0159\u00eddic\u00edmi jednotkami ETH1emc, ETH1mod nebo ETH1mod2. Umo\u017e\u0148uje pohodlnou komunikaci prost\u0159ednictv\u00edm webov\u00fdch str\u00e1nek&hellip;\" \/>\n<meta property=\"og:url\" content=\"https:\/\/nove.etatherm.cz\/cz\/produkty\/historicke-vyrobky\/webovy-server-ws\/\" \/>\n<meta property=\"og:site_name\" content=\"Etatherm s.r.o.\" \/>\n<meta property=\"article:modified_time\" content=\"2025-06-11T08:51:28+00:00\" \/>\n<meta property=\"og:image\" content=\"https:\/\/nove.etatherm.cz\/cz\/wp-content\/uploads\/2025\/06\/ws1-2.jpg\" \/>\n<meta name=\"twitter:card\" content=\"summary_large_image\" \/>\n<script type=\"application\/ld+json\" class=\"yoast-schema-graph\">{\"@context\":\"https:\/\/schema.org\",\"@graph\":[{\"@type\":\"WebPage\",\"@id\":\"https:\/\/nove.etatherm.cz\/cz\/produkty\/historicke-vyrobky\/webovy-server-ws\/\",\"url\":\"https:\/\/nove.etatherm.cz\/cz\/produkty\/historicke-vyrobky\/webovy-server-ws\/\",\"name\":\"Webov\u00fd server WS - Etatherm s.r.o.\",\"isPartOf\":{\"@id\":\"https:\/\/nove.etatherm.cz\/cz\/#website\"},\"datePublished\":\"2025-06-04T11:22:09+00:00\",\"dateModified\":\"2025-06-11T08:51:28+00:00\",\"breadcrumb\":{\"@id\":\"https:\/\/nove.etatherm.cz\/cz\/produkty\/historicke-vyrobky\/webovy-server-ws\/#breadcrumb\"},\"inLanguage\":\"cs\",\"potentialAction\":[{\"@type\":\"ReadAction\",\"target\":[\"https:\/\/nove.etatherm.cz\/cz\/produkty\/historicke-vyrobky\/webovy-server-ws\/\"]}]},{\"@type\":\"BreadcrumbList\",\"@id\":\"https:\/\/nove.etatherm.cz\/cz\/produkty\/historicke-vyrobky\/webovy-server-ws\/#breadcrumb\",\"itemListElement\":[{\"@type\":\"ListItem\",\"position\":1,\"name\":\"\u00davod\",\"item\":\"https:\/\/nove.etatherm.cz\/cz\/\"},{\"@type\":\"ListItem\",\"position\":2,\"name\":\"Produkty\",\"item\":\"https:\/\/nove.etatherm.cz\/cz\/produkty\/\"},{\"@type\":\"ListItem\",\"position\":3,\"name\":\"Historick\u00e9 v\u00fdrobky\",\"item\":\"https:\/\/nove.etatherm.cz\/cz\/produkty\/historicke-vyrobky\/\"},{\"@type\":\"ListItem\",\"position\":4,\"name\":\"Webov\u00fd server WS\"}]},{\"@type\":\"WebSite\",\"@id\":\"https:\/\/nove.etatherm.cz\/cz\/#website\",\"url\":\"https:\/\/nove.etatherm.cz\/cz\/\",\"name\":\"Etatherm s.r.o.\",\"description\":\"Programov\u011b \u0159\u00edzen\u00e1 regulace vyt\u00e1p\u011bn\u00ed ETATHERM  k individu\u00e1ln\u00ed regulaci vyt\u00e1p\u011bn\u00ed jednotliv\u00fdch m\u00edstnost\u00ed\",\"publisher\":{\"@id\":\"https:\/\/nove.etatherm.cz\/cz\/#organization\"},\"potentialAction\":[{\"@type\":\"SearchAction\",\"target\":{\"@type\":\"EntryPoint\",\"urlTemplate\":\"https:\/\/nove.etatherm.cz\/cz\/?s={search_term_string}\"},\"query-input\":\"required name=search_term_string\"}],\"inLanguage\":\"cs\"},{\"@type\":\"Organization\",\"@id\":\"https:\/\/nove.etatherm.cz\/cz\/#organization\",\"name\":\"Etatherm s.r.o.\",\"url\":\"https:\/\/nove.etatherm.cz\/cz\/\",\"logo\":{\"@type\":\"ImageObject\",\"inLanguage\":\"cs\",\"@id\":\"https:\/\/nove.etatherm.cz\/cz\/#\/schema\/logo\/image\/\",\"url\":\"https:\/\/nove.etatherm.cz\/cz\/wp-content\/uploads\/2025\/01\/etatherm-logo.png\",\"contentUrl\":\"https:\/\/nove.etatherm.cz\/cz\/wp-content\/uploads\/2025\/01\/etatherm-logo.png\",\"width\":119,\"height\":53,\"caption\":\"Etatherm s.r.o.\"},\"image\":{\"@id\":\"https:\/\/nove.etatherm.cz\/cz\/#\/schema\/logo\/image\/\"}}]}<\/script>\n<!-- \/ Yoast SEO plugin. -->","yoast_head_json":{"title":"Webov\u00fd server WS - Etatherm s.r.o.","robots":{"index":"index","follow":"follow","max-snippet":"max-snippet:-1","max-image-preview":"max-image-preview:large","max-video-preview":"max-video-preview:-1"},"canonical":"https:\/\/nove.etatherm.cz\/cz\/produkty\/historicke-vyrobky\/webovy-server-ws\/","og_locale":"cs_CZ","og_type":"article","og_title":"Webov\u00fd server WS - Etatherm s.r.o.","og_description":"WEBOV\u00dd SERVER WS Webov\u00fd server WS je u\u017eite\u010dn\u00fdm dopl\u0148kem regula\u010dn\u00edch souprav ETATHERM s \u0159\u00eddic\u00edmi jednotkami ETH1emc, ETH1mod nebo ETH1mod2. Umo\u017e\u0148uje pohodlnou komunikaci prost\u0159ednictv\u00edm webov\u00fdch str\u00e1nek&hellip;","og_url":"https:\/\/nove.etatherm.cz\/cz\/produkty\/historicke-vyrobky\/webovy-server-ws\/","og_site_name":"Etatherm s.r.o.","article_modified_time":"2025-06-11T08:51:28+00:00","og_image":[{"url":"https:\/\/nove.etatherm.cz\/cz\/wp-content\/uploads\/2025\/06\/ws1-2.jpg"}],"twitter_card":"summary_large_image","schema":{"@context":"https:\/\/schema.org","@graph":[{"@type":"WebPage","@id":"https:\/\/nove.etatherm.cz\/cz\/produkty\/historicke-vyrobky\/webovy-server-ws\/","url":"https:\/\/nove.etatherm.cz\/cz\/produkty\/historicke-vyrobky\/webovy-server-ws\/","name":"Webov\u00fd server WS - Etatherm s.r.o.","isPartOf":{"@id":"https:\/\/nove.etatherm.cz\/cz\/#website"},"datePublished":"2025-06-04T11:22:09+00:00","dateModified":"2025-06-11T08:51:28+00:00","breadcrumb":{"@id":"https:\/\/nove.etatherm.cz\/cz\/produkty\/historicke-vyrobky\/webovy-server-ws\/#breadcrumb"},"inLanguage":"cs","potentialAction":[{"@type":"ReadAction","target":["https:\/\/nove.etatherm.cz\/cz\/produkty\/historicke-vyrobky\/webovy-server-ws\/"]}]},{"@type":"BreadcrumbList","@id":"https:\/\/nove.etatherm.cz\/cz\/produkty\/historicke-vyrobky\/webovy-server-ws\/#breadcrumb","itemListElement":[{"@type":"ListItem","position":1,"name":"\u00davod","item":"https:\/\/nove.etatherm.cz\/cz\/"},{"@type":"ListItem","position":2,"name":"Produkty","item":"https:\/\/nove.etatherm.cz\/cz\/produkty\/"},{"@type":"ListItem","position":3,"name":"Historick\u00e9 v\u00fdrobky","item":"https:\/\/nove.etatherm.cz\/cz\/produkty\/historicke-vyrobky\/"},{"@type":"ListItem","position":4,"name":"Webov\u00fd server WS"}]},{"@type":"WebSite","@id":"https:\/\/nove.etatherm.cz\/cz\/#website","url":"https:\/\/nove.etatherm.cz\/cz\/","name":"Etatherm s.r.o.","description":"Programov\u011b \u0159\u00edzen\u00e1 regulace vyt\u00e1p\u011bn\u00ed ETATHERM  k individu\u00e1ln\u00ed regulaci vyt\u00e1p\u011bn\u00ed jednotliv\u00fdch m\u00edstnost\u00ed","publisher":{"@id":"https:\/\/nove.etatherm.cz\/cz\/#organization"},"potentialAction":[{"@type":"SearchAction","target":{"@type":"EntryPoint","urlTemplate":"https:\/\/nove.etatherm.cz\/cz\/?s={search_term_string}"},"query-input":"required name=search_term_string"}],"inLanguage":"cs"},{"@type":"Organization","@id":"https:\/\/nove.etatherm.cz\/cz\/#organization","name":"Etatherm s.r.o.","url":"https:\/\/nove.etatherm.cz\/cz\/","logo":{"@type":"ImageObject","inLanguage":"cs","@id":"https:\/\/nove.etatherm.cz\/cz\/#\/schema\/logo\/image\/","url":"https:\/\/nove.etatherm.cz\/cz\/wp-content\/uploads\/2025\/01\/etatherm-logo.png","contentUrl":"https:\/\/nove.etatherm.cz\/cz\/wp-content\/uploads\/2025\/01\/etatherm-logo.png","width":119,"height":53,"caption":"Etatherm s.r.o."},"image":{"@id":"https:\/\/nove.etatherm.cz\/cz\/#\/schema\/logo\/image\/"}}]}},"_links":{"self":[{"href":"https:\/\/nove.etatherm.cz\/cz\/wp-json\/wp\/v2\/pages\/195","targetHints":{"allow":["GET"]}}],"collection":[{"href":"https:\/\/nove.etatherm.cz\/cz\/wp-json\/wp\/v2\/pages"}],"about":[{"href":"https:\/\/nove.etatherm.cz\/cz\/wp-json\/wp\/v2\/types\/page"}],"author":[{"embeddable":true,"href":"https:\/\/nove.etatherm.cz\/cz\/wp-json\/wp\/v2\/users\/1"}],"replies":[{"embeddable":true,"href":"https:\/\/nove.etatherm.cz\/cz\/wp-json\/wp\/v2\/comments?post=195"}],"version-history":[{"count":2,"href":"https:\/\/nove.etatherm.cz\/cz\/wp-json\/wp\/v2\/pages\/195\/revisions"}],"predecessor-version":[{"id":327,"href":"https:\/\/nove.etatherm.cz\/cz\/wp-json\/wp\/v2\/pages\/195\/revisions\/327"}],"up":[{"embeddable":true,"href":"https:\/\/nove.etatherm.cz\/cz\/wp-json\/wp\/v2\/pages\/189"}],"wp:attachment":[{"href":"https:\/\/nove.etatherm.cz\/cz\/wp-json\/wp\/v2\/media?parent=195"}],"curies":[{"name":"wp","href":"https:\/\/api.w.org\/{rel}","templated":true}]}}