{"id":193,"date":"2025-06-04T13:21:17","date_gmt":"2025-06-04T11:21:17","guid":{"rendered":"https:\/\/nove.etatherm.cz\/cz\/?page_id=193"},"modified":"2025-06-11T14:48:11","modified_gmt":"2025-06-11T12:48:11","slug":"ridici-jednotka-eth1mod","status":"publish","type":"page","link":"https:\/\/nove.etatherm.cz\/cz\/produkty\/historicke-vyrobky\/ridici-jednotka-eth1mod\/","title":{"rendered":"\u0158\u00edd\u00edc\u00ed jednotky ETH1mod,ETH1mod2"},"content":{"rendered":"\n<h1 class=\"wp-block-heading\">\u0158\u00cdD\u00cdC\u00cd JEDNOTKY ETH1mod, ETH1mod2<\/h1>\n\n\n\n<p>\u0158\u00edd\u00edc\u00ed jednotky soupravy regulace vyt\u00e1p\u011bn\u00ed ETATHERM. \u0158\u00edd\u00ed ostatn\u00ed prvky reguluj\u00edc\u00ed jednotliv\u00e9 m\u00edstnosti a umo\u017e\u0148uj\u00ed sledov\u00e1n\u00ed a nastavov\u00e1n\u00ed \u00fadaj\u016f a parametr\u016f soupravy pomoc\u00ed komunika\u010dn\u00edch linek RS485 a RS232 (pomoc\u00ed r\u016fzn\u00fdch p\u0159evodn\u00edk\u016f p\u0159ipojit i pomoc\u00ed USB, Ethernet nebo WiFi).<\/p>\n\n\n\n<p>\u0158\u00eddic\u00ed jednotky ETH1mod a ETH1mod2 se navz\u00e1jem li\u0161\u00ed pouze typem komunika\u010dn\u00edho protokolu s d\u016fsledky v oblasti nad\u0159\u00edzen\u00e9 komunikace.<\/p>\n\n\n<div class=\"wp-block-image\">\n<figure class=\"alignleft size-full\"><img loading=\"lazy\" decoding=\"async\" width=\"402\" height=\"253\" src=\"https:\/\/nove.etatherm.cz\/cz\/wp-content\/uploads\/2025\/06\/rj_modw.gif\" alt=\"\u0158\u00edd\u00edc\u00ed jednotka ETH1mod, ETH1mod2\" class=\"wp-image-322\" style=\"object-fit:cover\"\/><\/figure><\/div>\n\n\n<h2 class=\"wp-block-heading\">Technick\u00e9 parametry:<\/h2>\n\n\n\n<ul class=\"wp-block-list\">\n<li>nap\u00e1jen\u00ed: 12V\/0,6A ss (DC) ze s\u00ed\u0165ov\u00e9ho adapt\u00e9ru<\/li>\n\n\n\n<li>rozsah b\u011b\u017en\u011b p\u0159edvoliteln\u00fdch teplot: + 6 \u00f7 +35\u00b0C<\/li>\n\n\n\n<li>dal\u0161\u00ed mo\u017en\u00e9 konfigurovateln\u00e9 rozsahy: +11 a\u017e +40\u00b0C, -8 a\u017e +21\u00b0C, -28 a\u017e +30\u00b0C (po 2\u00b0C), +6 a\u017e +93\u00b0C (po 3\u00b0C)<\/li>\n\n\n\n<li>po\u010det adres (programovateln\u00fdch m\u00edst se specifick\u00fdm teplotn\u00edm re\u017eimem): 16<\/li>\n\n\n\n<li>po\u010det denn\u011b programovateln\u00fdch \u010dasov\u00fdch \u00fasek\u016f na jedn\u00e9 adrese: 8<\/li>\n\n\n\n<li>rozli\u0161en\u00ed za\u010d\u00e1tk\u016f \u010dasov\u00fdch \u00fasek\u016f: 15 minut<\/li>\n\n\n\n<li>po\u010det u\u017eivatelsk\u00fdch program\u016f vyt\u00e1p\u011bn\u00ed (UPV): 96<\/li>\n\n\n\n<li>programovac\u00ed re\u017eimy:<br>&#8211; t\u00fddenn\u00ed cyklus<br>&#8211; operativn\u00ed zm\u011bny s nastaven\u00edm teploty, \u010dasu a data ukon\u010den\u00ed, \u010dasu a data za\u010d\u00e1tku<br>&#8211; udr\u017eovac\u00ed re\u017eim konstantn\u00ed teploty<\/li>\n\n\n\n<li>displej: sv\u00edt\u00edc\u00ed LED, 4 m\u00edsta<\/li>\n\n\n\n<li>ovl\u00e1d\u00e1n\u00ed: 4 tla\u010d\u00edtka<\/li>\n\n\n\n<li>pracovn\u00ed podm\u00ednky:<br>&#8211; max. relat. vlhkost vzduchu: 80%<br>&#8211; rozsah teplot okol\u00ed: 0 \u00f7 +40\u00b0C<\/li>\n\n\n\n<li>v\u00fdstupy a vstupy:<br>&#8211; nap\u011bt\u00ed\/proud na sb\u011brnici:max. 10V\/max. 0,35A, zkratov\u00e1 odolnost<br>&#8211; po\u010det v\u00fdstup\u016f sb\u011brnice: 2 (lev\u00e1, prav\u00e1 v\u011btev)<br>&#8211; komunika\u010dn\u00ed porty: RS 232 (galv. odd\u011blen\u00fd), RS 485<br>&#8211; p\u0159ipojen\u00ed telefonn\u00edho modemu<br>&#8211; PWM: galvanicky odd\u011blen\u00fd vstup pro bin\u00e1rn\u00ed extern\u00ed \u0159\u00eddic\u00ed sign\u00e1l<br>&#8211; k portu USB PC lze jednotku p\u0159ipojit p\u0159es <a href=\"https:\/\/www.etatherm.cz\/cesky\/sys2_c.htm#usb\">konvertory<\/a> RS232\/USB (viz <a href=\"https:\/\/www.etatherm.cz\/cesky\/usb.htm\">n\u00e1vod k instalaci<\/a>) nebo RS485\/USB.<\/li>\n<\/ul>\n\n\n\n<p>V\u00edce informac\u00ed najdete v <a href=\"https:\/\/www.etatherm.cz\/cesky\/rj_a.htm\">archivu<\/a>.<\/p>\n","protected":false},"excerpt":{"rendered":"<p>\u0158\u00cdD\u00cdC\u00cd JEDNOTKY ETH1mod, ETH1mod2 \u0158\u00edd\u00edc\u00ed jednotky soupravy regulace vyt\u00e1p\u011bn\u00ed ETATHERM. \u0158\u00edd\u00ed ostatn\u00ed prvky reguluj\u00edc\u00ed jednotliv\u00e9 m\u00edstnosti a umo\u017e\u0148uj\u00ed sledov\u00e1n\u00ed a nastavov\u00e1n\u00ed \u00fadaj\u016f a parametr\u016f soupravy&hellip;<\/p>\n","protected":false},"author":1,"featured_media":0,"parent":189,"menu_order":0,"comment_status":"closed","ping_status":"closed","template":"","meta":{"footnotes":""},"class_list":["post-193","page","type-page","status-publish","hentry"],"yoast_head":"<!-- This site is optimized with the Yoast SEO plugin v20.4 - https:\/\/yoast.com\/wordpress\/plugins\/seo\/ -->\n<title>\u0158\u00edd\u00edc\u00ed jednotky ETH1mod,ETH1mod2 - Etatherm s.r.o.<\/title>\n<meta name=\"description\" content=\"Historick\u00e1 \u0159\u00edd\u00edc\u00ed jednotka soupravy regulace vyt\u00e1p\u011bn\u00ed ETATHERM. \u0158\u00edd\u00ed ostatn\u00ed prvky reguluj\u00edc\u00ed jednotliv\u00e9 m\u00edstnosti a umo\u017e\u0148uje p\u0159\u00edstup nad\u0159azen\u00fdm syst\u00e9m\u016fm.\" \/>\n<meta name=\"robots\" content=\"index, follow, max-snippet:-1, max-image-preview:large, max-video-preview:-1\" \/>\n<link rel=\"canonical\" href=\"https:\/\/nove.etatherm.cz\/cz\/produkty\/historicke-vyrobky\/ridici-jednotka-eth1mod\/\" \/>\n<meta property=\"og:locale\" content=\"cs_CZ\" \/>\n<meta property=\"og:type\" content=\"article\" \/>\n<meta property=\"og:title\" content=\"\u0158\u00edd\u00edc\u00ed jednotky ETH1mod,ETH1mod2 - Etatherm s.r.o.\" \/>\n<meta property=\"og:description\" content=\"Historick\u00e1 \u0159\u00edd\u00edc\u00ed jednotka soupravy regulace vyt\u00e1p\u011bn\u00ed ETATHERM. \u0158\u00edd\u00ed ostatn\u00ed prvky reguluj\u00edc\u00ed jednotliv\u00e9 m\u00edstnosti a umo\u017e\u0148uje p\u0159\u00edstup nad\u0159azen\u00fdm syst\u00e9m\u016fm.\" \/>\n<meta property=\"og:url\" content=\"https:\/\/nove.etatherm.cz\/cz\/produkty\/historicke-vyrobky\/ridici-jednotka-eth1mod\/\" \/>\n<meta property=\"og:site_name\" content=\"Etatherm s.r.o.\" \/>\n<meta property=\"article:modified_time\" content=\"2025-06-11T12:48:11+00:00\" \/>\n<meta property=\"og:image\" content=\"https:\/\/nove.etatherm.cz\/cz\/wp-content\/uploads\/2025\/06\/rj_modw.gif\" \/>\n<meta name=\"twitter:card\" content=\"summary_large_image\" \/>\n<meta name=\"twitter:label1\" content=\"Est. reading time\" \/>\n\t<meta name=\"twitter:data1\" content=\"2 minuty\" \/>\n<script type=\"application\/ld+json\" class=\"yoast-schema-graph\">{\"@context\":\"https:\/\/schema.org\",\"@graph\":[{\"@type\":\"WebPage\",\"@id\":\"https:\/\/nove.etatherm.cz\/cz\/produkty\/historicke-vyrobky\/ridici-jednotka-eth1mod\/\",\"url\":\"https:\/\/nove.etatherm.cz\/cz\/produkty\/historicke-vyrobky\/ridici-jednotka-eth1mod\/\",\"name\":\"\u0158\u00edd\u00edc\u00ed jednotky ETH1mod,ETH1mod2 - Etatherm s.r.o.\",\"isPartOf\":{\"@id\":\"https:\/\/nove.etatherm.cz\/cz\/#website\"},\"datePublished\":\"2025-06-04T11:21:17+00:00\",\"dateModified\":\"2025-06-11T12:48:11+00:00\",\"description\":\"Historick\u00e1 \u0159\u00edd\u00edc\u00ed jednotka soupravy regulace vyt\u00e1p\u011bn\u00ed ETATHERM. \u0158\u00edd\u00ed ostatn\u00ed prvky reguluj\u00edc\u00ed jednotliv\u00e9 m\u00edstnosti a umo\u017e\u0148uje p\u0159\u00edstup nad\u0159azen\u00fdm syst\u00e9m\u016fm.\",\"breadcrumb\":{\"@id\":\"https:\/\/nove.etatherm.cz\/cz\/produkty\/historicke-vyrobky\/ridici-jednotka-eth1mod\/#breadcrumb\"},\"inLanguage\":\"cs\",\"potentialAction\":[{\"@type\":\"ReadAction\",\"target\":[\"https:\/\/nove.etatherm.cz\/cz\/produkty\/historicke-vyrobky\/ridici-jednotka-eth1mod\/\"]}]},{\"@type\":\"BreadcrumbList\",\"@id\":\"https:\/\/nove.etatherm.cz\/cz\/produkty\/historicke-vyrobky\/ridici-jednotka-eth1mod\/#breadcrumb\",\"itemListElement\":[{\"@type\":\"ListItem\",\"position\":1,\"name\":\"\u00davod\",\"item\":\"https:\/\/nove.etatherm.cz\/cz\/\"},{\"@type\":\"ListItem\",\"position\":2,\"name\":\"Produkty\",\"item\":\"https:\/\/nove.etatherm.cz\/cz\/produkty\/\"},{\"@type\":\"ListItem\",\"position\":3,\"name\":\"Historick\u00e9 v\u00fdrobky\",\"item\":\"https:\/\/nove.etatherm.cz\/cz\/produkty\/historicke-vyrobky\/\"},{\"@type\":\"ListItem\",\"position\":4,\"name\":\"\u0158\u00edd\u00edc\u00ed jednotky ETH1mod,ETH1mod2\"}]},{\"@type\":\"WebSite\",\"@id\":\"https:\/\/nove.etatherm.cz\/cz\/#website\",\"url\":\"https:\/\/nove.etatherm.cz\/cz\/\",\"name\":\"Etatherm s.r.o.\",\"description\":\"Programov\u011b \u0159\u00edzen\u00e1 regulace vyt\u00e1p\u011bn\u00ed ETATHERM  k individu\u00e1ln\u00ed regulaci vyt\u00e1p\u011bn\u00ed jednotliv\u00fdch m\u00edstnost\u00ed\",\"publisher\":{\"@id\":\"https:\/\/nove.etatherm.cz\/cz\/#organization\"},\"potentialAction\":[{\"@type\":\"SearchAction\",\"target\":{\"@type\":\"EntryPoint\",\"urlTemplate\":\"https:\/\/nove.etatherm.cz\/cz\/?s={search_term_string}\"},\"query-input\":\"required name=search_term_string\"}],\"inLanguage\":\"cs\"},{\"@type\":\"Organization\",\"@id\":\"https:\/\/nove.etatherm.cz\/cz\/#organization\",\"name\":\"Etatherm s.r.o.\",\"url\":\"https:\/\/nove.etatherm.cz\/cz\/\",\"logo\":{\"@type\":\"ImageObject\",\"inLanguage\":\"cs\",\"@id\":\"https:\/\/nove.etatherm.cz\/cz\/#\/schema\/logo\/image\/\",\"url\":\"https:\/\/nove.etatherm.cz\/cz\/wp-content\/uploads\/2025\/01\/etatherm-logo.png\",\"contentUrl\":\"https:\/\/nove.etatherm.cz\/cz\/wp-content\/uploads\/2025\/01\/etatherm-logo.png\",\"width\":119,\"height\":53,\"caption\":\"Etatherm s.r.o.\"},\"image\":{\"@id\":\"https:\/\/nove.etatherm.cz\/cz\/#\/schema\/logo\/image\/\"}}]}<\/script>\n<!-- \/ Yoast SEO plugin. -->","yoast_head_json":{"title":"\u0158\u00edd\u00edc\u00ed jednotky ETH1mod,ETH1mod2 - Etatherm s.r.o.","description":"Historick\u00e1 \u0159\u00edd\u00edc\u00ed jednotka soupravy regulace vyt\u00e1p\u011bn\u00ed ETATHERM. \u0158\u00edd\u00ed ostatn\u00ed prvky reguluj\u00edc\u00ed jednotliv\u00e9 m\u00edstnosti a umo\u017e\u0148uje p\u0159\u00edstup nad\u0159azen\u00fdm syst\u00e9m\u016fm.","robots":{"index":"index","follow":"follow","max-snippet":"max-snippet:-1","max-image-preview":"max-image-preview:large","max-video-preview":"max-video-preview:-1"},"canonical":"https:\/\/nove.etatherm.cz\/cz\/produkty\/historicke-vyrobky\/ridici-jednotka-eth1mod\/","og_locale":"cs_CZ","og_type":"article","og_title":"\u0158\u00edd\u00edc\u00ed jednotky ETH1mod,ETH1mod2 - Etatherm s.r.o.","og_description":"Historick\u00e1 \u0159\u00edd\u00edc\u00ed jednotka soupravy regulace vyt\u00e1p\u011bn\u00ed ETATHERM. \u0158\u00edd\u00ed ostatn\u00ed prvky reguluj\u00edc\u00ed jednotliv\u00e9 m\u00edstnosti a umo\u017e\u0148uje p\u0159\u00edstup nad\u0159azen\u00fdm syst\u00e9m\u016fm.","og_url":"https:\/\/nove.etatherm.cz\/cz\/produkty\/historicke-vyrobky\/ridici-jednotka-eth1mod\/","og_site_name":"Etatherm s.r.o.","article_modified_time":"2025-06-11T12:48:11+00:00","og_image":[{"url":"https:\/\/nove.etatherm.cz\/cz\/wp-content\/uploads\/2025\/06\/rj_modw.gif"}],"twitter_card":"summary_large_image","twitter_misc":{"Est. reading time":"2 minuty"},"schema":{"@context":"https:\/\/schema.org","@graph":[{"@type":"WebPage","@id":"https:\/\/nove.etatherm.cz\/cz\/produkty\/historicke-vyrobky\/ridici-jednotka-eth1mod\/","url":"https:\/\/nove.etatherm.cz\/cz\/produkty\/historicke-vyrobky\/ridici-jednotka-eth1mod\/","name":"\u0158\u00edd\u00edc\u00ed jednotky ETH1mod,ETH1mod2 - Etatherm s.r.o.","isPartOf":{"@id":"https:\/\/nove.etatherm.cz\/cz\/#website"},"datePublished":"2025-06-04T11:21:17+00:00","dateModified":"2025-06-11T12:48:11+00:00","description":"Historick\u00e1 \u0159\u00edd\u00edc\u00ed jednotka soupravy regulace vyt\u00e1p\u011bn\u00ed ETATHERM. \u0158\u00edd\u00ed ostatn\u00ed prvky reguluj\u00edc\u00ed jednotliv\u00e9 m\u00edstnosti a umo\u017e\u0148uje p\u0159\u00edstup nad\u0159azen\u00fdm syst\u00e9m\u016fm.","breadcrumb":{"@id":"https:\/\/nove.etatherm.cz\/cz\/produkty\/historicke-vyrobky\/ridici-jednotka-eth1mod\/#breadcrumb"},"inLanguage":"cs","potentialAction":[{"@type":"ReadAction","target":["https:\/\/nove.etatherm.cz\/cz\/produkty\/historicke-vyrobky\/ridici-jednotka-eth1mod\/"]}]},{"@type":"BreadcrumbList","@id":"https:\/\/nove.etatherm.cz\/cz\/produkty\/historicke-vyrobky\/ridici-jednotka-eth1mod\/#breadcrumb","itemListElement":[{"@type":"ListItem","position":1,"name":"\u00davod","item":"https:\/\/nove.etatherm.cz\/cz\/"},{"@type":"ListItem","position":2,"name":"Produkty","item":"https:\/\/nove.etatherm.cz\/cz\/produkty\/"},{"@type":"ListItem","position":3,"name":"Historick\u00e9 v\u00fdrobky","item":"https:\/\/nove.etatherm.cz\/cz\/produkty\/historicke-vyrobky\/"},{"@type":"ListItem","position":4,"name":"\u0158\u00edd\u00edc\u00ed jednotky ETH1mod,ETH1mod2"}]},{"@type":"WebSite","@id":"https:\/\/nove.etatherm.cz\/cz\/#website","url":"https:\/\/nove.etatherm.cz\/cz\/","name":"Etatherm s.r.o.","description":"Programov\u011b \u0159\u00edzen\u00e1 regulace vyt\u00e1p\u011bn\u00ed ETATHERM  k individu\u00e1ln\u00ed regulaci vyt\u00e1p\u011bn\u00ed jednotliv\u00fdch m\u00edstnost\u00ed","publisher":{"@id":"https:\/\/nove.etatherm.cz\/cz\/#organization"},"potentialAction":[{"@type":"SearchAction","target":{"@type":"EntryPoint","urlTemplate":"https:\/\/nove.etatherm.cz\/cz\/?s={search_term_string}"},"query-input":"required name=search_term_string"}],"inLanguage":"cs"},{"@type":"Organization","@id":"https:\/\/nove.etatherm.cz\/cz\/#organization","name":"Etatherm s.r.o.","url":"https:\/\/nove.etatherm.cz\/cz\/","logo":{"@type":"ImageObject","inLanguage":"cs","@id":"https:\/\/nove.etatherm.cz\/cz\/#\/schema\/logo\/image\/","url":"https:\/\/nove.etatherm.cz\/cz\/wp-content\/uploads\/2025\/01\/etatherm-logo.png","contentUrl":"https:\/\/nove.etatherm.cz\/cz\/wp-content\/uploads\/2025\/01\/etatherm-logo.png","width":119,"height":53,"caption":"Etatherm s.r.o."},"image":{"@id":"https:\/\/nove.etatherm.cz\/cz\/#\/schema\/logo\/image\/"}}]}},"_links":{"self":[{"href":"https:\/\/nove.etatherm.cz\/cz\/wp-json\/wp\/v2\/pages\/193","targetHints":{"allow":["GET"]}}],"collection":[{"href":"https:\/\/nove.etatherm.cz\/cz\/wp-json\/wp\/v2\/pages"}],"about":[{"href":"https:\/\/nove.etatherm.cz\/cz\/wp-json\/wp\/v2\/types\/page"}],"author":[{"embeddable":true,"href":"https:\/\/nove.etatherm.cz\/cz\/wp-json\/wp\/v2\/users\/1"}],"replies":[{"embeddable":true,"href":"https:\/\/nove.etatherm.cz\/cz\/wp-json\/wp\/v2\/comments?post=193"}],"version-history":[{"count":4,"href":"https:\/\/nove.etatherm.cz\/cz\/wp-json\/wp\/v2\/pages\/193\/revisions"}],"predecessor-version":[{"id":393,"href":"https:\/\/nove.etatherm.cz\/cz\/wp-json\/wp\/v2\/pages\/193\/revisions\/393"}],"up":[{"embeddable":true,"href":"https:\/\/nove.etatherm.cz\/cz\/wp-json\/wp\/v2\/pages\/189"}],"wp:attachment":[{"href":"https:\/\/nove.etatherm.cz\/cz\/wp-json\/wp\/v2\/media?parent=193"}],"curies":[{"name":"wp","href":"https:\/\/api.w.org\/{rel}","templated":true}]}}