{"id":189,"date":"2025-06-04T13:20:06","date_gmt":"2025-06-04T11:20:06","guid":{"rendered":"https:\/\/nove.etatherm.cz\/cz\/?page_id=189"},"modified":"2025-06-11T10:26:58","modified_gmt":"2025-06-11T08:26:58","slug":"historicke-vyrobky","status":"publish","type":"page","link":"https:\/\/nove.etatherm.cz\/cz\/produkty\/historicke-vyrobky\/","title":{"rendered":"Historick\u00e9 v\u00fdrobky"},"content":{"rendered":"\n<h1 class=\"wp-block-heading\">Historick\u00e9 v\u00fdrobky<\/h1>\n\n\n\n<div class=\"produkty-d1\">\n  <div class=\"produkty-d2\"><div class=\"produkty-d3\"><a href=\"https:\/\/nove.etatherm.cz\/cz\/ridici-jednotka-eth1mod\/\">\n        <span class=\"produkty-s1\"><\/span>\n        <p>\u0158\u00edd\u00edc\u00ed jednotky ETH1mod, ETH1mod2<\/p>\n        <img decoding=\"async\" src=\"https:\/\/nove.etatherm.cz\/cz\/wp-content\/uploads\/2025\/06\/rj.jpg\"\/>\n  <\/a><\/div><\/div>\n  <div class=\"produkty-d2\"><div class=\"produkty-d3\"><a href=\"https:\/\/nove.etatherm.cz\/cz\/webovy-server-ws\/\">\n        <span class=\"produkty-s1\"><\/span>\n        <p>Webov\u00fd server WS<\/p>\n        <img decoding=\"async\" src=\"https:\/\/nove.etatherm.cz\/cz\/wp-content\/uploads\/2025\/06\/ws2.jpg\"\/>\n  <\/a><\/div><\/div>\n  <div class=\"produkty-d2\"><div class=\"produkty-d3\"><a href=\"https:\/\/www.etatherm.cz\/cesky\/archiv.htm\">\n        <span class=\"produkty-s1\"><\/span>\n        <p>Ostatn\u00ed historick\u00e9 v\u00fdrobky<\/p>\n        <img decoding=\"async\" src=\"https:\/\/nove.etatherm.cz\/cz\/wp-content\/uploads\/2025\/06\/f_rj.jpg\"\/>\n  <\/a><\/div><\/div>\n<\/div>\n","protected":false},"excerpt":{"rendered":"<p>Historick\u00e9 v\u00fdrobky \u0158\u00edd\u00edc\u00ed jednotky ETH1mod, ETH1mod2 Webov\u00fd server WS Ostatn\u00ed historick\u00e9 v\u00fdrobky<\/p>\n","protected":false},"author":1,"featured_media":0,"parent":10,"menu_order":0,"comment_status":"closed","ping_status":"closed","template":"","meta":{"footnotes":""},"class_list":["post-189","page","type-page","status-publish","hentry"],"yoast_head":"<!-- This site is optimized with the Yoast SEO plugin v20.4 - https:\/\/yoast.com\/wordpress\/plugins\/seo\/ -->\n<title>Historick\u00e9 v\u00fdrobky - Etatherm s.r.o.<\/title>\n<meta name=\"description\" content=\"V\u00fdrobky d\u0159\u00edve vyr\u00e1b\u011bn\u00e9 firmou ETATHERM s.r.o.\" \/>\n<meta name=\"robots\" content=\"index, follow, max-snippet:-1, max-image-preview:large, max-video-preview:-1\" \/>\n<link rel=\"canonical\" href=\"https:\/\/nove.etatherm.cz\/cz\/produkty\/historicke-vyrobky\/\" \/>\n<meta property=\"og:locale\" content=\"cs_CZ\" \/>\n<meta property=\"og:type\" content=\"article\" \/>\n<meta property=\"og:title\" content=\"Historick\u00e9 v\u00fdrobky - Etatherm s.r.o.\" \/>\n<meta property=\"og:description\" content=\"V\u00fdrobky d\u0159\u00edve vyr\u00e1b\u011bn\u00e9 firmou ETATHERM s.r.o.\" \/>\n<meta property=\"og:url\" content=\"https:\/\/nove.etatherm.cz\/cz\/produkty\/historicke-vyrobky\/\" \/>\n<meta property=\"og:site_name\" content=\"Etatherm s.r.o.\" \/>\n<meta property=\"article:modified_time\" content=\"2025-06-11T08:26:58+00:00\" \/>\n<meta property=\"og:image\" content=\"https:\/\/nove.etatherm.cz\/cz\/wp-content\/uploads\/2025\/06\/rj.jpg\" \/>\n<meta name=\"twitter:card\" content=\"summary_large_image\" \/>\n<meta name=\"twitter:label1\" content=\"Est. reading time\" \/>\n\t<meta name=\"twitter:data1\" content=\"1 minuta\" \/>\n<script type=\"application\/ld+json\" class=\"yoast-schema-graph\">{\"@context\":\"https:\/\/schema.org\",\"@graph\":[{\"@type\":\"WebPage\",\"@id\":\"https:\/\/nove.etatherm.cz\/cz\/produkty\/historicke-vyrobky\/\",\"url\":\"https:\/\/nove.etatherm.cz\/cz\/produkty\/historicke-vyrobky\/\",\"name\":\"Historick\u00e9 v\u00fdrobky - Etatherm s.r.o.\",\"isPartOf\":{\"@id\":\"https:\/\/nove.etatherm.cz\/cz\/#website\"},\"datePublished\":\"2025-06-04T11:20:06+00:00\",\"dateModified\":\"2025-06-11T08:26:58+00:00\",\"description\":\"V\u00fdrobky d\u0159\u00edve vyr\u00e1b\u011bn\u00e9 firmou ETATHERM s.r.o.\",\"breadcrumb\":{\"@id\":\"https:\/\/nove.etatherm.cz\/cz\/produkty\/historicke-vyrobky\/#breadcrumb\"},\"inLanguage\":\"cs\",\"potentialAction\":[{\"@type\":\"ReadAction\",\"target\":[\"https:\/\/nove.etatherm.cz\/cz\/produkty\/historicke-vyrobky\/\"]}]},{\"@type\":\"BreadcrumbList\",\"@id\":\"https:\/\/nove.etatherm.cz\/cz\/produkty\/historicke-vyrobky\/#breadcrumb\",\"itemListElement\":[{\"@type\":\"ListItem\",\"position\":1,\"name\":\"\u00davod\",\"item\":\"https:\/\/nove.etatherm.cz\/cz\/\"},{\"@type\":\"ListItem\",\"position\":2,\"name\":\"Produkty\",\"item\":\"https:\/\/nove.etatherm.cz\/cz\/produkty\/\"},{\"@type\":\"ListItem\",\"position\":3,\"name\":\"Historick\u00e9 v\u00fdrobky\"}]},{\"@type\":\"WebSite\",\"@id\":\"https:\/\/nove.etatherm.cz\/cz\/#website\",\"url\":\"https:\/\/nove.etatherm.cz\/cz\/\",\"name\":\"Etatherm s.r.o.\",\"description\":\"Programov\u011b \u0159\u00edzen\u00e1 regulace vyt\u00e1p\u011bn\u00ed ETATHERM  k individu\u00e1ln\u00ed regulaci vyt\u00e1p\u011bn\u00ed jednotliv\u00fdch m\u00edstnost\u00ed\",\"publisher\":{\"@id\":\"https:\/\/nove.etatherm.cz\/cz\/#organization\"},\"potentialAction\":[{\"@type\":\"SearchAction\",\"target\":{\"@type\":\"EntryPoint\",\"urlTemplate\":\"https:\/\/nove.etatherm.cz\/cz\/?s={search_term_string}\"},\"query-input\":\"required name=search_term_string\"}],\"inLanguage\":\"cs\"},{\"@type\":\"Organization\",\"@id\":\"https:\/\/nove.etatherm.cz\/cz\/#organization\",\"name\":\"Etatherm s.r.o.\",\"url\":\"https:\/\/nove.etatherm.cz\/cz\/\",\"logo\":{\"@type\":\"ImageObject\",\"inLanguage\":\"cs\",\"@id\":\"https:\/\/nove.etatherm.cz\/cz\/#\/schema\/logo\/image\/\",\"url\":\"https:\/\/nove.etatherm.cz\/cz\/wp-content\/uploads\/2025\/01\/etatherm-logo.png\",\"contentUrl\":\"https:\/\/nove.etatherm.cz\/cz\/wp-content\/uploads\/2025\/01\/etatherm-logo.png\",\"width\":119,\"height\":53,\"caption\":\"Etatherm s.r.o.\"},\"image\":{\"@id\":\"https:\/\/nove.etatherm.cz\/cz\/#\/schema\/logo\/image\/\"}}]}<\/script>\n<!-- \/ Yoast SEO plugin. -->","yoast_head_json":{"title":"Historick\u00e9 v\u00fdrobky - Etatherm s.r.o.","description":"V\u00fdrobky d\u0159\u00edve vyr\u00e1b\u011bn\u00e9 firmou ETATHERM s.r.o.","robots":{"index":"index","follow":"follow","max-snippet":"max-snippet:-1","max-image-preview":"max-image-preview:large","max-video-preview":"max-video-preview:-1"},"canonical":"https:\/\/nove.etatherm.cz\/cz\/produkty\/historicke-vyrobky\/","og_locale":"cs_CZ","og_type":"article","og_title":"Historick\u00e9 v\u00fdrobky - Etatherm s.r.o.","og_description":"V\u00fdrobky d\u0159\u00edve vyr\u00e1b\u011bn\u00e9 firmou ETATHERM s.r.o.","og_url":"https:\/\/nove.etatherm.cz\/cz\/produkty\/historicke-vyrobky\/","og_site_name":"Etatherm s.r.o.","article_modified_time":"2025-06-11T08:26:58+00:00","og_image":[{"url":"https:\/\/nove.etatherm.cz\/cz\/wp-content\/uploads\/2025\/06\/rj.jpg"}],"twitter_card":"summary_large_image","twitter_misc":{"Est. reading time":"1 minuta"},"schema":{"@context":"https:\/\/schema.org","@graph":[{"@type":"WebPage","@id":"https:\/\/nove.etatherm.cz\/cz\/produkty\/historicke-vyrobky\/","url":"https:\/\/nove.etatherm.cz\/cz\/produkty\/historicke-vyrobky\/","name":"Historick\u00e9 v\u00fdrobky - Etatherm s.r.o.","isPartOf":{"@id":"https:\/\/nove.etatherm.cz\/cz\/#website"},"datePublished":"2025-06-04T11:20:06+00:00","dateModified":"2025-06-11T08:26:58+00:00","description":"V\u00fdrobky d\u0159\u00edve vyr\u00e1b\u011bn\u00e9 firmou ETATHERM s.r.o.","breadcrumb":{"@id":"https:\/\/nove.etatherm.cz\/cz\/produkty\/historicke-vyrobky\/#breadcrumb"},"inLanguage":"cs","potentialAction":[{"@type":"ReadAction","target":["https:\/\/nove.etatherm.cz\/cz\/produkty\/historicke-vyrobky\/"]}]},{"@type":"BreadcrumbList","@id":"https:\/\/nove.etatherm.cz\/cz\/produkty\/historicke-vyrobky\/#breadcrumb","itemListElement":[{"@type":"ListItem","position":1,"name":"\u00davod","item":"https:\/\/nove.etatherm.cz\/cz\/"},{"@type":"ListItem","position":2,"name":"Produkty","item":"https:\/\/nove.etatherm.cz\/cz\/produkty\/"},{"@type":"ListItem","position":3,"name":"Historick\u00e9 v\u00fdrobky"}]},{"@type":"WebSite","@id":"https:\/\/nove.etatherm.cz\/cz\/#website","url":"https:\/\/nove.etatherm.cz\/cz\/","name":"Etatherm s.r.o.","description":"Programov\u011b \u0159\u00edzen\u00e1 regulace vyt\u00e1p\u011bn\u00ed ETATHERM  k individu\u00e1ln\u00ed regulaci vyt\u00e1p\u011bn\u00ed jednotliv\u00fdch m\u00edstnost\u00ed","publisher":{"@id":"https:\/\/nove.etatherm.cz\/cz\/#organization"},"potentialAction":[{"@type":"SearchAction","target":{"@type":"EntryPoint","urlTemplate":"https:\/\/nove.etatherm.cz\/cz\/?s={search_term_string}"},"query-input":"required name=search_term_string"}],"inLanguage":"cs"},{"@type":"Organization","@id":"https:\/\/nove.etatherm.cz\/cz\/#organization","name":"Etatherm s.r.o.","url":"https:\/\/nove.etatherm.cz\/cz\/","logo":{"@type":"ImageObject","inLanguage":"cs","@id":"https:\/\/nove.etatherm.cz\/cz\/#\/schema\/logo\/image\/","url":"https:\/\/nove.etatherm.cz\/cz\/wp-content\/uploads\/2025\/01\/etatherm-logo.png","contentUrl":"https:\/\/nove.etatherm.cz\/cz\/wp-content\/uploads\/2025\/01\/etatherm-logo.png","width":119,"height":53,"caption":"Etatherm s.r.o."},"image":{"@id":"https:\/\/nove.etatherm.cz\/cz\/#\/schema\/logo\/image\/"}}]}},"_links":{"self":[{"href":"https:\/\/nove.etatherm.cz\/cz\/wp-json\/wp\/v2\/pages\/189","targetHints":{"allow":["GET"]}}],"collection":[{"href":"https:\/\/nove.etatherm.cz\/cz\/wp-json\/wp\/v2\/pages"}],"about":[{"href":"https:\/\/nove.etatherm.cz\/cz\/wp-json\/wp\/v2\/types\/page"}],"author":[{"embeddable":true,"href":"https:\/\/nove.etatherm.cz\/cz\/wp-json\/wp\/v2\/users\/1"}],"replies":[{"embeddable":true,"href":"https:\/\/nove.etatherm.cz\/cz\/wp-json\/wp\/v2\/comments?post=189"}],"version-history":[{"count":6,"href":"https:\/\/nove.etatherm.cz\/cz\/wp-json\/wp\/v2\/pages\/189\/revisions"}],"predecessor-version":[{"id":318,"href":"https:\/\/nove.etatherm.cz\/cz\/wp-json\/wp\/v2\/pages\/189\/revisions\/318"}],"up":[{"embeddable":true,"href":"https:\/\/nove.etatherm.cz\/cz\/wp-json\/wp\/v2\/pages\/10"}],"wp:attachment":[{"href":"https:\/\/nove.etatherm.cz\/cz\/wp-json\/wp\/v2\/media?parent=189"}],"curies":[{"name":"wp","href":"https:\/\/api.w.org\/{rel}","templated":true}]}}