{"id":187,"date":"2025-06-04T13:19:49","date_gmt":"2025-06-04T11:19:49","guid":{"rendered":"https:\/\/nove.etatherm.cz\/cz\/?page_id=187"},"modified":"2025-08-15T16:28:52","modified_gmt":"2025-08-15T14:28:52","slug":"desky-rele-drp","status":"publish","type":"page","link":"https:\/\/nove.etatherm.cz\/cz\/produkty\/desky-rele-drp\/","title":{"rendered":"Desky rel\u00e9 DRP"},"content":{"rendered":"\n<h1 class=\"wp-block-heading\">DESKY REL\u00c9 DRP<\/h1>\n\n\n\n<p>Desky pam\u011b\u0165ov\u00fdch rel\u00e9 DRP jsou ovl\u00e1d\u00e1ny z v\u00fdstup\u016f koncov\u00fdch modul\u016f a slou\u017e\u00ed ke sp\u00edn\u00e1n\u00ed \/ odp\u00edn\u00e1n\u00ed elektrick\u00fdch spot\u0159ebi\u010d\u016f, p\u0159edev\u0161\u00edm topidel (konvektor\u016f, s\u00e1lav\u00fdch panel\u016f, podlahov\u00e9ho vyt\u00e1p\u011bn\u00ed, ventil\u00e1tor\u016f akumula\u010dn\u00edch kamen, kotl\u016f, atd.). Rel\u00e9 jsou p\u0159ep\u00edn\u00e1na pulzn\u011b mal\u00fdm nap\u011bt\u00edm (cca 6V); p\u0159i p\u0159ep\u00f3lov\u00e1n\u00ed p\u0159\u00edvod\u016f \u0159\u00eddic\u00edho nap\u011bt\u00ed se zm\u011bn\u00ed funkce sp\u00edn\u00e1n\u00ed na odp\u00edn\u00e1n\u00ed a naopak (sp\u00edn\u00e1 p\u0159i polarit\u011b: 1 &#8211; ; 2 +).<\/p>\n\n\n\n<p><strong>Maxim\u00e1ln\u00ed sp\u00ednan\u00fd proud rel\u00e9 typ\u016f DRP4, DRP3 a DRP2 je 16A<\/strong>. Po\u010det rel\u00e9 p\u0159ipojiteln\u00fdch k jednomu koncov\u00e9mu modulu (p\u0159\u00edpadn\u011b adrese) je specifikov\u00e1n v aplika\u010dn\u00edm listu koncov\u00e9ho modulu. Pokud uveden\u00e9 kombinace neposta\u010duj\u00ed, je mo\u017en\u00e9 po\u010det ovl\u00e1dan\u00fdch m\u00edst roz\u0161\u00ed\u0159it pomoc\u00ed vle\u010dn\u00fdch rel\u00e9 nebo styka\u010d\u016f sp\u00ednan\u00fdch pam\u011b\u0165ov\u00fdmi rel\u00e9.<\/p>\n\n\n\n<p>Desky pam\u011b\u0165ov\u00fdch rel\u00e9 jsou konstruov\u00e1ny pro sp\u00edn\u00e1n\u00ed odporov\u00e9 z\u00e1t\u011b\u017ee. V p\u0159\u00edpad\u011b sp\u00edn\u00e1n\u00ed spot\u0159ebi\u010de s \u010d\u00e1ste\u010dn\u011b induktivn\u00edm charakterem (ob\u011bhov\u00e9 \u010derpadlo, vle\u010dn\u00e9 rel\u00e9, styka\u010d, &#8230;) je nutn\u00e9 p\u0159emostit kontakty U1, U2 varistorem, kter\u00fd m\u016f\u017ee b\u00fdt dod\u00e1n jako p\u0159\u00edslu\u0161enstv\u00ed.<\/p>\n\n\n\n<p>V\u00edce informac\u00ed najdete v <a href=\"https:\/\/www.etatherm.cz\/cesky\/drp.htm\">archivu<\/a>.<\/p>\n","protected":false},"excerpt":{"rendered":"<p>DESKY REL\u00c9 DRP Desky pam\u011b\u0165ov\u00fdch rel\u00e9 DRP jsou ovl\u00e1d\u00e1ny z v\u00fdstup\u016f koncov\u00fdch modul\u016f a slou\u017e\u00ed ke sp\u00edn\u00e1n\u00ed \/ odp\u00edn\u00e1n\u00ed elektrick\u00fdch spot\u0159ebi\u010d\u016f, p\u0159edev\u0161\u00edm topidel (konvektor\u016f, s\u00e1lav\u00fdch&hellip;<\/p>\n","protected":false},"author":1,"featured_media":0,"parent":10,"menu_order":0,"comment_status":"closed","ping_status":"closed","template":"","meta":{"footnotes":""},"class_list":["post-187","page","type-page","status-publish","hentry"],"yoast_head":"<!-- This site is optimized with the Yoast SEO plugin v20.4 - https:\/\/yoast.com\/wordpress\/plugins\/seo\/ -->\n<title>Desky rel\u00e9 DRP - Etatherm s.r.o.<\/title>\n<meta name=\"description\" content=\"Desky pam\u011b\u0165ov\u00fdch rel\u00e9 DRP slou\u017e\u00ed ke sp\u00edn\u00e1n\u00ed\/odp\u00edn\u00e1n\u00ed elektrick\u00fdch spot\u0159ebi\u010d\u016f a topidel (konvektor\u016f, s\u00e1lav\u00fdch panel\u016f, podlahov\u00e9ho vyt\u00e1p\u011bn\u00ed, kotl\u016f...).\" \/>\n<meta name=\"robots\" content=\"index, follow, max-snippet:-1, max-image-preview:large, max-video-preview:-1\" \/>\n<link rel=\"canonical\" href=\"https:\/\/nove.etatherm.cz\/cz\/produkty\/desky-rele-drp\/\" \/>\n<meta property=\"og:locale\" content=\"cs_CZ\" \/>\n<meta property=\"og:type\" content=\"article\" \/>\n<meta property=\"og:title\" content=\"Desky rel\u00e9 DRP - Etatherm s.r.o.\" \/>\n<meta property=\"og:description\" content=\"Desky pam\u011b\u0165ov\u00fdch rel\u00e9 DRP slou\u017e\u00ed ke sp\u00edn\u00e1n\u00ed\/odp\u00edn\u00e1n\u00ed elektrick\u00fdch spot\u0159ebi\u010d\u016f a topidel (konvektor\u016f, s\u00e1lav\u00fdch panel\u016f, podlahov\u00e9ho vyt\u00e1p\u011bn\u00ed, kotl\u016f...).\" \/>\n<meta property=\"og:url\" content=\"https:\/\/nove.etatherm.cz\/cz\/produkty\/desky-rele-drp\/\" \/>\n<meta property=\"og:site_name\" content=\"Etatherm s.r.o.\" \/>\n<meta property=\"article:modified_time\" content=\"2025-08-15T14:28:52+00:00\" \/>\n<meta name=\"twitter:card\" content=\"summary_large_image\" \/>\n<meta name=\"twitter:label1\" content=\"Est. reading time\" \/>\n\t<meta name=\"twitter:data1\" content=\"1 minuta\" \/>\n<script type=\"application\/ld+json\" class=\"yoast-schema-graph\">{\"@context\":\"https:\/\/schema.org\",\"@graph\":[{\"@type\":\"WebPage\",\"@id\":\"https:\/\/nove.etatherm.cz\/cz\/produkty\/desky-rele-drp\/\",\"url\":\"https:\/\/nove.etatherm.cz\/cz\/produkty\/desky-rele-drp\/\",\"name\":\"Desky rel\u00e9 DRP - Etatherm s.r.o.\",\"isPartOf\":{\"@id\":\"https:\/\/nove.etatherm.cz\/cz\/#website\"},\"datePublished\":\"2025-06-04T11:19:49+00:00\",\"dateModified\":\"2025-08-15T14:28:52+00:00\",\"description\":\"Desky pam\u011b\u0165ov\u00fdch rel\u00e9 DRP slou\u017e\u00ed ke sp\u00edn\u00e1n\u00ed\/odp\u00edn\u00e1n\u00ed elektrick\u00fdch spot\u0159ebi\u010d\u016f a topidel (konvektor\u016f, s\u00e1lav\u00fdch panel\u016f, podlahov\u00e9ho vyt\u00e1p\u011bn\u00ed, kotl\u016f...).\",\"breadcrumb\":{\"@id\":\"https:\/\/nove.etatherm.cz\/cz\/produkty\/desky-rele-drp\/#breadcrumb\"},\"inLanguage\":\"cs\",\"potentialAction\":[{\"@type\":\"ReadAction\",\"target\":[\"https:\/\/nove.etatherm.cz\/cz\/produkty\/desky-rele-drp\/\"]}]},{\"@type\":\"BreadcrumbList\",\"@id\":\"https:\/\/nove.etatherm.cz\/cz\/produkty\/desky-rele-drp\/#breadcrumb\",\"itemListElement\":[{\"@type\":\"ListItem\",\"position\":1,\"name\":\"\u00davod\",\"item\":\"https:\/\/nove.etatherm.cz\/cz\/\"},{\"@type\":\"ListItem\",\"position\":2,\"name\":\"Produkty\",\"item\":\"https:\/\/nove.etatherm.cz\/cz\/produkty\/\"},{\"@type\":\"ListItem\",\"position\":3,\"name\":\"Desky rel\u00e9 DRP\"}]},{\"@type\":\"WebSite\",\"@id\":\"https:\/\/nove.etatherm.cz\/cz\/#website\",\"url\":\"https:\/\/nove.etatherm.cz\/cz\/\",\"name\":\"Etatherm s.r.o.\",\"description\":\"Programov\u011b \u0159\u00edzen\u00e1 regulace vyt\u00e1p\u011bn\u00ed ETATHERM  k individu\u00e1ln\u00ed regulaci vyt\u00e1p\u011bn\u00ed jednotliv\u00fdch m\u00edstnost\u00ed\",\"publisher\":{\"@id\":\"https:\/\/nove.etatherm.cz\/cz\/#organization\"},\"potentialAction\":[{\"@type\":\"SearchAction\",\"target\":{\"@type\":\"EntryPoint\",\"urlTemplate\":\"https:\/\/nove.etatherm.cz\/cz\/?s={search_term_string}\"},\"query-input\":\"required name=search_term_string\"}],\"inLanguage\":\"cs\"},{\"@type\":\"Organization\",\"@id\":\"https:\/\/nove.etatherm.cz\/cz\/#organization\",\"name\":\"Etatherm s.r.o.\",\"url\":\"https:\/\/nove.etatherm.cz\/cz\/\",\"logo\":{\"@type\":\"ImageObject\",\"inLanguage\":\"cs\",\"@id\":\"https:\/\/nove.etatherm.cz\/cz\/#\/schema\/logo\/image\/\",\"url\":\"https:\/\/nove.etatherm.cz\/cz\/wp-content\/uploads\/2025\/01\/etatherm-logo.png\",\"contentUrl\":\"https:\/\/nove.etatherm.cz\/cz\/wp-content\/uploads\/2025\/01\/etatherm-logo.png\",\"width\":119,\"height\":53,\"caption\":\"Etatherm s.r.o.\"},\"image\":{\"@id\":\"https:\/\/nove.etatherm.cz\/cz\/#\/schema\/logo\/image\/\"}}]}<\/script>\n<!-- \/ Yoast SEO plugin. -->","yoast_head_json":{"title":"Desky rel\u00e9 DRP - Etatherm s.r.o.","description":"Desky pam\u011b\u0165ov\u00fdch rel\u00e9 DRP slou\u017e\u00ed ke sp\u00edn\u00e1n\u00ed\/odp\u00edn\u00e1n\u00ed elektrick\u00fdch spot\u0159ebi\u010d\u016f a topidel (konvektor\u016f, s\u00e1lav\u00fdch panel\u016f, podlahov\u00e9ho vyt\u00e1p\u011bn\u00ed, kotl\u016f...).","robots":{"index":"index","follow":"follow","max-snippet":"max-snippet:-1","max-image-preview":"max-image-preview:large","max-video-preview":"max-video-preview:-1"},"canonical":"https:\/\/nove.etatherm.cz\/cz\/produkty\/desky-rele-drp\/","og_locale":"cs_CZ","og_type":"article","og_title":"Desky rel\u00e9 DRP - Etatherm s.r.o.","og_description":"Desky pam\u011b\u0165ov\u00fdch rel\u00e9 DRP slou\u017e\u00ed ke sp\u00edn\u00e1n\u00ed\/odp\u00edn\u00e1n\u00ed elektrick\u00fdch spot\u0159ebi\u010d\u016f a topidel (konvektor\u016f, s\u00e1lav\u00fdch panel\u016f, podlahov\u00e9ho vyt\u00e1p\u011bn\u00ed, kotl\u016f...).","og_url":"https:\/\/nove.etatherm.cz\/cz\/produkty\/desky-rele-drp\/","og_site_name":"Etatherm s.r.o.","article_modified_time":"2025-08-15T14:28:52+00:00","twitter_card":"summary_large_image","twitter_misc":{"Est. reading time":"1 minuta"},"schema":{"@context":"https:\/\/schema.org","@graph":[{"@type":"WebPage","@id":"https:\/\/nove.etatherm.cz\/cz\/produkty\/desky-rele-drp\/","url":"https:\/\/nove.etatherm.cz\/cz\/produkty\/desky-rele-drp\/","name":"Desky rel\u00e9 DRP - Etatherm s.r.o.","isPartOf":{"@id":"https:\/\/nove.etatherm.cz\/cz\/#website"},"datePublished":"2025-06-04T11:19:49+00:00","dateModified":"2025-08-15T14:28:52+00:00","description":"Desky pam\u011b\u0165ov\u00fdch rel\u00e9 DRP slou\u017e\u00ed ke sp\u00edn\u00e1n\u00ed\/odp\u00edn\u00e1n\u00ed elektrick\u00fdch spot\u0159ebi\u010d\u016f a topidel (konvektor\u016f, s\u00e1lav\u00fdch panel\u016f, podlahov\u00e9ho vyt\u00e1p\u011bn\u00ed, kotl\u016f...).","breadcrumb":{"@id":"https:\/\/nove.etatherm.cz\/cz\/produkty\/desky-rele-drp\/#breadcrumb"},"inLanguage":"cs","potentialAction":[{"@type":"ReadAction","target":["https:\/\/nove.etatherm.cz\/cz\/produkty\/desky-rele-drp\/"]}]},{"@type":"BreadcrumbList","@id":"https:\/\/nove.etatherm.cz\/cz\/produkty\/desky-rele-drp\/#breadcrumb","itemListElement":[{"@type":"ListItem","position":1,"name":"\u00davod","item":"https:\/\/nove.etatherm.cz\/cz\/"},{"@type":"ListItem","position":2,"name":"Produkty","item":"https:\/\/nove.etatherm.cz\/cz\/produkty\/"},{"@type":"ListItem","position":3,"name":"Desky rel\u00e9 DRP"}]},{"@type":"WebSite","@id":"https:\/\/nove.etatherm.cz\/cz\/#website","url":"https:\/\/nove.etatherm.cz\/cz\/","name":"Etatherm s.r.o.","description":"Programov\u011b \u0159\u00edzen\u00e1 regulace vyt\u00e1p\u011bn\u00ed ETATHERM  k individu\u00e1ln\u00ed regulaci vyt\u00e1p\u011bn\u00ed jednotliv\u00fdch m\u00edstnost\u00ed","publisher":{"@id":"https:\/\/nove.etatherm.cz\/cz\/#organization"},"potentialAction":[{"@type":"SearchAction","target":{"@type":"EntryPoint","urlTemplate":"https:\/\/nove.etatherm.cz\/cz\/?s={search_term_string}"},"query-input":"required name=search_term_string"}],"inLanguage":"cs"},{"@type":"Organization","@id":"https:\/\/nove.etatherm.cz\/cz\/#organization","name":"Etatherm s.r.o.","url":"https:\/\/nove.etatherm.cz\/cz\/","logo":{"@type":"ImageObject","inLanguage":"cs","@id":"https:\/\/nove.etatherm.cz\/cz\/#\/schema\/logo\/image\/","url":"https:\/\/nove.etatherm.cz\/cz\/wp-content\/uploads\/2025\/01\/etatherm-logo.png","contentUrl":"https:\/\/nove.etatherm.cz\/cz\/wp-content\/uploads\/2025\/01\/etatherm-logo.png","width":119,"height":53,"caption":"Etatherm s.r.o."},"image":{"@id":"https:\/\/nove.etatherm.cz\/cz\/#\/schema\/logo\/image\/"}}]}},"_links":{"self":[{"href":"https:\/\/nove.etatherm.cz\/cz\/wp-json\/wp\/v2\/pages\/187","targetHints":{"allow":["GET"]}}],"collection":[{"href":"https:\/\/nove.etatherm.cz\/cz\/wp-json\/wp\/v2\/pages"}],"about":[{"href":"https:\/\/nove.etatherm.cz\/cz\/wp-json\/wp\/v2\/types\/page"}],"author":[{"embeddable":true,"href":"https:\/\/nove.etatherm.cz\/cz\/wp-json\/wp\/v2\/users\/1"}],"replies":[{"embeddable":true,"href":"https:\/\/nove.etatherm.cz\/cz\/wp-json\/wp\/v2\/comments?post=187"}],"version-history":[{"count":3,"href":"https:\/\/nove.etatherm.cz\/cz\/wp-json\/wp\/v2\/pages\/187\/revisions"}],"predecessor-version":[{"id":415,"href":"https:\/\/nove.etatherm.cz\/cz\/wp-json\/wp\/v2\/pages\/187\/revisions\/415"}],"up":[{"embeddable":true,"href":"https:\/\/nove.etatherm.cz\/cz\/wp-json\/wp\/v2\/pages\/10"}],"wp:attachment":[{"href":"https:\/\/nove.etatherm.cz\/cz\/wp-json\/wp\/v2\/media?parent=187"}],"curies":[{"name":"wp","href":"https:\/\/api.w.org\/{rel}","templated":true}]}}