{"id":185,"date":"2025-06-04T13:19:29","date_gmt":"2025-06-04T11:19:29","guid":{"rendered":"https:\/\/nove.etatherm.cz\/cz\/?page_id=185"},"modified":"2025-06-11T10:03:00","modified_gmt":"2025-06-11T08:03:00","slug":"oddelena-cidla","status":"publish","type":"page","link":"https:\/\/nove.etatherm.cz\/cz\/produkty\/oddelena-cidla\/","title":{"rendered":"Odd\u011blen\u00e1 \u010didla"},"content":{"rendered":"\n<h1 class=\"wp-block-heading\">ODD\u011aLEN\u00c1 TEPLOTN\u00cd \u010cIDLA<\/h1>\n\n\n\n<p>Aplikuj\u00ed se v p\u0159\u00edpadech, kdy:<\/p>\n\n\n\n<ul class=\"wp-block-list\">\n<li>prostorov\u00e1 teplota v okol\u00ed hlavice je v\u00fdrazn\u011b odchyln\u00e1 od prostorov\u00e9 teploty vyt\u00e1p\u011bn\u00e9 m\u00edstnosti, tzn., \u017ee radi\u00e1tor se nach\u00e1z\u00ed v hlubok\u00e9m v\u00fdklenku, p\u0159\u00edp. je um\u00edst\u011bn v krytu, pod parapetem atd,<\/li>\n\n\n\n<li>hlavici nelze um\u00edstit ve svisl\u00e9 poloze a cirkulace okolo teplotn\u00edho \u010didla je nedostate\u010dn\u00e1,<\/li>\n\n\n\n<li>ventil je um\u00edst\u011bn vn\u011b regulovan\u00e9ho prostoru,<\/li>\n\n\n\n<li>je t\u0159eba sn\u00edmat:<br>&#8211; venkovn\u00ed teplotu,<br>&#8211; teplotu speci\u00e1ln\u00edch prost\u0159ed\u00ed nebo t\u011bles (otopn\u00e9ho m\u00e9dia, teplovzdu\u0161n\u00e9ho kan\u00e1lu, podlahy atd.).<\/li>\n<\/ul>\n\n\n\n<p>Ve v\u0161ech p\u0159\u00edpadech z\u016fst\u00e1v\u00e1 deska elektroniky v hlavici (koncov\u00e9m modulu) a dvou\u017eilov\u00fdm st\u00edn\u011bn\u00fdm vodi\u010dem, kter\u00fd m\u016f\u017ee b\u00fdt sou\u010d\u00e1st\u00ed dod\u00e1vky, se p\u0159ipojuje pouze vlastn\u00ed teplotn\u00ed \u010didlo.<\/p>\n\n\n\n<h2 class=\"wp-block-heading\">TYPY ODD\u011aLEN\u00ddCH \u010cIDEL<\/h2>\n\n\n\n<ul class=\"wp-block-list\">\n<li><strong>SIS<\/strong> &#8211; vnit\u0159n\u00ed \u010didlo v krabi\u010dce PTS-01 (barva b\u00edl\u00e1) se st\u00edn\u011bn\u00fdm kabelem<\/li>\n\n\n\n<li><strong>SES<\/strong> &#8211; \u010didlo v kovov\u00e9 j\u00edmce opat\u0159en\u00e9 silikonovou trubi\u010dkou a s p\u0159\u00edvodem proveden\u00fdm st\u00edn\u011bn\u00fdm silikonov\u00fdm kabelem<\/li>\n\n\n\n<li><strong>SPS<\/strong> &#8211; \u010didlo s plastovou krytkou a s p\u0159\u00edvodem proveden\u00fdm st\u00edn\u011bn\u00fdm silikonov\u00fdm kabelem<\/li>\n\n\n\n<li><strong>\u010cidlo k vestavb\u011b<\/strong> &#8211; termistor 3 s izolovan\u00fdmi v\u00fdvody<\/li>\n<\/ul>\n\n\n\n<p>V\u00edce informac\u00ed najdete v <a href=\"https:\/\/www.etatherm.cz\/cesky\/cidla_a.htm\">archivu<\/a>.<\/p>\n","protected":false},"excerpt":{"rendered":"<p>ODD\u011aLEN\u00c1 TEPLOTN\u00cd \u010cIDLA Aplikuj\u00ed se v p\u0159\u00edpadech, kdy: Ve v\u0161ech p\u0159\u00edpadech z\u016fst\u00e1v\u00e1 deska elektroniky v hlavici (koncov\u00e9m modulu) a dvou\u017eilov\u00fdm st\u00edn\u011bn\u00fdm vodi\u010dem, kter\u00fd m\u016f\u017ee b\u00fdt&hellip;<\/p>\n","protected":false},"author":1,"featured_media":0,"parent":10,"menu_order":0,"comment_status":"closed","ping_status":"closed","template":"","meta":{"footnotes":""},"class_list":["post-185","page","type-page","status-publish","hentry"],"yoast_head":"<!-- This site is optimized with the Yoast SEO plugin v20.4 - https:\/\/yoast.com\/wordpress\/plugins\/seo\/ -->\n<title>Odd\u011blen\u00e1 \u010didla - Etatherm s.r.o.<\/title>\n<meta name=\"description\" content=\"Odd\u011blen\u00e1 teplotn\u00ed \u010didla k elektronick\u00fdm hlavic\u00edm a koncov\u00fdm modul\u016fm syst\u00e9mu ETATHERM\" \/>\n<meta name=\"robots\" content=\"index, follow, max-snippet:-1, max-image-preview:large, max-video-preview:-1\" \/>\n<link rel=\"canonical\" href=\"https:\/\/nove.etatherm.cz\/cz\/produkty\/oddelena-cidla\/\" \/>\n<meta property=\"og:locale\" content=\"cs_CZ\" \/>\n<meta property=\"og:type\" content=\"article\" \/>\n<meta property=\"og:title\" content=\"Odd\u011blen\u00e1 \u010didla - Etatherm s.r.o.\" \/>\n<meta property=\"og:description\" content=\"Odd\u011blen\u00e1 teplotn\u00ed \u010didla k elektronick\u00fdm hlavic\u00edm a koncov\u00fdm modul\u016fm syst\u00e9mu ETATHERM\" \/>\n<meta property=\"og:url\" content=\"https:\/\/nove.etatherm.cz\/cz\/produkty\/oddelena-cidla\/\" \/>\n<meta property=\"og:site_name\" content=\"Etatherm s.r.o.\" \/>\n<meta property=\"article:modified_time\" content=\"2025-06-11T08:03:00+00:00\" \/>\n<meta name=\"twitter:card\" content=\"summary_large_image\" \/>\n<meta name=\"twitter:label1\" content=\"Est. reading time\" \/>\n\t<meta name=\"twitter:data1\" content=\"1 minuta\" \/>\n<script type=\"application\/ld+json\" class=\"yoast-schema-graph\">{\"@context\":\"https:\/\/schema.org\",\"@graph\":[{\"@type\":\"WebPage\",\"@id\":\"https:\/\/nove.etatherm.cz\/cz\/produkty\/oddelena-cidla\/\",\"url\":\"https:\/\/nove.etatherm.cz\/cz\/produkty\/oddelena-cidla\/\",\"name\":\"Odd\u011blen\u00e1 \u010didla - Etatherm s.r.o.\",\"isPartOf\":{\"@id\":\"https:\/\/nove.etatherm.cz\/cz\/#website\"},\"datePublished\":\"2025-06-04T11:19:29+00:00\",\"dateModified\":\"2025-06-11T08:03:00+00:00\",\"description\":\"Odd\u011blen\u00e1 teplotn\u00ed \u010didla k elektronick\u00fdm hlavic\u00edm a koncov\u00fdm modul\u016fm syst\u00e9mu ETATHERM\",\"breadcrumb\":{\"@id\":\"https:\/\/nove.etatherm.cz\/cz\/produkty\/oddelena-cidla\/#breadcrumb\"},\"inLanguage\":\"cs\",\"potentialAction\":[{\"@type\":\"ReadAction\",\"target\":[\"https:\/\/nove.etatherm.cz\/cz\/produkty\/oddelena-cidla\/\"]}]},{\"@type\":\"BreadcrumbList\",\"@id\":\"https:\/\/nove.etatherm.cz\/cz\/produkty\/oddelena-cidla\/#breadcrumb\",\"itemListElement\":[{\"@type\":\"ListItem\",\"position\":1,\"name\":\"\u00davod\",\"item\":\"https:\/\/nove.etatherm.cz\/cz\/\"},{\"@type\":\"ListItem\",\"position\":2,\"name\":\"Produkty\",\"item\":\"https:\/\/nove.etatherm.cz\/cz\/produkty\/\"},{\"@type\":\"ListItem\",\"position\":3,\"name\":\"Odd\u011blen\u00e1 \u010didla\"}]},{\"@type\":\"WebSite\",\"@id\":\"https:\/\/nove.etatherm.cz\/cz\/#website\",\"url\":\"https:\/\/nove.etatherm.cz\/cz\/\",\"name\":\"Etatherm s.r.o.\",\"description\":\"Programov\u011b \u0159\u00edzen\u00e1 regulace vyt\u00e1p\u011bn\u00ed ETATHERM  k individu\u00e1ln\u00ed regulaci vyt\u00e1p\u011bn\u00ed jednotliv\u00fdch m\u00edstnost\u00ed\",\"publisher\":{\"@id\":\"https:\/\/nove.etatherm.cz\/cz\/#organization\"},\"potentialAction\":[{\"@type\":\"SearchAction\",\"target\":{\"@type\":\"EntryPoint\",\"urlTemplate\":\"https:\/\/nove.etatherm.cz\/cz\/?s={search_term_string}\"},\"query-input\":\"required name=search_term_string\"}],\"inLanguage\":\"cs\"},{\"@type\":\"Organization\",\"@id\":\"https:\/\/nove.etatherm.cz\/cz\/#organization\",\"name\":\"Etatherm s.r.o.\",\"url\":\"https:\/\/nove.etatherm.cz\/cz\/\",\"logo\":{\"@type\":\"ImageObject\",\"inLanguage\":\"cs\",\"@id\":\"https:\/\/nove.etatherm.cz\/cz\/#\/schema\/logo\/image\/\",\"url\":\"https:\/\/nove.etatherm.cz\/cz\/wp-content\/uploads\/2025\/01\/etatherm-logo.png\",\"contentUrl\":\"https:\/\/nove.etatherm.cz\/cz\/wp-content\/uploads\/2025\/01\/etatherm-logo.png\",\"width\":119,\"height\":53,\"caption\":\"Etatherm s.r.o.\"},\"image\":{\"@id\":\"https:\/\/nove.etatherm.cz\/cz\/#\/schema\/logo\/image\/\"}}]}<\/script>\n<!-- \/ Yoast SEO plugin. -->","yoast_head_json":{"title":"Odd\u011blen\u00e1 \u010didla - Etatherm s.r.o.","description":"Odd\u011blen\u00e1 teplotn\u00ed \u010didla k elektronick\u00fdm hlavic\u00edm a koncov\u00fdm modul\u016fm syst\u00e9mu ETATHERM","robots":{"index":"index","follow":"follow","max-snippet":"max-snippet:-1","max-image-preview":"max-image-preview:large","max-video-preview":"max-video-preview:-1"},"canonical":"https:\/\/nove.etatherm.cz\/cz\/produkty\/oddelena-cidla\/","og_locale":"cs_CZ","og_type":"article","og_title":"Odd\u011blen\u00e1 \u010didla - Etatherm s.r.o.","og_description":"Odd\u011blen\u00e1 teplotn\u00ed \u010didla k elektronick\u00fdm hlavic\u00edm a koncov\u00fdm modul\u016fm syst\u00e9mu ETATHERM","og_url":"https:\/\/nove.etatherm.cz\/cz\/produkty\/oddelena-cidla\/","og_site_name":"Etatherm s.r.o.","article_modified_time":"2025-06-11T08:03:00+00:00","twitter_card":"summary_large_image","twitter_misc":{"Est. reading time":"1 minuta"},"schema":{"@context":"https:\/\/schema.org","@graph":[{"@type":"WebPage","@id":"https:\/\/nove.etatherm.cz\/cz\/produkty\/oddelena-cidla\/","url":"https:\/\/nove.etatherm.cz\/cz\/produkty\/oddelena-cidla\/","name":"Odd\u011blen\u00e1 \u010didla - Etatherm s.r.o.","isPartOf":{"@id":"https:\/\/nove.etatherm.cz\/cz\/#website"},"datePublished":"2025-06-04T11:19:29+00:00","dateModified":"2025-06-11T08:03:00+00:00","description":"Odd\u011blen\u00e1 teplotn\u00ed \u010didla k elektronick\u00fdm hlavic\u00edm a koncov\u00fdm modul\u016fm syst\u00e9mu ETATHERM","breadcrumb":{"@id":"https:\/\/nove.etatherm.cz\/cz\/produkty\/oddelena-cidla\/#breadcrumb"},"inLanguage":"cs","potentialAction":[{"@type":"ReadAction","target":["https:\/\/nove.etatherm.cz\/cz\/produkty\/oddelena-cidla\/"]}]},{"@type":"BreadcrumbList","@id":"https:\/\/nove.etatherm.cz\/cz\/produkty\/oddelena-cidla\/#breadcrumb","itemListElement":[{"@type":"ListItem","position":1,"name":"\u00davod","item":"https:\/\/nove.etatherm.cz\/cz\/"},{"@type":"ListItem","position":2,"name":"Produkty","item":"https:\/\/nove.etatherm.cz\/cz\/produkty\/"},{"@type":"ListItem","position":3,"name":"Odd\u011blen\u00e1 \u010didla"}]},{"@type":"WebSite","@id":"https:\/\/nove.etatherm.cz\/cz\/#website","url":"https:\/\/nove.etatherm.cz\/cz\/","name":"Etatherm s.r.o.","description":"Programov\u011b \u0159\u00edzen\u00e1 regulace vyt\u00e1p\u011bn\u00ed ETATHERM  k individu\u00e1ln\u00ed regulaci vyt\u00e1p\u011bn\u00ed jednotliv\u00fdch m\u00edstnost\u00ed","publisher":{"@id":"https:\/\/nove.etatherm.cz\/cz\/#organization"},"potentialAction":[{"@type":"SearchAction","target":{"@type":"EntryPoint","urlTemplate":"https:\/\/nove.etatherm.cz\/cz\/?s={search_term_string}"},"query-input":"required name=search_term_string"}],"inLanguage":"cs"},{"@type":"Organization","@id":"https:\/\/nove.etatherm.cz\/cz\/#organization","name":"Etatherm s.r.o.","url":"https:\/\/nove.etatherm.cz\/cz\/","logo":{"@type":"ImageObject","inLanguage":"cs","@id":"https:\/\/nove.etatherm.cz\/cz\/#\/schema\/logo\/image\/","url":"https:\/\/nove.etatherm.cz\/cz\/wp-content\/uploads\/2025\/01\/etatherm-logo.png","contentUrl":"https:\/\/nove.etatherm.cz\/cz\/wp-content\/uploads\/2025\/01\/etatherm-logo.png","width":119,"height":53,"caption":"Etatherm s.r.o."},"image":{"@id":"https:\/\/nove.etatherm.cz\/cz\/#\/schema\/logo\/image\/"}}]}},"_links":{"self":[{"href":"https:\/\/nove.etatherm.cz\/cz\/wp-json\/wp\/v2\/pages\/185","targetHints":{"allow":["GET"]}}],"collection":[{"href":"https:\/\/nove.etatherm.cz\/cz\/wp-json\/wp\/v2\/pages"}],"about":[{"href":"https:\/\/nove.etatherm.cz\/cz\/wp-json\/wp\/v2\/types\/page"}],"author":[{"embeddable":true,"href":"https:\/\/nove.etatherm.cz\/cz\/wp-json\/wp\/v2\/users\/1"}],"replies":[{"embeddable":true,"href":"https:\/\/nove.etatherm.cz\/cz\/wp-json\/wp\/v2\/comments?post=185"}],"version-history":[{"count":7,"href":"https:\/\/nove.etatherm.cz\/cz\/wp-json\/wp\/v2\/pages\/185\/revisions"}],"predecessor-version":[{"id":308,"href":"https:\/\/nove.etatherm.cz\/cz\/wp-json\/wp\/v2\/pages\/185\/revisions\/308"}],"up":[{"embeddable":true,"href":"https:\/\/nove.etatherm.cz\/cz\/wp-json\/wp\/v2\/pages\/10"}],"wp:attachment":[{"href":"https:\/\/nove.etatherm.cz\/cz\/wp-json\/wp\/v2\/media?parent=185"}],"curies":[{"name":"wp","href":"https:\/\/api.w.org\/{rel}","templated":true}]}}