{"id":183,"date":"2025-06-04T13:18:59","date_gmt":"2025-06-04T11:18:59","guid":{"rendered":"https:\/\/nove.etatherm.cz\/cz\/?page_id=183"},"modified":"2025-08-15T16:34:25","modified_gmt":"2025-08-15T14:34:25","slug":"koncovy-modul-kd","status":"publish","type":"page","link":"https:\/\/nove.etatherm.cz\/cz\/produkty\/koncovy-modul-kd\/","title":{"rendered":"Koncov\u00fd modul KD"},"content":{"rendered":"\n<h1 class=\"wp-block-heading\">KONCOV\u00dd MODUL KD<\/h1>\n\n\n\n<p>Koncov\u00fd modul KD soupravy ETATHERM je ur\u010den k ovl\u00e1d\u00e1n\u00ed desek pam\u011b\u0165ov\u00fdch rel\u00e9 DRP v z\u00e1vislosti na programu a <strong>dvou sn\u00edman\u00fdch teplot\u00e1ch<\/strong>.<\/p>\n\n\n\n<figure class=\"wp-block-image size-full\"><img loading=\"lazy\" decoding=\"async\" width=\"629\" height=\"338\" src=\"https:\/\/nove.etatherm.cz\/cz\/wp-content\/uploads\/2025\/06\/ks_p.gif\" alt=\"Koncov\u00fd modul KS - n\u00e1kres\" class=\"wp-image-291\"\/><\/figure>\n\n\n\n<p><strong>K jedn\u00e9 adrese soupravy mohou b\u00fdt p\u0159ipojeny max. 3 koncov\u00e9 moduly (KS, KD)!<br><strong>Na jedn\u00e9 adrese mohou b\u00fdt prost\u0159ednictv\u00edm koncov\u00fdch modul\u016f ovl\u00e1d\u00e1ny <strong>max. 2ks rel\u00e9 DRP4 nebo DRP3 (DRP3-DIN)!<\/strong><br>Na jedn\u00e9 adrese mohou b\u00fdt prost\u0159ednictv\u00edm koncov\u00fdch modul\u016f ovl\u00e1d\u00e1ny <strong>max. 3ks desek rel\u00e9 DRP2 (DRP2-DIN)!<\/strong><\/strong><\/strong><\/p>\n\n\n\n<p>Je-li k jednomu koncov\u00e9mu modulu KS p\u0159ipojeno v\u00edce desek rel\u00e9 (dv\u011b pro DRP4 a DRP3, dv\u011b nebo t\u0159i pro DRP2), spojuj\u00ed se jejich magnetiza\u010dn\u00ed c\u00edvky (svorky 1, 2 u DRP4, DRP3, DRP2 nebo A1, A2 DRP3-DIN) paraleln\u011b. Pozor na spr\u00e1vnou polaritu p\u0159ipojen\u00ed!!!<\/p>\n\n\n\n<figure class=\"wp-block-table\"><table class=\"has-fixed-layout\"><tbody><tr><td><img loading=\"lazy\" decoding=\"async\" src=\"https:\/\/nove.etatherm.cz\/cz\/wp-content\/uploads\/2025\/06\/ks_drp.gif\" width=\"331\" height=\"84\"><\/td><td><img loading=\"lazy\" decoding=\"async\" src=\"https:\/\/nove.etatherm.cz\/cz\/wp-content\/uploads\/2025\/06\/ks_schrack.gif\" width=\"331\" height=\"84\"><\/td><\/tr><\/tbody><\/table><\/figure>\n\n\n\n<p>Typy dod\u00e1van\u00fdch koncov\u00fdch modul\u016f:<\/p>\n\n\n\n<figure class=\"wp-block-table\"><table class=\"has-fixed-layout\"><tbody><tr><td>KD1<\/td><td>koncov\u00fd modul s vnit\u0159n\u00edm <strong>z\u00e1kladn\u00edm<\/strong> teplotn\u00edm \u010didlem a mo\u017enost\u00ed p\u0159ipojen\u00ed dal\u0161\u00edho <strong>pomocn\u00e9ho<\/strong> \u010didla<\/td><\/tr><tr><td>KD2<\/td><td>koncov\u00fd modul pro pou\u017eit\u00ed s odd\u011blen\u00fdm <strong>z\u00e1kladn\u00edm<\/strong> \u010didlem a mo\u017enost\u00ed p\u0159ipojen\u00ed dal\u0161\u00edho <strong>pomocn\u00e9ho<\/strong> teplotn\u00edho \u010didla<\/td><\/tr><tr><td>DPS KD1<\/td><td>deska elektroniky z koncov\u00e9ho modulu KD1 pro um\u00edst\u011bn\u00ed do elektroinstala\u010dn\u00ed krabice<\/td><\/tr><tr><td>DPS KD2<\/td><td>deska elektroniky z koncov\u00e9ho modulu KD2 pro um\u00edst\u011bn\u00ed do elektroinstala\u010dn\u00ed krabice<\/td><\/tr><\/tbody><\/table><\/figure>\n\n\n\n<figure class=\"wp-block-table\"><table class=\"has-fixed-layout\"><tbody><tr><td>Teplotn\u00ed rozsah pro z\u00e1kladn\u00ed \u010didlo:<\/td><td>&nbsp;6 \u00f7 35\u00b0C, programovateln\u00fd po 1\u00b0C<\/td><\/tr><tr><td>Mezn\u00ed teplota pomocn\u00e9ho \u010didla:<\/td><td>&nbsp;konfigurovateln\u00e1 v rozsahu 6 \u00f7 35\u00b0C po 1\u00b0C<\/td><\/tr><\/tbody><\/table><\/figure>\n\n\n\n<p>Moduly KD1, KD2 je mo\u017eno pou\u017e\u00edt do st\u00e1vaj\u00edc\u00edch regula\u010dn\u00edch souprav s \u0159\u00eddic\u00edmi jednotkami ETH1emc, ETH1mod. V souprav\u011b mohou b\u00fdt kombinov\u00e1ny moduly KD se star\u0161\u00edmi moduly KK (KQS, KZS), <strong>na jedn\u00e9 adrese v\u0161ak sm\u011bj\u00ed b\u00fdt pouze koncov\u00e9 moduly stejn\u00e9ho typu(KS+KD) nebo (KK+KQS+KZS)!!!<\/strong><\/p>\n\n\n\n<h2 class=\"wp-block-heading\">Popis funkce modulu KD<\/h2>\n\n\n\n<p>Koncov\u00fd modul KD sp\u00edn\u00e1 \u010di rozp\u00edn\u00e1 p\u0159ipojenou desku DRP podle rozd\u00edlu mezi skute\u010dnou teplotou nam\u011b\u0159enou z\u00e1kladn\u00edm \u010didlem a programovanou teplotou vys\u00edlanou \u0159\u00eddic\u00ed jednotkou, tedy stejn\u011b jako modul KS; tento regula\u010dn\u00ed proces je v\u0161ak v p\u0159\u00edpad\u011b modulu KD nav\u00edc blokov\u00e1n, pokud skute\u010dn\u00e1 teplota m\u011b\u0159en\u00e1 pomocn\u00fdm \u010didlem p\u0159ekro\u010d\u00ed teplotu pro toto \u010didlo konfigurovanou.<\/p>\n\n\n\n<p>Koncov\u00fd modul KD s dv\u011bma \u010didly lze pou\u017e\u00edt nap\u0159. pro regulaci elektrick\u00e9ho podlahov\u00e9ho vyt\u00e1p\u011bn\u00ed. Z\u00e1kladn\u00ed \u010didlo m\u011b\u0159\u00ed teplotu vzduchu ve vyt\u00e1p\u011bn\u00e9 m\u00edstnosti, pomocn\u00e9 \u010didlo je um\u00edst\u011bno v podlaze a m\u011b\u0159\u00ed teplotu podlahy. Dosa\u017een\u00ed programovan\u00e9 teploty vzduchu v m\u00edstnosti nebo p\u0159ekro\u010den\u00ed konfigurovan\u00e9 limitn\u00ed teploty podlahy zp\u016fsob\u00ed rozepnut\u00ed pam\u011b\u0165ov\u00e9ho rel\u00e9 p\u0159ipojen\u00e9ho k modulu.<\/p>\n\n\n\n<p>V\u00edce informac\u00ed najdete v <a href=\"https:\/\/www.etatherm.cz\/cesky\/kd_a.htm\">archivu<\/a>.<\/p>\n","protected":false},"excerpt":{"rendered":"<p>KONCOV\u00dd MODUL KD Koncov\u00fd modul KD soupravy ETATHERM je ur\u010den k ovl\u00e1d\u00e1n\u00ed desek pam\u011b\u0165ov\u00fdch rel\u00e9 DRP v z\u00e1vislosti na programu a dvou sn\u00edman\u00fdch teplot\u00e1ch. K&hellip;<\/p>\n","protected":false},"author":1,"featured_media":0,"parent":10,"menu_order":0,"comment_status":"closed","ping_status":"closed","template":"","meta":{"footnotes":""},"class_list":["post-183","page","type-page","status-publish","hentry"],"yoast_head":"<!-- This site is optimized with the Yoast SEO plugin v20.4 - https:\/\/yoast.com\/wordpress\/plugins\/seo\/ -->\n<title>Koncov\u00fd modul KD - Etatherm s.r.o.<\/title>\n<meta name=\"description\" content=\"Koncov\u00fd modul KD soupravy ETATHERM je ur\u010den k ovl\u00e1d\u00e1n\u00ed desek pam\u011b\u0165ov\u00fdch rel\u00e9 DRP v z\u00e1vislosti na programu a dvou sn\u00edman\u00fdch teplot\u00e1ch.\" \/>\n<meta name=\"robots\" content=\"index, follow, max-snippet:-1, max-image-preview:large, max-video-preview:-1\" \/>\n<link rel=\"canonical\" href=\"https:\/\/nove.etatherm.cz\/cz\/produkty\/koncovy-modul-kd\/\" \/>\n<meta property=\"og:locale\" content=\"cs_CZ\" \/>\n<meta property=\"og:type\" content=\"article\" \/>\n<meta property=\"og:title\" content=\"Koncov\u00fd modul KD - Etatherm s.r.o.\" \/>\n<meta property=\"og:description\" content=\"Koncov\u00fd modul KD soupravy ETATHERM je ur\u010den k ovl\u00e1d\u00e1n\u00ed desek pam\u011b\u0165ov\u00fdch rel\u00e9 DRP v z\u00e1vislosti na programu a dvou sn\u00edman\u00fdch teplot\u00e1ch.\" \/>\n<meta property=\"og:url\" content=\"https:\/\/nove.etatherm.cz\/cz\/produkty\/koncovy-modul-kd\/\" \/>\n<meta property=\"og:site_name\" content=\"Etatherm s.r.o.\" \/>\n<meta property=\"article:modified_time\" content=\"2025-08-15T14:34:25+00:00\" \/>\n<meta property=\"og:image\" content=\"https:\/\/nove.etatherm.cz\/cz\/wp-content\/uploads\/2025\/06\/ks_p.gif\" \/>\n<meta name=\"twitter:card\" content=\"summary_large_image\" \/>\n<meta name=\"twitter:label1\" content=\"Est. reading time\" \/>\n\t<meta name=\"twitter:data1\" content=\"3 minuty\" \/>\n<script type=\"application\/ld+json\" class=\"yoast-schema-graph\">{\"@context\":\"https:\/\/schema.org\",\"@graph\":[{\"@type\":\"WebPage\",\"@id\":\"https:\/\/nove.etatherm.cz\/cz\/produkty\/koncovy-modul-kd\/\",\"url\":\"https:\/\/nove.etatherm.cz\/cz\/produkty\/koncovy-modul-kd\/\",\"name\":\"Koncov\u00fd modul KD - Etatherm s.r.o.\",\"isPartOf\":{\"@id\":\"https:\/\/nove.etatherm.cz\/cz\/#website\"},\"datePublished\":\"2025-06-04T11:18:59+00:00\",\"dateModified\":\"2025-08-15T14:34:25+00:00\",\"description\":\"Koncov\u00fd modul KD soupravy ETATHERM je ur\u010den k ovl\u00e1d\u00e1n\u00ed desek pam\u011b\u0165ov\u00fdch rel\u00e9 DRP v z\u00e1vislosti na programu a dvou sn\u00edman\u00fdch teplot\u00e1ch.\",\"breadcrumb\":{\"@id\":\"https:\/\/nove.etatherm.cz\/cz\/produkty\/koncovy-modul-kd\/#breadcrumb\"},\"inLanguage\":\"cs\",\"potentialAction\":[{\"@type\":\"ReadAction\",\"target\":[\"https:\/\/nove.etatherm.cz\/cz\/produkty\/koncovy-modul-kd\/\"]}]},{\"@type\":\"BreadcrumbList\",\"@id\":\"https:\/\/nove.etatherm.cz\/cz\/produkty\/koncovy-modul-kd\/#breadcrumb\",\"itemListElement\":[{\"@type\":\"ListItem\",\"position\":1,\"name\":\"\u00davod\",\"item\":\"https:\/\/nove.etatherm.cz\/cz\/\"},{\"@type\":\"ListItem\",\"position\":2,\"name\":\"Produkty\",\"item\":\"https:\/\/nove.etatherm.cz\/cz\/produkty\/\"},{\"@type\":\"ListItem\",\"position\":3,\"name\":\"Koncov\u00fd modul KD\"}]},{\"@type\":\"WebSite\",\"@id\":\"https:\/\/nove.etatherm.cz\/cz\/#website\",\"url\":\"https:\/\/nove.etatherm.cz\/cz\/\",\"name\":\"Etatherm s.r.o.\",\"description\":\"Programov\u011b \u0159\u00edzen\u00e1 regulace vyt\u00e1p\u011bn\u00ed ETATHERM  k individu\u00e1ln\u00ed regulaci vyt\u00e1p\u011bn\u00ed jednotliv\u00fdch m\u00edstnost\u00ed\",\"publisher\":{\"@id\":\"https:\/\/nove.etatherm.cz\/cz\/#organization\"},\"potentialAction\":[{\"@type\":\"SearchAction\",\"target\":{\"@type\":\"EntryPoint\",\"urlTemplate\":\"https:\/\/nove.etatherm.cz\/cz\/?s={search_term_string}\"},\"query-input\":\"required name=search_term_string\"}],\"inLanguage\":\"cs\"},{\"@type\":\"Organization\",\"@id\":\"https:\/\/nove.etatherm.cz\/cz\/#organization\",\"name\":\"Etatherm s.r.o.\",\"url\":\"https:\/\/nove.etatherm.cz\/cz\/\",\"logo\":{\"@type\":\"ImageObject\",\"inLanguage\":\"cs\",\"@id\":\"https:\/\/nove.etatherm.cz\/cz\/#\/schema\/logo\/image\/\",\"url\":\"https:\/\/nove.etatherm.cz\/cz\/wp-content\/uploads\/2025\/01\/etatherm-logo.png\",\"contentUrl\":\"https:\/\/nove.etatherm.cz\/cz\/wp-content\/uploads\/2025\/01\/etatherm-logo.png\",\"width\":119,\"height\":53,\"caption\":\"Etatherm s.r.o.\"},\"image\":{\"@id\":\"https:\/\/nove.etatherm.cz\/cz\/#\/schema\/logo\/image\/\"}}]}<\/script>\n<!-- \/ Yoast SEO plugin. -->","yoast_head_json":{"title":"Koncov\u00fd modul KD - Etatherm s.r.o.","description":"Koncov\u00fd modul KD soupravy ETATHERM je ur\u010den k ovl\u00e1d\u00e1n\u00ed desek pam\u011b\u0165ov\u00fdch rel\u00e9 DRP v z\u00e1vislosti na programu a dvou sn\u00edman\u00fdch teplot\u00e1ch.","robots":{"index":"index","follow":"follow","max-snippet":"max-snippet:-1","max-image-preview":"max-image-preview:large","max-video-preview":"max-video-preview:-1"},"canonical":"https:\/\/nove.etatherm.cz\/cz\/produkty\/koncovy-modul-kd\/","og_locale":"cs_CZ","og_type":"article","og_title":"Koncov\u00fd modul KD - Etatherm s.r.o.","og_description":"Koncov\u00fd modul KD soupravy ETATHERM je ur\u010den k ovl\u00e1d\u00e1n\u00ed desek pam\u011b\u0165ov\u00fdch rel\u00e9 DRP v z\u00e1vislosti na programu a dvou sn\u00edman\u00fdch teplot\u00e1ch.","og_url":"https:\/\/nove.etatherm.cz\/cz\/produkty\/koncovy-modul-kd\/","og_site_name":"Etatherm s.r.o.","article_modified_time":"2025-08-15T14:34:25+00:00","og_image":[{"url":"https:\/\/nove.etatherm.cz\/cz\/wp-content\/uploads\/2025\/06\/ks_p.gif"}],"twitter_card":"summary_large_image","twitter_misc":{"Est. reading time":"3 minuty"},"schema":{"@context":"https:\/\/schema.org","@graph":[{"@type":"WebPage","@id":"https:\/\/nove.etatherm.cz\/cz\/produkty\/koncovy-modul-kd\/","url":"https:\/\/nove.etatherm.cz\/cz\/produkty\/koncovy-modul-kd\/","name":"Koncov\u00fd modul KD - Etatherm s.r.o.","isPartOf":{"@id":"https:\/\/nove.etatherm.cz\/cz\/#website"},"datePublished":"2025-06-04T11:18:59+00:00","dateModified":"2025-08-15T14:34:25+00:00","description":"Koncov\u00fd modul KD soupravy ETATHERM je ur\u010den k ovl\u00e1d\u00e1n\u00ed desek pam\u011b\u0165ov\u00fdch rel\u00e9 DRP v z\u00e1vislosti na programu a dvou sn\u00edman\u00fdch teplot\u00e1ch.","breadcrumb":{"@id":"https:\/\/nove.etatherm.cz\/cz\/produkty\/koncovy-modul-kd\/#breadcrumb"},"inLanguage":"cs","potentialAction":[{"@type":"ReadAction","target":["https:\/\/nove.etatherm.cz\/cz\/produkty\/koncovy-modul-kd\/"]}]},{"@type":"BreadcrumbList","@id":"https:\/\/nove.etatherm.cz\/cz\/produkty\/koncovy-modul-kd\/#breadcrumb","itemListElement":[{"@type":"ListItem","position":1,"name":"\u00davod","item":"https:\/\/nove.etatherm.cz\/cz\/"},{"@type":"ListItem","position":2,"name":"Produkty","item":"https:\/\/nove.etatherm.cz\/cz\/produkty\/"},{"@type":"ListItem","position":3,"name":"Koncov\u00fd modul KD"}]},{"@type":"WebSite","@id":"https:\/\/nove.etatherm.cz\/cz\/#website","url":"https:\/\/nove.etatherm.cz\/cz\/","name":"Etatherm s.r.o.","description":"Programov\u011b \u0159\u00edzen\u00e1 regulace vyt\u00e1p\u011bn\u00ed ETATHERM  k individu\u00e1ln\u00ed regulaci vyt\u00e1p\u011bn\u00ed jednotliv\u00fdch m\u00edstnost\u00ed","publisher":{"@id":"https:\/\/nove.etatherm.cz\/cz\/#organization"},"potentialAction":[{"@type":"SearchAction","target":{"@type":"EntryPoint","urlTemplate":"https:\/\/nove.etatherm.cz\/cz\/?s={search_term_string}"},"query-input":"required name=search_term_string"}],"inLanguage":"cs"},{"@type":"Organization","@id":"https:\/\/nove.etatherm.cz\/cz\/#organization","name":"Etatherm s.r.o.","url":"https:\/\/nove.etatherm.cz\/cz\/","logo":{"@type":"ImageObject","inLanguage":"cs","@id":"https:\/\/nove.etatherm.cz\/cz\/#\/schema\/logo\/image\/","url":"https:\/\/nove.etatherm.cz\/cz\/wp-content\/uploads\/2025\/01\/etatherm-logo.png","contentUrl":"https:\/\/nove.etatherm.cz\/cz\/wp-content\/uploads\/2025\/01\/etatherm-logo.png","width":119,"height":53,"caption":"Etatherm s.r.o."},"image":{"@id":"https:\/\/nove.etatherm.cz\/cz\/#\/schema\/logo\/image\/"}}]}},"_links":{"self":[{"href":"https:\/\/nove.etatherm.cz\/cz\/wp-json\/wp\/v2\/pages\/183","targetHints":{"allow":["GET"]}}],"collection":[{"href":"https:\/\/nove.etatherm.cz\/cz\/wp-json\/wp\/v2\/pages"}],"about":[{"href":"https:\/\/nove.etatherm.cz\/cz\/wp-json\/wp\/v2\/types\/page"}],"author":[{"embeddable":true,"href":"https:\/\/nove.etatherm.cz\/cz\/wp-json\/wp\/v2\/users\/1"}],"replies":[{"embeddable":true,"href":"https:\/\/nove.etatherm.cz\/cz\/wp-json\/wp\/v2\/comments?post=183"}],"version-history":[{"count":3,"href":"https:\/\/nove.etatherm.cz\/cz\/wp-json\/wp\/v2\/pages\/183\/revisions"}],"predecessor-version":[{"id":419,"href":"https:\/\/nove.etatherm.cz\/cz\/wp-json\/wp\/v2\/pages\/183\/revisions\/419"}],"up":[{"embeddable":true,"href":"https:\/\/nove.etatherm.cz\/cz\/wp-json\/wp\/v2\/pages\/10"}],"wp:attachment":[{"href":"https:\/\/nove.etatherm.cz\/cz\/wp-json\/wp\/v2\/media?parent=183"}],"curies":[{"name":"wp","href":"https:\/\/api.w.org\/{rel}","templated":true}]}}