{"id":181,"date":"2025-06-04T13:18:35","date_gmt":"2025-06-04T11:18:35","guid":{"rendered":"https:\/\/nove.etatherm.cz\/cz\/?page_id=181"},"modified":"2025-08-15T16:33:02","modified_gmt":"2025-08-15T14:33:02","slug":"koncovy-modul-ks","status":"publish","type":"page","link":"https:\/\/nove.etatherm.cz\/cz\/produkty\/koncovy-modul-ks\/","title":{"rendered":"Koncov\u00fd modul KS"},"content":{"rendered":"\n<h1 class=\"wp-block-heading\">KONCOV\u00dd MODUL KS<\/h1>\n\n\n\n<p>Koncov\u00fd modul KS soupravy ETATHERM je ur\u010den k ovl\u00e1d\u00e1n\u00ed desek pam\u011b\u0165ov\u00fdch rel\u00e9 DRP v z\u00e1vislosti na programu a sn\u00edman\u00e9 teplot\u011b.<\/p>\n\n\n\n<figure class=\"wp-block-image size-full\"><img loading=\"lazy\" decoding=\"async\" width=\"629\" height=\"338\" src=\"https:\/\/nove.etatherm.cz\/cz\/wp-content\/uploads\/2025\/06\/ks_p.gif\" alt=\"Koncov\u00fd modul KS - n\u00e1kres\" class=\"wp-image-291\"\/><\/figure>\n\n\n\n<p><strong>K jedn\u00e9 adrese soupravy mohou b\u00fdt p\u0159ipojeny max. 3 koncov\u00e9 moduly!<br>Na jedn\u00e9 adrese mohou b\u00fdt prost\u0159ednictv\u00edm koncov\u00fdch modul\u016f ovl\u00e1d\u00e1ny <strong>max. 2ks rel\u00e9 DRP4 nebo DRP3 (DRP3-DIN)!<\/strong><br>Na jedn\u00e9 adrese mohou b\u00fdt prost\u0159ednictv\u00edm koncov\u00fdch modul\u016f ovl\u00e1d\u00e1ny <strong>max. 3ks desek rel\u00e9 DRP2 (DRP2-DIN)!<\/strong><\/strong><\/p>\n\n\n\n<p>Je-li k jednomu koncov\u00e9mu modulu KS p\u0159ipojeno v\u00edce desek rel\u00e9 (dv\u011b pro DRP4 a DRP3, dv\u011b nebo t\u0159i pro DRP2), spojuj\u00ed se jejich magnetiza\u010dn\u00ed c\u00edvky (svorky 1, 2 u DRP4, DRP3, DRP2 nebo A1, A2 DRP3-DIN) paraleln\u011b. Pozor na spr\u00e1vnou polaritu p\u0159ipojen\u00ed!!!<\/p>\n\n\n\n<figure class=\"wp-block-table\"><table class=\"has-fixed-layout\"><tbody><tr><td><img loading=\"lazy\" decoding=\"async\" src=\"https:\/\/nove.etatherm.cz\/cz\/wp-content\/uploads\/2025\/06\/ks_drp.gif\" width=\"331\" height=\"84\"><\/td><td><img loading=\"lazy\" decoding=\"async\" src=\"https:\/\/nove.etatherm.cz\/cz\/wp-content\/uploads\/2025\/06\/ks_schrack.gif\" width=\"331\" height=\"84\"><\/td><\/tr><\/tbody><\/table><\/figure>\n\n\n\n<p>Typy dod\u00e1van\u00fdch koncov\u00fdch modul\u016f KS:<\/p>\n\n\n\n<figure class=\"wp-block-table\"><table class=\"has-fixed-layout\"><tbody><tr><td>KS1<\/td><td>koncov\u00fd modul s vnit\u0159n\u00edm \u010didlem teploty<\/td><\/tr><tr><td>KS2<\/td><td>koncov\u00fd modul bez teplotn\u00edho \u010didla &#8211; pro pou\u017eit\u00ed s odd\u011blen\u00fdm \u010didlem teploty (SES, SIS)<\/td><\/tr><tr><td>KS3<\/td><td>koncov\u00fd modul s teplotn\u00edm rozsahem 6 \u00f7 93\u00b0C a volitelnou hysterez\u00ed &#8211; pro pou\u017eit\u00ed s odd\u011blen\u00fdm \u010didlem SES<\/td><\/tr><tr><td>KS7<\/td><td>koncov\u00fd modul s odporem (22k) nahrazuj\u00edc\u00edm teplotn\u00ed \u010didlo (v rozsahu 6\u00f735\u00b0C imituje teplotu cca 23\u00b0C)<\/td><\/tr><tr><td>DPS KS1<\/td><td>deska z koncov\u00e9ho modulu KS1 pro um\u00edst\u011bn\u00ed do elektroinstala\u010dn\u00ed krabice<\/td><\/tr><tr><td>DPS KS2<\/td><td>deska z koncov\u00e9ho modulu KS2 pro um\u00edst\u011bn\u00ed do elektroinstala\u010dn\u00ed krabice<\/td><\/tr><tr><td>DPS KS3<\/td><td>deska z koncov\u00e9ho modulu KS3 pro um\u00edst\u011bn\u00ed do elektroinstala\u010dn\u00ed krabice<\/td><\/tr><tr><td>DPS KS7<\/td><td>deska z koncov\u00e9ho modulu KS7 pro um\u00edst\u011bn\u00ed do elektroinstala\u010dn\u00ed krabice<\/td><\/tr><\/tbody><\/table><\/figure>\n\n\n\n<p>Teplotn\u00ed hysterezi modul\u016f KS3 lze konfigurovat v rozsahu 0 \u00f7 21\u00b0C po kroc\u00edch 3\u00b0C. Hystereze je asymetrick\u00e1; po dosa\u017een\u00ed programovan\u00e9 teploty modul vyp\u00edn\u00e1 rel\u00e9; zap\u00edn\u00e1 p\u0159i poklesu o nastavenou hysterezi.<\/p>\n\n\n\n<p>Pou\u017eiteln\u00e9 teplotn\u00ed rozsahy (neplat\u00ed pro KS3):<\/p>\n\n\n\n<figure class=\"wp-block-table\"><table class=\"has-fixed-layout\"><tbody><tr><td><strong>+6 a\u017e +35\u00b0C<\/strong><\/td><td>nastaviteln\u00fd po 1\u00b0C<\/td><td>z\u00e1kladn\u00ed<\/td><\/tr><tr><td>+11 a\u017e +40\u00b0C<\/td><td>nastaviteln\u00fd po 1\u00b0C<\/td><td>konfigurovateln\u00fd<\/td><\/tr><tr><td>-8 a\u017e +21\u00b0C<\/td><td>nastaviteln\u00fd po 1\u00b0C<\/td><td>konfigurovateln\u00fd<\/td><\/tr><tr><td>-28 a\u017e +30\u00b0C<\/td><td>nastaviteln\u00fd po 2\u00b0C<\/td><td>konfigurovateln\u00fd<\/td><\/tr><tr><td>+6 a\u017e +93\u00b0C<\/td><td>nastaviteln\u00fd po 3\u00b0C<\/td><td>konfigurovateln\u00fd<\/td><\/tr><\/tbody><\/table><\/figure>\n\n\n\n<p>Moduly KS1, KS2, KS3, KS7 je mo\u017eno pou\u017e\u00edt do st\u00e1vaj\u00edc\u00edch regula\u010dn\u00edch souprav s \u0159\u00eddic\u00edmi jednotkami ETH1emc, ETH1mod. V souprav\u011b mohou b\u00fdt kombinov\u00e1ny moduly KS s moduly KK (KQS, KZS), <strong>na jedn\u00e9 adrese v\u0161ak sm\u011bj\u00ed b\u00fdt pouze koncov\u00e9 moduly stejn\u00e9ho typu!!!<\/strong><\/p>\n\n\n\n<p>Uveden\u00e1 proveden\u00ed nahrazuj\u00ed d\u0159\u00edve dod\u00e1van\u00e9 typy modul\u016f s ozna\u010den\u00edm KK, KQS, KZS, KM. Mo\u017enosti n\u00e1hrad, dopln\u011bn\u00ed nebo kombinace r\u016fzn\u00fdch typ\u016f ve st\u00e1vaj\u00edc\u00edch aplikac\u00edch je nutno konzultovat s v\u00fdrobcem nebo autorizovanou mont\u00e1\u017en\u00ed firmou.<\/p>\n\n\n\n<p>V\u00edce informac\u00ed najdete v <a href=\"https:\/\/www.etatherm.cz\/cesky\/ks_a.htm\">archivu<\/a>.<\/p>\n","protected":false},"excerpt":{"rendered":"<p>KONCOV\u00dd MODUL KS Koncov\u00fd modul KS soupravy ETATHERM je ur\u010den k ovl\u00e1d\u00e1n\u00ed desek pam\u011b\u0165ov\u00fdch rel\u00e9 DRP v z\u00e1vislosti na programu a sn\u00edman\u00e9 teplot\u011b. K jedn\u00e9&hellip;<\/p>\n","protected":false},"author":1,"featured_media":0,"parent":10,"menu_order":0,"comment_status":"closed","ping_status":"closed","template":"","meta":{"footnotes":""},"class_list":["post-181","page","type-page","status-publish","hentry"],"yoast_head":"<!-- This site is optimized with the Yoast SEO plugin v20.4 - https:\/\/yoast.com\/wordpress\/plugins\/seo\/ -->\n<title>Koncov\u00fd modul KS - Etatherm s.r.o.<\/title>\n<meta name=\"description\" content=\"Koncov\u00fd modul KS soupravy ETATHERM je ur\u010den k ovl\u00e1d\u00e1n\u00ed desek pam\u011b\u0165ov\u00fdch rel\u00e9 DRP v z\u00e1vislosti na programu a sn\u00edman\u00e9 teplot\u011b.\" \/>\n<meta name=\"robots\" content=\"index, follow, max-snippet:-1, max-image-preview:large, max-video-preview:-1\" \/>\n<link rel=\"canonical\" href=\"https:\/\/nove.etatherm.cz\/cz\/produkty\/koncovy-modul-ks\/\" \/>\n<meta property=\"og:locale\" content=\"cs_CZ\" \/>\n<meta property=\"og:type\" content=\"article\" \/>\n<meta property=\"og:title\" content=\"Koncov\u00fd modul KS - Etatherm s.r.o.\" \/>\n<meta property=\"og:description\" content=\"Koncov\u00fd modul KS soupravy ETATHERM je ur\u010den k ovl\u00e1d\u00e1n\u00ed desek pam\u011b\u0165ov\u00fdch rel\u00e9 DRP v z\u00e1vislosti na programu a sn\u00edman\u00e9 teplot\u011b.\" \/>\n<meta property=\"og:url\" content=\"https:\/\/nove.etatherm.cz\/cz\/produkty\/koncovy-modul-ks\/\" \/>\n<meta property=\"og:site_name\" content=\"Etatherm s.r.o.\" \/>\n<meta property=\"article:modified_time\" content=\"2025-08-15T14:33:02+00:00\" \/>\n<meta property=\"og:image\" content=\"https:\/\/nove.etatherm.cz\/cz\/wp-content\/uploads\/2025\/06\/ks_p.gif\" \/>\n<meta name=\"twitter:card\" content=\"summary_large_image\" \/>\n<meta name=\"twitter:label1\" content=\"Est. reading time\" \/>\n\t<meta name=\"twitter:data1\" content=\"3 minuty\" \/>\n<script type=\"application\/ld+json\" class=\"yoast-schema-graph\">{\"@context\":\"https:\/\/schema.org\",\"@graph\":[{\"@type\":\"WebPage\",\"@id\":\"https:\/\/nove.etatherm.cz\/cz\/produkty\/koncovy-modul-ks\/\",\"url\":\"https:\/\/nove.etatherm.cz\/cz\/produkty\/koncovy-modul-ks\/\",\"name\":\"Koncov\u00fd modul KS - Etatherm s.r.o.\",\"isPartOf\":{\"@id\":\"https:\/\/nove.etatherm.cz\/cz\/#website\"},\"datePublished\":\"2025-06-04T11:18:35+00:00\",\"dateModified\":\"2025-08-15T14:33:02+00:00\",\"description\":\"Koncov\u00fd modul KS soupravy ETATHERM je ur\u010den k ovl\u00e1d\u00e1n\u00ed desek pam\u011b\u0165ov\u00fdch rel\u00e9 DRP v z\u00e1vislosti na programu a sn\u00edman\u00e9 teplot\u011b.\",\"breadcrumb\":{\"@id\":\"https:\/\/nove.etatherm.cz\/cz\/produkty\/koncovy-modul-ks\/#breadcrumb\"},\"inLanguage\":\"cs\",\"potentialAction\":[{\"@type\":\"ReadAction\",\"target\":[\"https:\/\/nove.etatherm.cz\/cz\/produkty\/koncovy-modul-ks\/\"]}]},{\"@type\":\"BreadcrumbList\",\"@id\":\"https:\/\/nove.etatherm.cz\/cz\/produkty\/koncovy-modul-ks\/#breadcrumb\",\"itemListElement\":[{\"@type\":\"ListItem\",\"position\":1,\"name\":\"\u00davod\",\"item\":\"https:\/\/nove.etatherm.cz\/cz\/\"},{\"@type\":\"ListItem\",\"position\":2,\"name\":\"Produkty\",\"item\":\"https:\/\/nove.etatherm.cz\/cz\/produkty\/\"},{\"@type\":\"ListItem\",\"position\":3,\"name\":\"Koncov\u00fd modul KS\"}]},{\"@type\":\"WebSite\",\"@id\":\"https:\/\/nove.etatherm.cz\/cz\/#website\",\"url\":\"https:\/\/nove.etatherm.cz\/cz\/\",\"name\":\"Etatherm s.r.o.\",\"description\":\"Programov\u011b \u0159\u00edzen\u00e1 regulace vyt\u00e1p\u011bn\u00ed ETATHERM  k individu\u00e1ln\u00ed regulaci vyt\u00e1p\u011bn\u00ed jednotliv\u00fdch m\u00edstnost\u00ed\",\"publisher\":{\"@id\":\"https:\/\/nove.etatherm.cz\/cz\/#organization\"},\"potentialAction\":[{\"@type\":\"SearchAction\",\"target\":{\"@type\":\"EntryPoint\",\"urlTemplate\":\"https:\/\/nove.etatherm.cz\/cz\/?s={search_term_string}\"},\"query-input\":\"required name=search_term_string\"}],\"inLanguage\":\"cs\"},{\"@type\":\"Organization\",\"@id\":\"https:\/\/nove.etatherm.cz\/cz\/#organization\",\"name\":\"Etatherm s.r.o.\",\"url\":\"https:\/\/nove.etatherm.cz\/cz\/\",\"logo\":{\"@type\":\"ImageObject\",\"inLanguage\":\"cs\",\"@id\":\"https:\/\/nove.etatherm.cz\/cz\/#\/schema\/logo\/image\/\",\"url\":\"https:\/\/nove.etatherm.cz\/cz\/wp-content\/uploads\/2025\/01\/etatherm-logo.png\",\"contentUrl\":\"https:\/\/nove.etatherm.cz\/cz\/wp-content\/uploads\/2025\/01\/etatherm-logo.png\",\"width\":119,\"height\":53,\"caption\":\"Etatherm s.r.o.\"},\"image\":{\"@id\":\"https:\/\/nove.etatherm.cz\/cz\/#\/schema\/logo\/image\/\"}}]}<\/script>\n<!-- \/ Yoast SEO plugin. -->","yoast_head_json":{"title":"Koncov\u00fd modul KS - Etatherm s.r.o.","description":"Koncov\u00fd modul KS soupravy ETATHERM je ur\u010den k ovl\u00e1d\u00e1n\u00ed desek pam\u011b\u0165ov\u00fdch rel\u00e9 DRP v z\u00e1vislosti na programu a sn\u00edman\u00e9 teplot\u011b.","robots":{"index":"index","follow":"follow","max-snippet":"max-snippet:-1","max-image-preview":"max-image-preview:large","max-video-preview":"max-video-preview:-1"},"canonical":"https:\/\/nove.etatherm.cz\/cz\/produkty\/koncovy-modul-ks\/","og_locale":"cs_CZ","og_type":"article","og_title":"Koncov\u00fd modul KS - Etatherm s.r.o.","og_description":"Koncov\u00fd modul KS soupravy ETATHERM je ur\u010den k ovl\u00e1d\u00e1n\u00ed desek pam\u011b\u0165ov\u00fdch rel\u00e9 DRP v z\u00e1vislosti na programu a sn\u00edman\u00e9 teplot\u011b.","og_url":"https:\/\/nove.etatherm.cz\/cz\/produkty\/koncovy-modul-ks\/","og_site_name":"Etatherm s.r.o.","article_modified_time":"2025-08-15T14:33:02+00:00","og_image":[{"url":"https:\/\/nove.etatherm.cz\/cz\/wp-content\/uploads\/2025\/06\/ks_p.gif"}],"twitter_card":"summary_large_image","twitter_misc":{"Est. reading time":"3 minuty"},"schema":{"@context":"https:\/\/schema.org","@graph":[{"@type":"WebPage","@id":"https:\/\/nove.etatherm.cz\/cz\/produkty\/koncovy-modul-ks\/","url":"https:\/\/nove.etatherm.cz\/cz\/produkty\/koncovy-modul-ks\/","name":"Koncov\u00fd modul KS - Etatherm s.r.o.","isPartOf":{"@id":"https:\/\/nove.etatherm.cz\/cz\/#website"},"datePublished":"2025-06-04T11:18:35+00:00","dateModified":"2025-08-15T14:33:02+00:00","description":"Koncov\u00fd modul KS soupravy ETATHERM je ur\u010den k ovl\u00e1d\u00e1n\u00ed desek pam\u011b\u0165ov\u00fdch rel\u00e9 DRP v z\u00e1vislosti na programu a sn\u00edman\u00e9 teplot\u011b.","breadcrumb":{"@id":"https:\/\/nove.etatherm.cz\/cz\/produkty\/koncovy-modul-ks\/#breadcrumb"},"inLanguage":"cs","potentialAction":[{"@type":"ReadAction","target":["https:\/\/nove.etatherm.cz\/cz\/produkty\/koncovy-modul-ks\/"]}]},{"@type":"BreadcrumbList","@id":"https:\/\/nove.etatherm.cz\/cz\/produkty\/koncovy-modul-ks\/#breadcrumb","itemListElement":[{"@type":"ListItem","position":1,"name":"\u00davod","item":"https:\/\/nove.etatherm.cz\/cz\/"},{"@type":"ListItem","position":2,"name":"Produkty","item":"https:\/\/nove.etatherm.cz\/cz\/produkty\/"},{"@type":"ListItem","position":3,"name":"Koncov\u00fd modul KS"}]},{"@type":"WebSite","@id":"https:\/\/nove.etatherm.cz\/cz\/#website","url":"https:\/\/nove.etatherm.cz\/cz\/","name":"Etatherm s.r.o.","description":"Programov\u011b \u0159\u00edzen\u00e1 regulace vyt\u00e1p\u011bn\u00ed ETATHERM  k individu\u00e1ln\u00ed regulaci vyt\u00e1p\u011bn\u00ed jednotliv\u00fdch m\u00edstnost\u00ed","publisher":{"@id":"https:\/\/nove.etatherm.cz\/cz\/#organization"},"potentialAction":[{"@type":"SearchAction","target":{"@type":"EntryPoint","urlTemplate":"https:\/\/nove.etatherm.cz\/cz\/?s={search_term_string}"},"query-input":"required name=search_term_string"}],"inLanguage":"cs"},{"@type":"Organization","@id":"https:\/\/nove.etatherm.cz\/cz\/#organization","name":"Etatherm s.r.o.","url":"https:\/\/nove.etatherm.cz\/cz\/","logo":{"@type":"ImageObject","inLanguage":"cs","@id":"https:\/\/nove.etatherm.cz\/cz\/#\/schema\/logo\/image\/","url":"https:\/\/nove.etatherm.cz\/cz\/wp-content\/uploads\/2025\/01\/etatherm-logo.png","contentUrl":"https:\/\/nove.etatherm.cz\/cz\/wp-content\/uploads\/2025\/01\/etatherm-logo.png","width":119,"height":53,"caption":"Etatherm s.r.o."},"image":{"@id":"https:\/\/nove.etatherm.cz\/cz\/#\/schema\/logo\/image\/"}}]}},"_links":{"self":[{"href":"https:\/\/nove.etatherm.cz\/cz\/wp-json\/wp\/v2\/pages\/181","targetHints":{"allow":["GET"]}}],"collection":[{"href":"https:\/\/nove.etatherm.cz\/cz\/wp-json\/wp\/v2\/pages"}],"about":[{"href":"https:\/\/nove.etatherm.cz\/cz\/wp-json\/wp\/v2\/types\/page"}],"author":[{"embeddable":true,"href":"https:\/\/nove.etatherm.cz\/cz\/wp-json\/wp\/v2\/users\/1"}],"replies":[{"embeddable":true,"href":"https:\/\/nove.etatherm.cz\/cz\/wp-json\/wp\/v2\/comments?post=181"}],"version-history":[{"count":5,"href":"https:\/\/nove.etatherm.cz\/cz\/wp-json\/wp\/v2\/pages\/181\/revisions"}],"predecessor-version":[{"id":417,"href":"https:\/\/nove.etatherm.cz\/cz\/wp-json\/wp\/v2\/pages\/181\/revisions\/417"}],"up":[{"embeddable":true,"href":"https:\/\/nove.etatherm.cz\/cz\/wp-json\/wp\/v2\/pages\/10"}],"wp:attachment":[{"href":"https:\/\/nove.etatherm.cz\/cz\/wp-json\/wp\/v2\/media?parent=181"}],"curies":[{"name":"wp","href":"https:\/\/api.w.org\/{rel}","templated":true}]}}