{"id":18,"date":"2025-01-23T14:08:36","date_gmt":"2025-01-23T13:08:36","guid":{"rendered":"https:\/\/nove.etatherm.cz\/cz\/?page_id=18"},"modified":"2025-06-11T13:59:20","modified_gmt":"2025-06-11T11:59:20","slug":"kontakt","status":"publish","type":"page","link":"https:\/\/nove.etatherm.cz\/cz\/kontakt\/","title":{"rendered":"Kontakt"},"content":{"rendered":"\n<h1 class=\"wp-block-heading\">KONTAKT<\/h1>\n\n\n\n<p><strong>ETATHERM s.r.o.<\/strong> , Palack\u00e9ho 405\/32A, 784 01 LITOVEL<\/p>\n\n\n\n<p>I\u010c \/ DI\u010c: 48396907 \/ CZ48396907<\/p>\n\n\n\n<p>Spole\u010dnost je zaps\u00e1na v OR veden\u00e9m Krajsk\u00fdm soudem v Ostrav\u011b, odd\u00edl C, vlo\u017eka 10195, z\u00e1kladn\u00ed kapit\u00e1l: 200 000,- K\u010d<\/p>\n\n\n\n<p><strong>TELEFONY:<\/strong><\/p>\n\n\n\n<ul class=\"wp-block-list\">\n<li><strong>+420 732 607 949<\/strong> &#8211; Informace, objedn\u00e1vky, servis<\/li>\n\n\n\n<li><strong>+420 585 341 609<\/strong> &#8211; pevn\u00e1 linka do s\u00eddla firmy<\/li>\n<\/ul>\n\n\n\n<p><strong>EMAIL: <a href=\"mailto: etatherm@etatherm.cz\">etatherm@etatherm.cz<\/a><\/strong><\/p>\n\n\n\n<p><strong>WEB: <a href=\"http:\/\/www.etatherm.cz\">www.etatherm.cz<\/a><\/strong><\/p>\n\n\n\n<p>Kudy k n\u00e1m: <a href=\"https:\/\/mapy.com\/cs\/zakladni?source=firm&amp;id=144464&amp;ds=2&amp;x=17.0708439&amp;y=49.6963337&amp;z=14\" target=\"_blank\" rel=\"noreferrer noopener\">odkaz na mapy.com<\/a><\/p>\n\n\n\n<figure class=\"wp-block-image size-full\"><img loading=\"lazy\" decoding=\"async\" width=\"424\" height=\"249\" src=\"https:\/\/nove.etatherm.cz\/cz\/wp-content\/uploads\/2025\/06\/mapa.gif\" alt=\"mapa\" class=\"wp-image-235\"\/><\/figure>\n","protected":false},"excerpt":{"rendered":"<p>KONTAKT ETATHERM s.r.o. , Palack\u00e9ho 405\/32A, 784 01 LITOVEL I\u010c \/ DI\u010c: 48396907 \/ CZ48396907 Spole\u010dnost je zaps\u00e1na v OR veden\u00e9m Krajsk\u00fdm soudem v Ostrav\u011b,&hellip;<\/p>\n","protected":false},"author":1,"featured_media":0,"parent":0,"menu_order":0,"comment_status":"closed","ping_status":"closed","template":"","meta":{"footnotes":""},"class_list":["post-18","page","type-page","status-publish","hentry"],"yoast_head":"<!-- This site is optimized with the Yoast SEO plugin v20.4 - https:\/\/yoast.com\/wordpress\/plugins\/seo\/ -->\n<title>Kontakt - Etatherm s.r.o.<\/title>\n<meta name=\"description\" content=\"Kontaktn\u00ed informace firmy ETATHERM s.r.o.\" \/>\n<meta name=\"robots\" content=\"index, follow, max-snippet:-1, max-image-preview:large, max-video-preview:-1\" \/>\n<link rel=\"canonical\" href=\"https:\/\/nove.etatherm.cz\/cz\/kontakt\/\" \/>\n<meta property=\"og:locale\" content=\"cs_CZ\" \/>\n<meta property=\"og:type\" content=\"article\" \/>\n<meta property=\"og:title\" content=\"Kontakt - Etatherm s.r.o.\" \/>\n<meta property=\"og:description\" content=\"Kontaktn\u00ed informace firmy ETATHERM s.r.o.\" \/>\n<meta property=\"og:url\" content=\"https:\/\/nove.etatherm.cz\/cz\/kontakt\/\" \/>\n<meta property=\"og:site_name\" content=\"Etatherm s.r.o.\" \/>\n<meta property=\"article:modified_time\" content=\"2025-06-11T11:59:20+00:00\" \/>\n<meta property=\"og:image\" content=\"https:\/\/nove.etatherm.cz\/cz\/wp-content\/uploads\/2025\/06\/mapa.gif\" \/>\n<meta name=\"twitter:card\" content=\"summary_large_image\" \/>\n<meta name=\"twitter:label1\" content=\"Est. reading time\" \/>\n\t<meta name=\"twitter:data1\" content=\"1 minuta\" \/>\n<script type=\"application\/ld+json\" class=\"yoast-schema-graph\">{\"@context\":\"https:\/\/schema.org\",\"@graph\":[{\"@type\":\"WebPage\",\"@id\":\"https:\/\/nove.etatherm.cz\/cz\/kontakt\/\",\"url\":\"https:\/\/nove.etatherm.cz\/cz\/kontakt\/\",\"name\":\"Kontakt - Etatherm s.r.o.\",\"isPartOf\":{\"@id\":\"https:\/\/nove.etatherm.cz\/cz\/#website\"},\"datePublished\":\"2025-01-23T13:08:36+00:00\",\"dateModified\":\"2025-06-11T11:59:20+00:00\",\"description\":\"Kontaktn\u00ed informace firmy ETATHERM s.r.o.\",\"breadcrumb\":{\"@id\":\"https:\/\/nove.etatherm.cz\/cz\/kontakt\/#breadcrumb\"},\"inLanguage\":\"cs\",\"potentialAction\":[{\"@type\":\"ReadAction\",\"target\":[\"https:\/\/nove.etatherm.cz\/cz\/kontakt\/\"]}]},{\"@type\":\"BreadcrumbList\",\"@id\":\"https:\/\/nove.etatherm.cz\/cz\/kontakt\/#breadcrumb\",\"itemListElement\":[{\"@type\":\"ListItem\",\"position\":1,\"name\":\"\u00davod\",\"item\":\"https:\/\/nove.etatherm.cz\/cz\/\"},{\"@type\":\"ListItem\",\"position\":2,\"name\":\"Kontakt\"}]},{\"@type\":\"WebSite\",\"@id\":\"https:\/\/nove.etatherm.cz\/cz\/#website\",\"url\":\"https:\/\/nove.etatherm.cz\/cz\/\",\"name\":\"Etatherm s.r.o.\",\"description\":\"Programov\u011b \u0159\u00edzen\u00e1 regulace vyt\u00e1p\u011bn\u00ed ETATHERM  k individu\u00e1ln\u00ed regulaci vyt\u00e1p\u011bn\u00ed jednotliv\u00fdch m\u00edstnost\u00ed\",\"publisher\":{\"@id\":\"https:\/\/nove.etatherm.cz\/cz\/#organization\"},\"potentialAction\":[{\"@type\":\"SearchAction\",\"target\":{\"@type\":\"EntryPoint\",\"urlTemplate\":\"https:\/\/nove.etatherm.cz\/cz\/?s={search_term_string}\"},\"query-input\":\"required name=search_term_string\"}],\"inLanguage\":\"cs\"},{\"@type\":\"Organization\",\"@id\":\"https:\/\/nove.etatherm.cz\/cz\/#organization\",\"name\":\"Etatherm s.r.o.\",\"url\":\"https:\/\/nove.etatherm.cz\/cz\/\",\"logo\":{\"@type\":\"ImageObject\",\"inLanguage\":\"cs\",\"@id\":\"https:\/\/nove.etatherm.cz\/cz\/#\/schema\/logo\/image\/\",\"url\":\"https:\/\/nove.etatherm.cz\/cz\/wp-content\/uploads\/2025\/01\/etatherm-logo.png\",\"contentUrl\":\"https:\/\/nove.etatherm.cz\/cz\/wp-content\/uploads\/2025\/01\/etatherm-logo.png\",\"width\":119,\"height\":53,\"caption\":\"Etatherm s.r.o.\"},\"image\":{\"@id\":\"https:\/\/nove.etatherm.cz\/cz\/#\/schema\/logo\/image\/\"}}]}<\/script>\n<!-- \/ Yoast SEO plugin. -->","yoast_head_json":{"title":"Kontakt - Etatherm s.r.o.","description":"Kontaktn\u00ed informace firmy ETATHERM s.r.o.","robots":{"index":"index","follow":"follow","max-snippet":"max-snippet:-1","max-image-preview":"max-image-preview:large","max-video-preview":"max-video-preview:-1"},"canonical":"https:\/\/nove.etatherm.cz\/cz\/kontakt\/","og_locale":"cs_CZ","og_type":"article","og_title":"Kontakt - Etatherm s.r.o.","og_description":"Kontaktn\u00ed informace firmy ETATHERM s.r.o.","og_url":"https:\/\/nove.etatherm.cz\/cz\/kontakt\/","og_site_name":"Etatherm s.r.o.","article_modified_time":"2025-06-11T11:59:20+00:00","og_image":[{"url":"https:\/\/nove.etatherm.cz\/cz\/wp-content\/uploads\/2025\/06\/mapa.gif"}],"twitter_card":"summary_large_image","twitter_misc":{"Est. reading time":"1 minuta"},"schema":{"@context":"https:\/\/schema.org","@graph":[{"@type":"WebPage","@id":"https:\/\/nove.etatherm.cz\/cz\/kontakt\/","url":"https:\/\/nove.etatherm.cz\/cz\/kontakt\/","name":"Kontakt - Etatherm s.r.o.","isPartOf":{"@id":"https:\/\/nove.etatherm.cz\/cz\/#website"},"datePublished":"2025-01-23T13:08:36+00:00","dateModified":"2025-06-11T11:59:20+00:00","description":"Kontaktn\u00ed informace firmy ETATHERM s.r.o.","breadcrumb":{"@id":"https:\/\/nove.etatherm.cz\/cz\/kontakt\/#breadcrumb"},"inLanguage":"cs","potentialAction":[{"@type":"ReadAction","target":["https:\/\/nove.etatherm.cz\/cz\/kontakt\/"]}]},{"@type":"BreadcrumbList","@id":"https:\/\/nove.etatherm.cz\/cz\/kontakt\/#breadcrumb","itemListElement":[{"@type":"ListItem","position":1,"name":"\u00davod","item":"https:\/\/nove.etatherm.cz\/cz\/"},{"@type":"ListItem","position":2,"name":"Kontakt"}]},{"@type":"WebSite","@id":"https:\/\/nove.etatherm.cz\/cz\/#website","url":"https:\/\/nove.etatherm.cz\/cz\/","name":"Etatherm s.r.o.","description":"Programov\u011b \u0159\u00edzen\u00e1 regulace vyt\u00e1p\u011bn\u00ed ETATHERM  k individu\u00e1ln\u00ed regulaci vyt\u00e1p\u011bn\u00ed jednotliv\u00fdch m\u00edstnost\u00ed","publisher":{"@id":"https:\/\/nove.etatherm.cz\/cz\/#organization"},"potentialAction":[{"@type":"SearchAction","target":{"@type":"EntryPoint","urlTemplate":"https:\/\/nove.etatherm.cz\/cz\/?s={search_term_string}"},"query-input":"required name=search_term_string"}],"inLanguage":"cs"},{"@type":"Organization","@id":"https:\/\/nove.etatherm.cz\/cz\/#organization","name":"Etatherm s.r.o.","url":"https:\/\/nove.etatherm.cz\/cz\/","logo":{"@type":"ImageObject","inLanguage":"cs","@id":"https:\/\/nove.etatherm.cz\/cz\/#\/schema\/logo\/image\/","url":"https:\/\/nove.etatherm.cz\/cz\/wp-content\/uploads\/2025\/01\/etatherm-logo.png","contentUrl":"https:\/\/nove.etatherm.cz\/cz\/wp-content\/uploads\/2025\/01\/etatherm-logo.png","width":119,"height":53,"caption":"Etatherm s.r.o."},"image":{"@id":"https:\/\/nove.etatherm.cz\/cz\/#\/schema\/logo\/image\/"}}]}},"_links":{"self":[{"href":"https:\/\/nove.etatherm.cz\/cz\/wp-json\/wp\/v2\/pages\/18","targetHints":{"allow":["GET"]}}],"collection":[{"href":"https:\/\/nove.etatherm.cz\/cz\/wp-json\/wp\/v2\/pages"}],"about":[{"href":"https:\/\/nove.etatherm.cz\/cz\/wp-json\/wp\/v2\/types\/page"}],"author":[{"embeddable":true,"href":"https:\/\/nove.etatherm.cz\/cz\/wp-json\/wp\/v2\/users\/1"}],"replies":[{"embeddable":true,"href":"https:\/\/nove.etatherm.cz\/cz\/wp-json\/wp\/v2\/comments?post=18"}],"version-history":[{"count":9,"href":"https:\/\/nove.etatherm.cz\/cz\/wp-json\/wp\/v2\/pages\/18\/revisions"}],"predecessor-version":[{"id":389,"href":"https:\/\/nove.etatherm.cz\/cz\/wp-json\/wp\/v2\/pages\/18\/revisions\/389"}],"wp:attachment":[{"href":"https:\/\/nove.etatherm.cz\/cz\/wp-json\/wp\/v2\/media?parent=18"}],"curies":[{"name":"wp","href":"https:\/\/api.w.org\/{rel}","templated":true}]}}