{"id":179,"date":"2025-06-04T13:18:11","date_gmt":"2025-06-04T11:18:11","guid":{"rendered":"https:\/\/nove.etatherm.cz\/cz\/?page_id=179"},"modified":"2025-06-10T11:26:06","modified_gmt":"2025-06-10T09:26:06","slug":"elektronicka-hlavice-hs","status":"publish","type":"page","link":"https:\/\/nove.etatherm.cz\/cz\/produkty\/elektronicka-hlavice-hs\/","title":{"rendered":"Elektronick\u00e1 hlavice HS"},"content":{"rendered":"\n<h1 class=\"wp-block-heading\">ELEKTRONICK\u00c1 HLAVICE HS<\/h1>\n\n\n\n<p>Elektronick\u00e1 hlavice k plynul\u00e9mu ovl\u00e1d\u00e1n\u00ed radi\u00e1torov\u00fdch ventil\u016f nebo podlahov\u00fdch rozd\u011blova\u010d\u016f v z\u00e1vislosti na programu a sn\u00edman\u00e9 teplot\u011b. Obsahuje servopohon s bezkomut\u00e1torov\u00fdm motorkem a desku elektroniky s mikroprocesorem.<br>Hlavice HS2 (s odd\u011blen\u00fdm \u010didlem) lze montovat tak\u00e9 na rozd\u011blova\u010de podlahov\u00e9ho vyt\u00e1p\u011bn\u00ed s rozte\u010d\u00ed ventilov\u00fdch vlo\u017eek 50mm.<\/p>\n\n\n\n<figure class=\"wp-block-image size-full\"><img loading=\"lazy\" decoding=\"async\" width=\"236\" height=\"253\" src=\"https:\/\/nove.etatherm.cz\/cz\/wp-content\/uploads\/2025\/06\/hs_p.gif\" alt=\"Elektronick\u00e1 hlavice HS - n\u00e1kres\" class=\"wp-image-288\"\/><\/figure>\n\n\n\n<p>Na radi\u00e1tory je nutno armatury ventil\u016f montovat tak, aby hlavice s vnit\u0159n\u00edm \u010didlem byly ve svisl\u00e9 poloze (dle obr\u00e1zku), tj. s ohledem na spr\u00e1vnou cirkulaci vzduchu okolo teplotn\u00edho \u010didla!<br>Nelze-li tuto podm\u00ednku dodr\u017eet, je nutn\u00e9 pou\u017e\u00edt hlavice s odd\u011blen\u00fdm teplotn\u00edm \u010didlem. Podrobnosti o \u010didlech viz kapitola <a href=\"https:\/\/nove.etatherm.cz\/cz\/produkty\/oddelena-cidla\/\">Odd\u011blen\u00e1 \u010didla<\/a>.<br>Nemontujte hlavici k ventilu zespodu, voda prosakuj\u00edc\u00ed z net\u011bsn\u00e9ho ventilu m\u016f\u017ee zp\u016fsobit po\u0161kozen\u00ed hlavice!<\/p>\n\n\n\n<p><strong>K jedn\u00e9 adrese soupravy mohou b\u00fdt p\u0159ipojeny max. 3 elektronick\u00e9 hlavice se servopohonem!!!<\/strong><\/p>\n\n\n\n<p>Ka\u017ed\u00e1 hlavice mus\u00ed m\u00edt konfigurovanou &#8222;pozici&#8220; na adrese (samostatn\u00e1, prvn\u00ed, druh\u00e1 nebo t\u0159et\u00ed).<br><strong>Dv\u011b \u010di v\u00edce hlavic na jedn\u00e9 adrese nesm\u00ed m\u00edt stejnou pozici!!!<\/strong><\/p>\n\n\n\n<p><strong>Ka\u017ed\u00e1 el. hlavice mus\u00ed m\u00edt sv\u00e9 teplotn\u00ed \u010didlo &#8211; bu\u010f vnit\u0159n\u00ed nebo odd\u011blen\u00e9!<\/strong><\/p>\n\n\n\n<p>Typy dod\u00e1van\u00fdch hlavic:<\/p>\n\n\n\n<figure class=\"wp-block-table\"><table class=\"has-fixed-layout\"><tbody><tr><td>HS1<\/td><td>elektronick\u00e1 hlavice s vnit\u0159n\u00edm \u010didlem teploty<\/td><\/tr><tr><td>HS2<\/td><td>elektronick\u00e1 hlavice ur\u010den\u00e1 pro pou\u017eit\u00ed s odd\u011blen\u00fdm \u010didlem teploty (SIS, SES)<\/td><\/tr><tr><td>HS1ok<\/td><td>elektronick\u00e1 hlavice s vnit\u0159n\u00edm \u010didlem a snadnou aplikac\u00ed okenn\u00edch kontakt\u016f pro uzav\u00edr\u00e1n\u00ed jedn\u00e9 nebo v\u00edce hlavic<\/td><\/tr><tr><td>HS2ok<\/td><td>elektronick\u00e1 hlavice ur\u010den\u00e1 pro pou\u017eit\u00ed s odd\u011blen\u00fdm \u010didlem teploty (SIS, SES) a snadnou aplikac\u00ed okenn\u00edch kontakt\u016f pro uzav\u00edr\u00e1n\u00ed jedn\u00e9 nebo v\u00edce hlavic<\/td><\/tr><tr><td>HS3<\/td><td>elektronick\u00e1 hlavice s teplotn\u00edm rozsahem 6\u00f793\u00b0C a volitelnou hysterez\u00ed a pro pou\u017eit\u00ed s odd\u011blen\u00fdm \u010didlem teploty SES<\/td><\/tr><tr><td>HS1no,HS2no<\/td><td>elektronick\u00e1 hlavice s nap\u00e1jen\u00edm obvodu okenn\u00edho kontaktu pro uzav\u00edr\u00e1n\u00ed v\u00edce hlavic<\/td><\/tr><\/tbody><\/table><\/figure>\n\n\n\n<p>V\u00edce informac\u00ed najdete v <a href=\"https:\/\/www.etatherm.cz\/cesky\/hs_a.htm\">archivu<\/a>.<\/p>\n","protected":false},"excerpt":{"rendered":"<p>ELEKTRONICK\u00c1 HLAVICE HS Elektronick\u00e1 hlavice k plynul\u00e9mu ovl\u00e1d\u00e1n\u00ed radi\u00e1torov\u00fdch ventil\u016f nebo podlahov\u00fdch rozd\u011blova\u010d\u016f v z\u00e1vislosti na programu a sn\u00edman\u00e9 teplot\u011b. Obsahuje servopohon s bezkomut\u00e1torov\u00fdm motorkem&hellip;<\/p>\n","protected":false},"author":1,"featured_media":0,"parent":10,"menu_order":0,"comment_status":"closed","ping_status":"closed","template":"","meta":{"footnotes":""},"class_list":["post-179","page","type-page","status-publish","hentry"],"yoast_head":"<!-- This site is optimized with the Yoast SEO plugin v20.4 - https:\/\/yoast.com\/wordpress\/plugins\/seo\/ -->\n<title>Elektronick\u00e1 hlavice HS - Etatherm s.r.o.<\/title>\n<meta name=\"robots\" content=\"index, follow, max-snippet:-1, max-image-preview:large, max-video-preview:-1\" \/>\n<link rel=\"canonical\" href=\"https:\/\/nove.etatherm.cz\/cz\/produkty\/elektronicka-hlavice-hs\/\" \/>\n<meta property=\"og:locale\" content=\"cs_CZ\" \/>\n<meta property=\"og:type\" content=\"article\" \/>\n<meta property=\"og:title\" content=\"Elektronick\u00e1 hlavice HS - Etatherm s.r.o.\" \/>\n<meta property=\"og:description\" content=\"ELEKTRONICK\u00c1 HLAVICE HS Elektronick\u00e1 hlavice k plynul\u00e9mu ovl\u00e1d\u00e1n\u00ed radi\u00e1torov\u00fdch ventil\u016f nebo podlahov\u00fdch rozd\u011blova\u010d\u016f v z\u00e1vislosti na programu a sn\u00edman\u00e9 teplot\u011b. Obsahuje servopohon s bezkomut\u00e1torov\u00fdm motorkem&hellip;\" \/>\n<meta property=\"og:url\" content=\"https:\/\/nove.etatherm.cz\/cz\/produkty\/elektronicka-hlavice-hs\/\" \/>\n<meta property=\"og:site_name\" content=\"Etatherm s.r.o.\" \/>\n<meta property=\"article:modified_time\" content=\"2025-06-10T09:26:06+00:00\" \/>\n<meta property=\"og:image\" content=\"https:\/\/nove.etatherm.cz\/cz\/wp-content\/uploads\/2025\/06\/hs_p.gif\" \/>\n<meta name=\"twitter:card\" content=\"summary_large_image\" \/>\n<script type=\"application\/ld+json\" class=\"yoast-schema-graph\">{\"@context\":\"https:\/\/schema.org\",\"@graph\":[{\"@type\":\"WebPage\",\"@id\":\"https:\/\/nove.etatherm.cz\/cz\/produkty\/elektronicka-hlavice-hs\/\",\"url\":\"https:\/\/nove.etatherm.cz\/cz\/produkty\/elektronicka-hlavice-hs\/\",\"name\":\"Elektronick\u00e1 hlavice HS - Etatherm s.r.o.\",\"isPartOf\":{\"@id\":\"https:\/\/nove.etatherm.cz\/cz\/#website\"},\"datePublished\":\"2025-06-04T11:18:11+00:00\",\"dateModified\":\"2025-06-10T09:26:06+00:00\",\"breadcrumb\":{\"@id\":\"https:\/\/nove.etatherm.cz\/cz\/produkty\/elektronicka-hlavice-hs\/#breadcrumb\"},\"inLanguage\":\"cs\",\"potentialAction\":[{\"@type\":\"ReadAction\",\"target\":[\"https:\/\/nove.etatherm.cz\/cz\/produkty\/elektronicka-hlavice-hs\/\"]}]},{\"@type\":\"BreadcrumbList\",\"@id\":\"https:\/\/nove.etatherm.cz\/cz\/produkty\/elektronicka-hlavice-hs\/#breadcrumb\",\"itemListElement\":[{\"@type\":\"ListItem\",\"position\":1,\"name\":\"\u00davod\",\"item\":\"https:\/\/nove.etatherm.cz\/cz\/\"},{\"@type\":\"ListItem\",\"position\":2,\"name\":\"Produkty\",\"item\":\"https:\/\/nove.etatherm.cz\/cz\/produkty\/\"},{\"@type\":\"ListItem\",\"position\":3,\"name\":\"Elektronick\u00e1 hlavice HS\"}]},{\"@type\":\"WebSite\",\"@id\":\"https:\/\/nove.etatherm.cz\/cz\/#website\",\"url\":\"https:\/\/nove.etatherm.cz\/cz\/\",\"name\":\"Etatherm s.r.o.\",\"description\":\"Programov\u011b \u0159\u00edzen\u00e1 regulace vyt\u00e1p\u011bn\u00ed ETATHERM  k individu\u00e1ln\u00ed regulaci vyt\u00e1p\u011bn\u00ed jednotliv\u00fdch m\u00edstnost\u00ed\",\"publisher\":{\"@id\":\"https:\/\/nove.etatherm.cz\/cz\/#organization\"},\"potentialAction\":[{\"@type\":\"SearchAction\",\"target\":{\"@type\":\"EntryPoint\",\"urlTemplate\":\"https:\/\/nove.etatherm.cz\/cz\/?s={search_term_string}\"},\"query-input\":\"required name=search_term_string\"}],\"inLanguage\":\"cs\"},{\"@type\":\"Organization\",\"@id\":\"https:\/\/nove.etatherm.cz\/cz\/#organization\",\"name\":\"Etatherm s.r.o.\",\"url\":\"https:\/\/nove.etatherm.cz\/cz\/\",\"logo\":{\"@type\":\"ImageObject\",\"inLanguage\":\"cs\",\"@id\":\"https:\/\/nove.etatherm.cz\/cz\/#\/schema\/logo\/image\/\",\"url\":\"https:\/\/nove.etatherm.cz\/cz\/wp-content\/uploads\/2025\/01\/etatherm-logo.png\",\"contentUrl\":\"https:\/\/nove.etatherm.cz\/cz\/wp-content\/uploads\/2025\/01\/etatherm-logo.png\",\"width\":119,\"height\":53,\"caption\":\"Etatherm s.r.o.\"},\"image\":{\"@id\":\"https:\/\/nove.etatherm.cz\/cz\/#\/schema\/logo\/image\/\"}}]}<\/script>\n<!-- \/ Yoast SEO plugin. -->","yoast_head_json":{"title":"Elektronick\u00e1 hlavice HS - Etatherm s.r.o.","robots":{"index":"index","follow":"follow","max-snippet":"max-snippet:-1","max-image-preview":"max-image-preview:large","max-video-preview":"max-video-preview:-1"},"canonical":"https:\/\/nove.etatherm.cz\/cz\/produkty\/elektronicka-hlavice-hs\/","og_locale":"cs_CZ","og_type":"article","og_title":"Elektronick\u00e1 hlavice HS - Etatherm s.r.o.","og_description":"ELEKTRONICK\u00c1 HLAVICE HS Elektronick\u00e1 hlavice k plynul\u00e9mu ovl\u00e1d\u00e1n\u00ed radi\u00e1torov\u00fdch ventil\u016f nebo podlahov\u00fdch rozd\u011blova\u010d\u016f v z\u00e1vislosti na programu a sn\u00edman\u00e9 teplot\u011b. Obsahuje servopohon s bezkomut\u00e1torov\u00fdm motorkem&hellip;","og_url":"https:\/\/nove.etatherm.cz\/cz\/produkty\/elektronicka-hlavice-hs\/","og_site_name":"Etatherm s.r.o.","article_modified_time":"2025-06-10T09:26:06+00:00","og_image":[{"url":"https:\/\/nove.etatherm.cz\/cz\/wp-content\/uploads\/2025\/06\/hs_p.gif"}],"twitter_card":"summary_large_image","schema":{"@context":"https:\/\/schema.org","@graph":[{"@type":"WebPage","@id":"https:\/\/nove.etatherm.cz\/cz\/produkty\/elektronicka-hlavice-hs\/","url":"https:\/\/nove.etatherm.cz\/cz\/produkty\/elektronicka-hlavice-hs\/","name":"Elektronick\u00e1 hlavice HS - Etatherm s.r.o.","isPartOf":{"@id":"https:\/\/nove.etatherm.cz\/cz\/#website"},"datePublished":"2025-06-04T11:18:11+00:00","dateModified":"2025-06-10T09:26:06+00:00","breadcrumb":{"@id":"https:\/\/nove.etatherm.cz\/cz\/produkty\/elektronicka-hlavice-hs\/#breadcrumb"},"inLanguage":"cs","potentialAction":[{"@type":"ReadAction","target":["https:\/\/nove.etatherm.cz\/cz\/produkty\/elektronicka-hlavice-hs\/"]}]},{"@type":"BreadcrumbList","@id":"https:\/\/nove.etatherm.cz\/cz\/produkty\/elektronicka-hlavice-hs\/#breadcrumb","itemListElement":[{"@type":"ListItem","position":1,"name":"\u00davod","item":"https:\/\/nove.etatherm.cz\/cz\/"},{"@type":"ListItem","position":2,"name":"Produkty","item":"https:\/\/nove.etatherm.cz\/cz\/produkty\/"},{"@type":"ListItem","position":3,"name":"Elektronick\u00e1 hlavice HS"}]},{"@type":"WebSite","@id":"https:\/\/nove.etatherm.cz\/cz\/#website","url":"https:\/\/nove.etatherm.cz\/cz\/","name":"Etatherm s.r.o.","description":"Programov\u011b \u0159\u00edzen\u00e1 regulace vyt\u00e1p\u011bn\u00ed ETATHERM  k individu\u00e1ln\u00ed regulaci vyt\u00e1p\u011bn\u00ed jednotliv\u00fdch m\u00edstnost\u00ed","publisher":{"@id":"https:\/\/nove.etatherm.cz\/cz\/#organization"},"potentialAction":[{"@type":"SearchAction","target":{"@type":"EntryPoint","urlTemplate":"https:\/\/nove.etatherm.cz\/cz\/?s={search_term_string}"},"query-input":"required name=search_term_string"}],"inLanguage":"cs"},{"@type":"Organization","@id":"https:\/\/nove.etatherm.cz\/cz\/#organization","name":"Etatherm s.r.o.","url":"https:\/\/nove.etatherm.cz\/cz\/","logo":{"@type":"ImageObject","inLanguage":"cs","@id":"https:\/\/nove.etatherm.cz\/cz\/#\/schema\/logo\/image\/","url":"https:\/\/nove.etatherm.cz\/cz\/wp-content\/uploads\/2025\/01\/etatherm-logo.png","contentUrl":"https:\/\/nove.etatherm.cz\/cz\/wp-content\/uploads\/2025\/01\/etatherm-logo.png","width":119,"height":53,"caption":"Etatherm s.r.o."},"image":{"@id":"https:\/\/nove.etatherm.cz\/cz\/#\/schema\/logo\/image\/"}}]}},"_links":{"self":[{"href":"https:\/\/nove.etatherm.cz\/cz\/wp-json\/wp\/v2\/pages\/179","targetHints":{"allow":["GET"]}}],"collection":[{"href":"https:\/\/nove.etatherm.cz\/cz\/wp-json\/wp\/v2\/pages"}],"about":[{"href":"https:\/\/nove.etatherm.cz\/cz\/wp-json\/wp\/v2\/types\/page"}],"author":[{"embeddable":true,"href":"https:\/\/nove.etatherm.cz\/cz\/wp-json\/wp\/v2\/users\/1"}],"replies":[{"embeddable":true,"href":"https:\/\/nove.etatherm.cz\/cz\/wp-json\/wp\/v2\/comments?post=179"}],"version-history":[{"count":2,"href":"https:\/\/nove.etatherm.cz\/cz\/wp-json\/wp\/v2\/pages\/179\/revisions"}],"predecessor-version":[{"id":289,"href":"https:\/\/nove.etatherm.cz\/cz\/wp-json\/wp\/v2\/pages\/179\/revisions\/289"}],"up":[{"embeddable":true,"href":"https:\/\/nove.etatherm.cz\/cz\/wp-json\/wp\/v2\/pages\/10"}],"wp:attachment":[{"href":"https:\/\/nove.etatherm.cz\/cz\/wp-json\/wp\/v2\/media?parent=179"}],"curies":[{"name":"wp","href":"https:\/\/api.w.org\/{rel}","templated":true}]}}