{"id":170,"date":"2025-05-29T11:04:33","date_gmt":"2025-05-29T09:04:33","guid":{"rendered":"https:\/\/nove.etatherm.cz\/cz\/?page_id=170"},"modified":"2025-08-15T16:10:56","modified_gmt":"2025-08-15T14:10:56","slug":"ridici-jednotka-eth1e","status":"publish","type":"page","link":"https:\/\/nove.etatherm.cz\/cz\/produkty\/ridici-jednotka-eth1e\/","title":{"rendered":"\u0158\u00edd\u00edc\u00ed jednotky ETH1e"},"content":{"rendered":"\n<h1 class=\"wp-block-heading\">\u0158\u00cdDIC\u00cd JEDNOTKY ETH1e.<\/h1>\n\n\n\n<p>\u0158\u00edd\u00edc\u00ed jednotky soupravy regulace vyt\u00e1p\u011bn\u00ed ETATHERM. \u0158\u00edd\u00ed ostatn\u00ed prvky reguluj\u00edc\u00ed jednotliv\u00e9 m\u00edstnosti a umo\u017e\u0148uj\u00ed sledov\u00e1n\u00ed a nastavov\u00e1n\u00ed \u00fadaj\u016f a parametr\u016f soupravy pomoc\u00ed WiFi, Ethernetu, USB nebo komunika\u010dn\u00ed linky RS485.<\/p>\n\n\n\n<p>Rodina \u0159\u00eddic\u00edch jednotek ETH1e obsahuje n\u011bkolik variant, kter\u00e9 se li\u0161\u00ed zejm\u00e9na r\u016fzn\u00fdmi komunika\u010dn\u00edmi mo\u017enostmi.<\/p>\n\n\n\n<ul class=\"wp-block-list\">\n<li>ETH1eA &#8211; komunikace pouze pomoc\u00ed rozhran\u00ed RS485<\/li>\n\n\n\n<li>ETH1eB &#8211; komunikace pomoc\u00ed rozhran\u00ed RS485 a USB (microUSB konektor)<\/li>\n\n\n\n<li>ETH1eC &#8211; komunikace pomoc\u00ed rozhran\u00ed RS485 a WiFi<\/li>\n\n\n\n<li>ETH1eD &#8211; komunikace pomoc\u00ed rozhran\u00ed RS485, WiFi a Ethernet<\/li>\n<\/ul>\n\n\n\n<figure class=\"wp-block-table\"><table class=\"has-fixed-layout\"><tbody><tr><td><img decoding=\"async\" src=\"https:\/\/www.etatherm.cz\/obrazy\/eth1i.jpg\"><\/td><td><img decoding=\"async\" src=\"https:\/\/www.etatherm.cz\/obrazy\/eth1iusb.jpg\"><\/td><td><img decoding=\"async\" src=\"https:\/\/www.etatherm.cz\/obrazy\/eth1e3.jpg\"><\/td><\/tr><tr><td><strong>ETH1eA<\/strong> nebo <strong>ETH1eC<\/strong><\/td><td><strong>ETH1eB<\/strong><\/td><td><strong>ETH1eD<\/strong><\/td><\/tr><\/tbody><\/table><\/figure>\n\n\n\n<p>V\u0161echny \u0159\u00eddic\u00ed jednotky ETH1e mohou b\u00fdt propojov\u00e1ny sb\u011brnic\u00ed RS 485 se v\u0161emi jednotkami z rodiny ETH1e i se star\u0161\u00edmi jednotkami ETH1i, ETH1mod, ETH1emc. Prost\u0159ednictv\u00edm t\u00e9to sb\u011brnice mohou b\u00fdt p\u0159ipojen\u00e9 jednotky ovl\u00e1d\u00e1ny nad\u0159\u00edzen\u00fdm za\u0159\u00edzen\u00edm<\/p>\n\n\n\n<h2 class=\"wp-block-heading\">TECHNICK\u00c9 PARAMETRY (platn\u00e9 pro v\u0161echny v\u00fd\u0161e uveden\u00e9 modely ETH1e.):<\/h2>\n\n\n\n<ul class=\"wp-block-list\">\n<li>rozm\u011bry jednotek: \u0161\u00ed\u0159ka: 80mm, v\u00fd\u0161ka: 61mm, hloubka: 40mm<\/li>\n\n\n\n<li>z\u00e1kladn\u00ed rozsah voliteln\u00fdch teplot: +6 \u00f7 +35\u00b0C;<br>dal\u0161\u00ed mo\u017en\u00e9 konfigurovateln\u00e9 rozsahy: +11 a\u017e +40\u00b0C, -8 a\u017e +21\u00b0C, -28 a\u017e +30\u00b0C (po 2\u00b0C), +6 a\u017e +93\u00b0C (po 3\u00b0C)<\/li>\n\n\n\n<li>po\u010det adres (programovateln\u00fdch m\u00edst se specifick\u00fdm teplotn\u00edm re\u017eimem): 16<\/li>\n\n\n\n<li>po\u010det denn\u011b programovateln\u00fdch \u010dasov\u00fdch \u00fasek\u016f na jedn\u00e9 adrese: 8<\/li>\n\n\n\n<li>rozli\u0161en\u00ed za\u010d\u00e1tk\u016f \u010dasov\u00fdch \u00fasek\u016f: 15 minut<\/li>\n\n\n\n<li>po\u010det u\u017eivatelsk\u00fdch program\u016f vyt\u00e1p\u011bn\u00ed (UPV): 96<\/li>\n\n\n\n<li>programovac\u00ed re\u017eimy:<br>&#8211; t\u00fddenn\u00ed cyklus dle UPV a mapy p\u0159i\u0159azen\u00ed<br>&#8211; operativn\u00ed zm\u011bny s nastaven\u00edm:<br>&nbsp;&nbsp;&nbsp;&#8230; teploty<br>&nbsp;&nbsp;&nbsp;&#8230; \u010dasu a data za\u010d\u00e1tku<br>&nbsp;&nbsp;&nbsp;&#8230; \u010dasu a data ukon\u010den\u00ed<br>&#8211; udr\u017eovac\u00ed re\u017eim konstantn\u00ed teploty (obdoba manu\u00e1ln\u00edho termostatu)<\/li>\n\n\n\n<li>pracovn\u00ed podm\u00ednky:<br>&#8211; max. relativn\u00ed vlhkost vzduchu: 90% bez kondenzace<br>&#8211; rozsah teplot okol\u00ed: 0 \u00f7 +50\u00b0C<\/li>\n\n\n\n<li>\u0159\u00eddic\u00ed jednotka m\u00e1 na p\u0159edn\u00ed stran\u011b oran\u017eovou LED, kter\u00e1 v provozu indikuje n\u011bkter\u00e9 provozn\u00ed stavy (podrobnosti viz <a href=\"https:\/\/www.etatherm.cz\/cesky\/rje_b.htm\">mont\u00e1\u017en\u00ed list<\/a>)<\/li>\n<\/ul>\n\n\n\n<p>Vlastnosti a parametry \u0159\u00eddic\u00ed jednotky (<a href=\"https:\/\/www.etatherm.cz\/cesky\/rje_konf.htm#hesla\">hesla adres<\/a>, teplotn\u00ed rozsahy, z\u00e1visl\u00e9 funkce atd. &#8211; viz <a href=\"https:\/\/www.etatherm.cz\/cesky\/rje_konf.htm\">konfigurace<\/a>) lze konfigurovat po jej\u00edm p\u0159ipojen\u00ed k PC programem Etherm nebo pomoc\u00ed www str\u00e1nek z vestav\u011bn\u00e9ho webov\u00e9ho serveru.<\/p>\n\n\n\n<p>Extern\u00ed vstup (PWM) \u0159\u00eddic\u00ed jednotky umo\u017e\u0148uje aktivaci povelu , kter\u00fd p\u0159i\u0159ad\u00ed zvolen\u00fdm adres\u00e1m odli\u0161n\u00e9 UPV. K aktivaci doch\u00e1z\u00ed propojen\u00edm svorek &#8222;AD&#8220; &#8211; &#8222;KD&#8220; (zpravidla vyu\u017eit\u00edm kontaktu vhodn\u00e9ho rel\u00e9).<\/p>\n\n\n\n<p>P\u0159\u00edklady pou\u017eit\u00ed:<br><br>&#8211; instalace ru\u010dn\u00edho p\u0159ep\u00edna\u010de &#8222;MANUAL&#8220;, kter\u00fd umo\u017en\u00ed zcela nepou\u010den\u00fdm osob\u00e1m p\u0159i\u0159adit jin\u00e9 (p\u0159edem sestaven\u00e9) UVP vybran\u00fdm adres\u00e1m<br><br>&#8211; sp\u00edn\u00e1n\u00ed\/odp\u00edn\u00e1n\u00ed topidel p\u0159\u00edmotopn\u00e9ho el. vyt\u00e1p\u011bn\u00ed v z\u00e1vislosti na sign\u00e1lu HDO: je-li p\u0159i zm\u011bn\u011b sazby na vysokou aktivov\u00e1no PWM, dojde k odpojen\u00ed zvolen\u00fdch topidel a p\u0159i zm\u011bn\u011b na n\u00edzkou sazbu (deaktivac\u00ed PWM) k postupn\u00e9mu op\u011btovn\u00e9mu p\u0159ipojov\u00e1n\u00ed topidel (s respektov\u00e1n\u00edm program\u016f a skute\u010dn\u00fdch teplot v m\u00edstnostech)<br><br>&#8211; otev\u0159en\u00ed v\u0161ech \u0159\u00edzen\u00fdch ventil\u016f sign\u00e1lem &#8222;LIMIT&#8220; (havarijn\u00ed \u010didlo kotle na pevn\u00e1 paliva atd.)<\/p>\n\n\n\n<p>\u0158\u00eddic\u00ed jednotky jsou t\u00e9\u017e vybaveny syst\u00e9mem <strong><u>m\u011b\u0159en\u00ed tepeln\u00e9 pohody<\/u><\/strong> (metodou pr\u016fm\u011brn\u00fdch teplot za topn\u00e9 obdob\u00ed) umo\u017e\u0148uj\u00edc\u00edm roz\u00fa\u010dtov\u00e1n\u00ed spot\u0159eby tepla mezi u\u017eivateli(n\u00e1jemn\u00edky). Pro tento \u00fa\u010del je tak\u00e9 vhodn\u00e9 p\u0159i\u0159adit vybran\u00fdm skupin\u00e1m adres u\u017eivatelsk\u00e1 hesla; jednotka m\u016f\u017ee slou\u017eit v\u00edce byt\u016fm a ka\u017ed\u00fd z u\u017eivatel\u016f z\u00edsk\u00e1 p\u0159\u00edstup ke sv\u00fdm program\u016fm a\u017e po zad\u00e1n\u00ed u\u017eivatelsk\u00e9ho hesla (\u010dty\u0159m\u00edstn\u00fd k\u00f3d). \u00dadaje o denostupn\u00edch je mo\u017eno \u010d\u00edst pouze p\u0159ipojen\u00fdm PC. Podrobn\u00fd popis ovl\u00e1d\u00e1n\u00ed \u0159\u00eddic\u00ed jednotky uv\u00e1d\u00ed n\u00e1pov\u011bda programu Etherm.<\/p>\n\n\n\n<h2 class=\"wp-block-heading\">NAD\u0158\u00cdZEN\u00c9 KOMUNIKACE<\/h2>\n\n\n\n<p>V\u0161echny verze \u0159\u00eddic\u00edch jednotek jsou vybaveny portem RS485 pro komunikaci s dal\u0161\u00edmi jednotkami po sb\u011brnic\u00ed RS485. K n\u00ed lze p\u0159\u00edpadn\u011b p\u0159ipojit i jin\u00e9 nad\u0159\u00edzen\u00e9 ovl\u00e1d\u00e1n\u00ed. V\u00edce komunika\u010dn\u00edch mo\u017enost\u00ed nab\u00edzej\u00ed modely ETH1eB, ETH1eC a ETH1eD uveden\u00e9 v tabulce naho\u0159e a podrobn\u011bji zm\u00edn\u011bn\u00e9 v dal\u0161\u00edm textu.<\/p>\n\n\n\n<p>D\u016fle\u017eit\u00e9 upozorn\u011bn\u00ed pro vytv\u00e1\u0159en\u00ed s\u00edt\u011b \u0159\u00eddic\u00edch jednotek ETH1:<\/p>\n\n\n\n<p>Provozn\u011b lze sb\u011brnic\u00ed RS485 propojit dv\u011b a\u017e \u0161estn\u00e1ct \u0159\u00eddic\u00edch jednotek ETH1. Komunika\u010dn\u00ed protokol v\u0161ak vy\u017eaduje, aby v jak\u00e9mkoliv okam\u017eiku mohl do sb\u011brnice vys\u00edlat pouze jedin\u00fd z p\u0159ipojen\u00fdch \u00fa\u010dastn\u00edk\u016f. Nen\u00ed-li tato z\u00e1sada dodr\u017eena, doch\u00e1z\u00ed k nahodil\u00e9 divok\u00e9 z\u00e1m\u011bn\u011b dat a regula\u010dn\u00ed syst\u00e9m p\u0159est\u00e1v\u00e1 b\u00fdt rozumn\u011b pou\u017eiteln\u00fd.<\/p>\n\n\n\n<p>P\u0159\u00edklady \u00fa\u010dastn\u00edk\u016f vys\u00edlaj\u00edc\u00edch do sb\u011brnice:<\/p>\n\n\n\n<ul class=\"wp-block-list\">\n<li>\u0158\u00eddic\u00ed jednotka ETH1eB ke kter\u00e9 je USB kabelem p\u0159ipojen PC (OS Windows) s provozovan\u00fdm ovl\u00e1dac\u00edm programem Etherm<\/li>\n\n\n\n<li>\u0158\u00eddic\u00ed jednotka ETH1eC (nebo ETH1eD) ve funkci konvertoru p\u0159ipojen\u00e1 bezdr\u00e1tov\u011b nebo p\u0159es Ethernet k PC (OS Windows) s provozovan\u00fdm ovl\u00e1dac\u00edm programem Etherm<\/li>\n\n\n\n<li>\u0158\u00eddic\u00ed jednotka ETH1eC (nebo ETH1eD) ve funkci konvertoru MODBUS TCP p\u0159ipojen\u00e1 bezdr\u00e1tov\u011b nebo p\u0159es Ethernet k nad\u0159\u00edzen\u00e9mu syst\u00e9mu pou\u017e\u00edvaj\u00edc\u00edmu protokol MODBUS TCP<\/li>\n\n\n\n<li>\u0158\u00eddic\u00ed jednotka ETH1eC (nebo ETH1eD) ve funkci webov\u00e9ho serveru p\u0159ipojen\u00e1 bezdr\u00e1tov\u011b k tabletu \u010di &#8222;chytr\u00e9mu telefonu&#8220; komunikuj\u00edc\u00edmu sv\u00fdm webov\u00fdm prohl\u00ed\u017ee\u010dem<\/li>\n\n\n\n<li>Nad\u0159\u00edzen\u00fd \u0159\u00eddic\u00ed syst\u00e9m komunikuj\u00edc\u00ed p\u0159\u00edmo sb\u011brnic\u00ed RS485 a protokolem fy ETATHERM s p\u0159ipojen\u00fdmi jednotkami <\/li>\n<\/ul>\n\n\n\n<p>Bezpe\u010dn\u00e9 ovl\u00e1d\u00e1n\u00ed regula\u010dn\u00ed soupravy v\u00edce u\u017eivateli v libovoln\u00e9m \u010dase (kter\u00e9 je na s\u00edti RS485 zak\u00e1z\u00e1no) lze provozovat na vy\u0161\u0161\u00ed komunika\u010dn\u00ed \u00farovni:<\/p>\n\n\n\n<ul class=\"wp-block-list\">\n<li>pou\u017eit\u00edm webov\u00fdch server\u016f s p\u0159enosem po lok\u00e1ln\u00ed ethernetov\u00e9 s\u00edti (WS1, WS2)<\/li>\n\n\n\n<li>pou\u017eit\u00edm webov\u00fdch server\u016f (integrovan\u00fdch v \u0159\u00eddic\u00edch jednotk\u00e1ch ETH1eC) s p\u0159enosem po lok\u00e1ln\u00ed WiFi s\u00edti<\/li>\n\n\n\n<li>pou\u017eit\u00edm webov\u00fdch server\u016f (integrovan\u00fdch v \u0159\u00eddic\u00edch jednotk\u00e1ch ETH1eD) s p\u0159enosem po lok\u00e1ln\u00ed WiFi nebo ethernetov\u00e9 s\u00edti<\/li>\n<\/ul>\n\n\n\n<p>Jednotky ETH1eC a ETH1eD jsou krom\u011b webov\u00e9ho serveru vybaveny i modulem s funkc\u00ed &#8222;konvertoru&#8220;, kter\u00e1 v soub\u011bhu s webov\u00fdm provozem poskytuje bezdr\u00e1tov\u00fd TCP port bu\u010f pro PC s instalovan\u00fdm programem Etherm (obsahuj\u00edc\u00edm jak plnohodnotn\u00e9 programov\u00e1n\u00ed \u0159\u00eddic\u00edch jednotek ETH1e., tak i jejich konfiguraci), tak pro nad\u0159azen\u00fd syst\u00e9m komunikuj\u00edc\u00ed pomoc\u00ed protokolu MODBUS TCP (umo\u017e\u0148uj\u00edc\u00ed na\u010d\u00edt\u00e1n\u00ed ve\u0161ker\u00fdch \u00fadaj\u016f z jednotky a ovl\u00e1d\u00e1n\u00ed regulace vyt\u00e1p\u011bn\u00ed). <\/p>\n\n\n\n<p>V\u00edce informac\u00ed najdete v <a href=\"https:\/\/www.etatherm.cz\/cesky\/rje_a.htm\">archivu<\/a>.<\/p>\n\n\n\n<p><\/p>\n","protected":false},"excerpt":{"rendered":"<p>\u0158\u00cdDIC\u00cd JEDNOTKY ETH1e. \u0158\u00edd\u00edc\u00ed jednotky soupravy regulace vyt\u00e1p\u011bn\u00ed ETATHERM. \u0158\u00edd\u00ed ostatn\u00ed prvky reguluj\u00edc\u00ed jednotliv\u00e9 m\u00edstnosti a umo\u017e\u0148uj\u00ed sledov\u00e1n\u00ed a nastavov\u00e1n\u00ed \u00fadaj\u016f a parametr\u016f soupravy pomoc\u00ed&hellip;<\/p>\n","protected":false},"author":1,"featured_media":0,"parent":10,"menu_order":0,"comment_status":"closed","ping_status":"closed","template":"","meta":{"footnotes":""},"class_list":["post-170","page","type-page","status-publish","hentry"],"yoast_head":"<!-- This site is optimized with the Yoast SEO plugin v20.4 - https:\/\/yoast.com\/wordpress\/plugins\/seo\/ -->\n<title>\u0158\u00edd\u00edc\u00ed jednotky ETH1e - Etatherm s.r.o.<\/title>\n<meta name=\"description\" content=\"\u0158\u00edd\u00edc\u00ed jednotka soupravy regulace vyt\u00e1p\u011bn\u00ed ETATHERM. \u0158\u00edd\u00ed ostatn\u00ed prvky reguluj\u00edc\u00ed jednotliv\u00e9 m\u00edstnosti a umo\u017e\u0148uje p\u0159\u00edstup pomoc\u00ed WiFi, Ethernetu nebo USB.\" \/>\n<meta name=\"robots\" content=\"index, follow, max-snippet:-1, max-image-preview:large, max-video-preview:-1\" \/>\n<link rel=\"canonical\" href=\"https:\/\/nove.etatherm.cz\/cz\/produkty\/ridici-jednotka-eth1e\/\" \/>\n<meta property=\"og:locale\" content=\"cs_CZ\" \/>\n<meta property=\"og:type\" content=\"article\" \/>\n<meta property=\"og:title\" content=\"\u0158\u00edd\u00edc\u00ed jednotky ETH1e - Etatherm s.r.o.\" \/>\n<meta property=\"og:description\" content=\"\u0158\u00edd\u00edc\u00ed jednotka soupravy regulace vyt\u00e1p\u011bn\u00ed ETATHERM. \u0158\u00edd\u00ed ostatn\u00ed prvky reguluj\u00edc\u00ed jednotliv\u00e9 m\u00edstnosti a umo\u017e\u0148uje p\u0159\u00edstup pomoc\u00ed WiFi, Ethernetu nebo USB.\" \/>\n<meta property=\"og:url\" content=\"https:\/\/nove.etatherm.cz\/cz\/produkty\/ridici-jednotka-eth1e\/\" \/>\n<meta property=\"og:site_name\" content=\"Etatherm s.r.o.\" \/>\n<meta property=\"article:modified_time\" content=\"2025-08-15T14:10:56+00:00\" \/>\n<meta property=\"og:image\" content=\"https:\/\/www.etatherm.cz\/obrazy\/eth1i.jpg\" \/>\n<meta name=\"twitter:card\" content=\"summary_large_image\" \/>\n<meta name=\"twitter:label1\" content=\"Est. reading time\" \/>\n\t<meta name=\"twitter:data1\" content=\"5 minut\" \/>\n<script type=\"application\/ld+json\" class=\"yoast-schema-graph\">{\"@context\":\"https:\/\/schema.org\",\"@graph\":[{\"@type\":\"WebPage\",\"@id\":\"https:\/\/nove.etatherm.cz\/cz\/produkty\/ridici-jednotka-eth1e\/\",\"url\":\"https:\/\/nove.etatherm.cz\/cz\/produkty\/ridici-jednotka-eth1e\/\",\"name\":\"\u0158\u00edd\u00edc\u00ed jednotky ETH1e - Etatherm s.r.o.\",\"isPartOf\":{\"@id\":\"https:\/\/nove.etatherm.cz\/cz\/#website\"},\"datePublished\":\"2025-05-29T09:04:33+00:00\",\"dateModified\":\"2025-08-15T14:10:56+00:00\",\"description\":\"\u0158\u00edd\u00edc\u00ed jednotka soupravy regulace vyt\u00e1p\u011bn\u00ed ETATHERM. \u0158\u00edd\u00ed ostatn\u00ed prvky reguluj\u00edc\u00ed jednotliv\u00e9 m\u00edstnosti a umo\u017e\u0148uje p\u0159\u00edstup pomoc\u00ed WiFi, Ethernetu nebo USB.\",\"breadcrumb\":{\"@id\":\"https:\/\/nove.etatherm.cz\/cz\/produkty\/ridici-jednotka-eth1e\/#breadcrumb\"},\"inLanguage\":\"cs\",\"potentialAction\":[{\"@type\":\"ReadAction\",\"target\":[\"https:\/\/nove.etatherm.cz\/cz\/produkty\/ridici-jednotka-eth1e\/\"]}]},{\"@type\":\"BreadcrumbList\",\"@id\":\"https:\/\/nove.etatherm.cz\/cz\/produkty\/ridici-jednotka-eth1e\/#breadcrumb\",\"itemListElement\":[{\"@type\":\"ListItem\",\"position\":1,\"name\":\"\u00davod\",\"item\":\"https:\/\/nove.etatherm.cz\/cz\/\"},{\"@type\":\"ListItem\",\"position\":2,\"name\":\"Produkty\",\"item\":\"https:\/\/nove.etatherm.cz\/cz\/produkty\/\"},{\"@type\":\"ListItem\",\"position\":3,\"name\":\"\u0158\u00edd\u00edc\u00ed jednotky ETH1e\"}]},{\"@type\":\"WebSite\",\"@id\":\"https:\/\/nove.etatherm.cz\/cz\/#website\",\"url\":\"https:\/\/nove.etatherm.cz\/cz\/\",\"name\":\"Etatherm s.r.o.\",\"description\":\"Programov\u011b \u0159\u00edzen\u00e1 regulace vyt\u00e1p\u011bn\u00ed ETATHERM  k individu\u00e1ln\u00ed regulaci vyt\u00e1p\u011bn\u00ed jednotliv\u00fdch m\u00edstnost\u00ed\",\"publisher\":{\"@id\":\"https:\/\/nove.etatherm.cz\/cz\/#organization\"},\"potentialAction\":[{\"@type\":\"SearchAction\",\"target\":{\"@type\":\"EntryPoint\",\"urlTemplate\":\"https:\/\/nove.etatherm.cz\/cz\/?s={search_term_string}\"},\"query-input\":\"required name=search_term_string\"}],\"inLanguage\":\"cs\"},{\"@type\":\"Organization\",\"@id\":\"https:\/\/nove.etatherm.cz\/cz\/#organization\",\"name\":\"Etatherm s.r.o.\",\"url\":\"https:\/\/nove.etatherm.cz\/cz\/\",\"logo\":{\"@type\":\"ImageObject\",\"inLanguage\":\"cs\",\"@id\":\"https:\/\/nove.etatherm.cz\/cz\/#\/schema\/logo\/image\/\",\"url\":\"https:\/\/nove.etatherm.cz\/cz\/wp-content\/uploads\/2025\/01\/etatherm-logo.png\",\"contentUrl\":\"https:\/\/nove.etatherm.cz\/cz\/wp-content\/uploads\/2025\/01\/etatherm-logo.png\",\"width\":119,\"height\":53,\"caption\":\"Etatherm s.r.o.\"},\"image\":{\"@id\":\"https:\/\/nove.etatherm.cz\/cz\/#\/schema\/logo\/image\/\"}}]}<\/script>\n<!-- \/ Yoast SEO plugin. -->","yoast_head_json":{"title":"\u0158\u00edd\u00edc\u00ed jednotky ETH1e - Etatherm s.r.o.","description":"\u0158\u00edd\u00edc\u00ed jednotka soupravy regulace vyt\u00e1p\u011bn\u00ed ETATHERM. \u0158\u00edd\u00ed ostatn\u00ed prvky reguluj\u00edc\u00ed jednotliv\u00e9 m\u00edstnosti a umo\u017e\u0148uje p\u0159\u00edstup pomoc\u00ed WiFi, Ethernetu nebo USB.","robots":{"index":"index","follow":"follow","max-snippet":"max-snippet:-1","max-image-preview":"max-image-preview:large","max-video-preview":"max-video-preview:-1"},"canonical":"https:\/\/nove.etatherm.cz\/cz\/produkty\/ridici-jednotka-eth1e\/","og_locale":"cs_CZ","og_type":"article","og_title":"\u0158\u00edd\u00edc\u00ed jednotky ETH1e - Etatherm s.r.o.","og_description":"\u0158\u00edd\u00edc\u00ed jednotka soupravy regulace vyt\u00e1p\u011bn\u00ed ETATHERM. \u0158\u00edd\u00ed ostatn\u00ed prvky reguluj\u00edc\u00ed jednotliv\u00e9 m\u00edstnosti a umo\u017e\u0148uje p\u0159\u00edstup pomoc\u00ed WiFi, Ethernetu nebo USB.","og_url":"https:\/\/nove.etatherm.cz\/cz\/produkty\/ridici-jednotka-eth1e\/","og_site_name":"Etatherm s.r.o.","article_modified_time":"2025-08-15T14:10:56+00:00","og_image":[{"url":"https:\/\/www.etatherm.cz\/obrazy\/eth1i.jpg"}],"twitter_card":"summary_large_image","twitter_misc":{"Est. reading time":"5 minut"},"schema":{"@context":"https:\/\/schema.org","@graph":[{"@type":"WebPage","@id":"https:\/\/nove.etatherm.cz\/cz\/produkty\/ridici-jednotka-eth1e\/","url":"https:\/\/nove.etatherm.cz\/cz\/produkty\/ridici-jednotka-eth1e\/","name":"\u0158\u00edd\u00edc\u00ed jednotky ETH1e - Etatherm s.r.o.","isPartOf":{"@id":"https:\/\/nove.etatherm.cz\/cz\/#website"},"datePublished":"2025-05-29T09:04:33+00:00","dateModified":"2025-08-15T14:10:56+00:00","description":"\u0158\u00edd\u00edc\u00ed jednotka soupravy regulace vyt\u00e1p\u011bn\u00ed ETATHERM. \u0158\u00edd\u00ed ostatn\u00ed prvky reguluj\u00edc\u00ed jednotliv\u00e9 m\u00edstnosti a umo\u017e\u0148uje p\u0159\u00edstup pomoc\u00ed WiFi, Ethernetu nebo USB.","breadcrumb":{"@id":"https:\/\/nove.etatherm.cz\/cz\/produkty\/ridici-jednotka-eth1e\/#breadcrumb"},"inLanguage":"cs","potentialAction":[{"@type":"ReadAction","target":["https:\/\/nove.etatherm.cz\/cz\/produkty\/ridici-jednotka-eth1e\/"]}]},{"@type":"BreadcrumbList","@id":"https:\/\/nove.etatherm.cz\/cz\/produkty\/ridici-jednotka-eth1e\/#breadcrumb","itemListElement":[{"@type":"ListItem","position":1,"name":"\u00davod","item":"https:\/\/nove.etatherm.cz\/cz\/"},{"@type":"ListItem","position":2,"name":"Produkty","item":"https:\/\/nove.etatherm.cz\/cz\/produkty\/"},{"@type":"ListItem","position":3,"name":"\u0158\u00edd\u00edc\u00ed jednotky ETH1e"}]},{"@type":"WebSite","@id":"https:\/\/nove.etatherm.cz\/cz\/#website","url":"https:\/\/nove.etatherm.cz\/cz\/","name":"Etatherm s.r.o.","description":"Programov\u011b \u0159\u00edzen\u00e1 regulace vyt\u00e1p\u011bn\u00ed ETATHERM  k individu\u00e1ln\u00ed regulaci vyt\u00e1p\u011bn\u00ed jednotliv\u00fdch m\u00edstnost\u00ed","publisher":{"@id":"https:\/\/nove.etatherm.cz\/cz\/#organization"},"potentialAction":[{"@type":"SearchAction","target":{"@type":"EntryPoint","urlTemplate":"https:\/\/nove.etatherm.cz\/cz\/?s={search_term_string}"},"query-input":"required name=search_term_string"}],"inLanguage":"cs"},{"@type":"Organization","@id":"https:\/\/nove.etatherm.cz\/cz\/#organization","name":"Etatherm s.r.o.","url":"https:\/\/nove.etatherm.cz\/cz\/","logo":{"@type":"ImageObject","inLanguage":"cs","@id":"https:\/\/nove.etatherm.cz\/cz\/#\/schema\/logo\/image\/","url":"https:\/\/nove.etatherm.cz\/cz\/wp-content\/uploads\/2025\/01\/etatherm-logo.png","contentUrl":"https:\/\/nove.etatherm.cz\/cz\/wp-content\/uploads\/2025\/01\/etatherm-logo.png","width":119,"height":53,"caption":"Etatherm s.r.o."},"image":{"@id":"https:\/\/nove.etatherm.cz\/cz\/#\/schema\/logo\/image\/"}}]}},"_links":{"self":[{"href":"https:\/\/nove.etatherm.cz\/cz\/wp-json\/wp\/v2\/pages\/170","targetHints":{"allow":["GET"]}}],"collection":[{"href":"https:\/\/nove.etatherm.cz\/cz\/wp-json\/wp\/v2\/pages"}],"about":[{"href":"https:\/\/nove.etatherm.cz\/cz\/wp-json\/wp\/v2\/types\/page"}],"author":[{"embeddable":true,"href":"https:\/\/nove.etatherm.cz\/cz\/wp-json\/wp\/v2\/users\/1"}],"replies":[{"embeddable":true,"href":"https:\/\/nove.etatherm.cz\/cz\/wp-json\/wp\/v2\/comments?post=170"}],"version-history":[{"count":12,"href":"https:\/\/nove.etatherm.cz\/cz\/wp-json\/wp\/v2\/pages\/170\/revisions"}],"predecessor-version":[{"id":410,"href":"https:\/\/nove.etatherm.cz\/cz\/wp-json\/wp\/v2\/pages\/170\/revisions\/410"}],"up":[{"embeddable":true,"href":"https:\/\/nove.etatherm.cz\/cz\/wp-json\/wp\/v2\/pages\/10"}],"wp:attachment":[{"href":"https:\/\/nove.etatherm.cz\/cz\/wp-json\/wp\/v2\/media?parent=170"}],"curies":[{"name":"wp","href":"https:\/\/api.w.org\/{rel}","templated":true}]}}