{"id":16,"date":"2025-01-23T14:08:02","date_gmt":"2025-01-23T13:08:02","guid":{"rendered":"https:\/\/nove.etatherm.cz\/cz\/?page_id=16"},"modified":"2025-08-15T16:00:13","modified_gmt":"2025-08-15T14:00:13","slug":"servis","status":"publish","type":"page","link":"https:\/\/nove.etatherm.cz\/cz\/servis\/","title":{"rendered":"Servis"},"content":{"rendered":"\n<h1 class=\"wp-block-heading\">SERVISN\u00cd \u00daSEK<\/h1>\n\n\n\n<p>Servisn\u00ed \u00fasek spole\u010dnosti ETATHERM s.r.o. zaji\u0161\u0165uje opravy na\u0161ich v\u00fdrobk\u016f, p\u0159estavby n\u011bkter\u00fdch modul\u016f, konfiguraci prvk\u016f na zak\u00e1zku nebo jin\u00e9 \u00fapravy dle dohody.<\/p>\n\n\n\n<p>V p\u0159\u00edpad\u011b pot\u0159eby m\u016f\u017ee poskytnout sv\u00e9 slu\u017eby p\u0159i mont\u00e1\u017ei nebo oprav\u011b tak\u00e9 formou technick\u00e9 pomocii v ter\u00e9nu. V p\u0159\u00edpad\u011b z\u00e1jmu vyu\u017eijte n\u00e1sleduj\u00edc\u00ed kontakt:<\/p>\n\n\n\n<p><strong>Servisn\u00ed \u00fasek ETATHERM s.r.o., Palack\u00e9ho 405\/32A, 784 01 LITOVEL<\/strong><\/p>\n\n\n\n<figure class=\"wp-block-table\"><table class=\"has-fixed-layout\"><tbody><tr><td class=\"has-text-align-center\" data-align=\"center\">&nbsp;&nbsp;<br><br><strong>Ji\u0159\u00ed Lang ml., vedouc\u00ed servisn\u00edho \u00faseku<\/strong><br>&nbsp;&nbsp;MOBILN\u00cd TELEFON: <strong>732 607 949<\/strong><br>  denn\u011b od 8:00 do 19:00<br>  MAIL: <a href=\"mailto:langml@etatherm.cz\">langml@etatherm.cz<\/a><br><\/td><td><img decoding=\"async\" src=\"https:\/\/www.etatherm.cz\/obrazy\/jcertif1.jpg\" alt=\"certifikat\"><\/td><\/tr><\/tbody><\/table><\/figure>\n\n\n\n<p>ETATHERM s.r.o. vyr\u00e1b\u00ed a nad\u00e1le vyv\u00edj\u00ed soupravy programem \u0159\u00edzen\u00e9 regulace vyt\u00e1p\u011bn\u00ed jednotliv\u00fdch m\u00edstnost\u00ed pro byty, domky,penziony, hotely, \u00fa\u0159ady,\u0161koly, firemn\u00ed objekty atd.<br>P\u0159i sv\u00e9 \u010dinnosti jsme z\u00edskali mnoho zku\u0161enost\u00ed. Zn\u00e1me pot\u00ed\u017ee u\u017eivatel\u016f s otopn\u00fdmi soustavami a jejich regulacemi. Mnoh\u00fdm u\u017eivatel\u016fm jsme pomohli radou, p\u0159\u00edpadn\u011b technickou pomoc\u00ed.<\/p>\n\n\n\n<ul class=\"wp-block-list\">\n<li>Chov\u00e1 se Va\u0161e otopn\u00e1 soustava jinak ne\u017e byste si p\u0159\u00e1li?<\/li>\n\n\n\n<li>nejste spokojeni s tepeln\u00fdm komfortem vyt\u00e1p\u011bn\u00fdch m\u00edstnost\u00ed?<\/li>\n\n\n\n<li>chcete prodiskutovat mo\u017enosti regulace pr\u00e1v\u011b pro Va\u0161i situaci?<\/li>\n\n\n\n<li>opravujete nebo stav\u00edte nov\u00fd d\u016fm a rozhodujete se, jak v n\u011bm topit a regulovat?<\/li>\n\n\n\n<li>zaj\u00edm\u00e1 V\u00e1s \u00faspora n\u00e1klad\u016f na vyt\u00e1p\u011bn\u00ed prost\u0159ednictv\u00edm vhodn\u00e9 regulace?<\/li>\n\n\n\n<li>p\u0159\u00e1li byste si i vzd\u00e1len\u011b (prost\u0159ednictv\u00edm internetu) kontrolovat a ovl\u00e1dat vyt\u00e1p\u011bn\u00ed osobn\u00edm po\u010d\u00edta\u010dem, tabletem nebo chytr\u00fdm telefonem?<\/li>\n\n\n\n<li>nev\u00edte, kolik by V\u00e1s po\u0159\u00edzen\u00ed takov\u00e9 regulace st\u00e1lo a zda byste si poradili i s instalac\u00ed?<\/li>\n<\/ul>\n\n\n\n<p><strong>ZEPTEJTE SE n\u00e1s! M\u016f\u017eete n\u00e1m napsat, zatelefonovat, poslat mail nebo n\u00e1s (po dohod\u011b term\u00ednu) nav\u0161t\u00edvit. Rady, konzultace a nab\u00eddky poskytujeme bezplatn\u011b. Na\u0161i z\u00e1kazn\u00edci i z\u00e1jemci to oce\u0148uj\u00ed.<\/strong><\/p>\n\n\n\n<h4 class=\"wp-block-heading\">Nab\u00eddka slu\u017eeb p\u0159i realizaci regulace vyt\u00e1p\u011bn\u00ed<\/h4>\n\n\n\n<ul class=\"wp-block-list\">\n<li>kontrola otopn\u00e9 soustavy v\u010detn\u011b nastaven\u00ed expanzomatu,<\/li>\n\n\n\n<li>n\u00e1vrh optimaliza\u010dn\u00edch opat\u0159en\u00ed \u010dinnosti otopn\u00e9 soustavy,<\/li>\n\n\n\n<li>n\u00e1vrh sestavy regula\u010dn\u00ed soupravy podle Va\u0161ich po\u017eadavk\u016f \u010di pot\u0159eb,<\/li>\n\n\n\n<li>posouzen\u00ed mo\u017enost\u00ed instalace regula\u010dn\u00ed soupravy a zp\u016fsob\u016f jej\u00edho ovl\u00e1d\u00e1n\u00ed,<\/li>\n\n\n\n<li>posouzen\u00ed vyu\u017eit\u00ed regula\u010dn\u00ed soupravy i pro dal\u0161\u00ed \u00fa\u010dely (regulace tepl\u00e9 u\u017eitkov\u00e9 vody, sp\u00edn\u00e1n\u00ed\/odp\u00edn\u00e1n\u00ed zdroje tepla p\u0159i dosa\u017een\u00ed programovan\u00fdch teplot v m\u00edstnostech, &#8230;),<\/li>\n\n\n\n<li>posouzen\u00ed individu\u00e1ln\u00edch p\u0159\u00e1n\u00ed a po\u017eadavk\u016f z\u00e1kazn\u00edka,<\/li>\n\n\n\n<li>technick\u00e1 pomoc p\u0159i realizaci &#8211; instalaci, zprovozn\u011bn\u00ed, za\u0161kolen\u00ed obsluhy, sezn\u00e1men\u00ed s mo\u017enostmi p\u0159ipojen\u00ed regula\u010dn\u00ed soupravy k PC (tabletu, chytr\u00e9mu telefonu), p\u0159\u00edpadn\u011b prost\u0159ednictv\u00edm internetu,<\/li>\n\n\n\n<li>servis, \u00fadr\u017eba nebo roz\u0161\u00ed\u0159en\u00ed st\u00e1vaj\u00edc\u00edch aplikac\u00ed regula\u010dn\u00edch souprav ETATHERM,<\/li>\n\n\n\n<li>modernizace regula\u010dn\u00edch souprav v r\u00e1mci programu &#8222;PODPORUJEME MODERNIZACI&#8220;.<\/li>\n<\/ul>\n","protected":false},"excerpt":{"rendered":"<p>SERVISN\u00cd \u00daSEK Servisn\u00ed \u00fasek spole\u010dnosti ETATHERM s.r.o. zaji\u0161\u0165uje opravy na\u0161ich v\u00fdrobk\u016f, p\u0159estavby n\u011bkter\u00fdch modul\u016f, konfiguraci prvk\u016f na zak\u00e1zku nebo jin\u00e9 \u00fapravy dle dohody. V p\u0159\u00edpad\u011b&hellip;<\/p>\n","protected":false},"author":1,"featured_media":0,"parent":0,"menu_order":0,"comment_status":"closed","ping_status":"closed","template":"","meta":{"footnotes":""},"class_list":["post-16","page","type-page","status-publish","hentry"],"yoast_head":"<!-- This site is optimized with the Yoast SEO plugin v20.4 - https:\/\/yoast.com\/wordpress\/plugins\/seo\/ -->\n<title>Servis - Etatherm s.r.o.<\/title>\n<meta name=\"description\" content=\"Informace a kontakt na servisn\u00ed \u00fasek firmy ETATHERM.\" \/>\n<meta name=\"robots\" content=\"index, follow, max-snippet:-1, max-image-preview:large, max-video-preview:-1\" \/>\n<link rel=\"canonical\" href=\"https:\/\/nove.etatherm.cz\/cz\/servis\/\" \/>\n<meta property=\"og:locale\" content=\"cs_CZ\" \/>\n<meta property=\"og:type\" content=\"article\" \/>\n<meta property=\"og:title\" content=\"Servis - Etatherm s.r.o.\" \/>\n<meta property=\"og:description\" content=\"Informace a kontakt na servisn\u00ed \u00fasek firmy ETATHERM.\" \/>\n<meta property=\"og:url\" content=\"https:\/\/nove.etatherm.cz\/cz\/servis\/\" \/>\n<meta property=\"og:site_name\" content=\"Etatherm s.r.o.\" \/>\n<meta property=\"article:modified_time\" content=\"2025-08-15T14:00:13+00:00\" \/>\n<meta property=\"og:image\" content=\"https:\/\/www.etatherm.cz\/obrazy\/jcertif1.jpg\" \/>\n<meta name=\"twitter:card\" content=\"summary_large_image\" \/>\n<meta name=\"twitter:label1\" content=\"Est. reading time\" \/>\n\t<meta name=\"twitter:data1\" content=\"2 minuty\" \/>\n<script type=\"application\/ld+json\" class=\"yoast-schema-graph\">{\"@context\":\"https:\/\/schema.org\",\"@graph\":[{\"@type\":\"WebPage\",\"@id\":\"https:\/\/nove.etatherm.cz\/cz\/servis\/\",\"url\":\"https:\/\/nove.etatherm.cz\/cz\/servis\/\",\"name\":\"Servis - Etatherm s.r.o.\",\"isPartOf\":{\"@id\":\"https:\/\/nove.etatherm.cz\/cz\/#website\"},\"datePublished\":\"2025-01-23T13:08:02+00:00\",\"dateModified\":\"2025-08-15T14:00:13+00:00\",\"description\":\"Informace a kontakt na servisn\u00ed \u00fasek firmy ETATHERM.\",\"breadcrumb\":{\"@id\":\"https:\/\/nove.etatherm.cz\/cz\/servis\/#breadcrumb\"},\"inLanguage\":\"cs\",\"potentialAction\":[{\"@type\":\"ReadAction\",\"target\":[\"https:\/\/nove.etatherm.cz\/cz\/servis\/\"]}]},{\"@type\":\"BreadcrumbList\",\"@id\":\"https:\/\/nove.etatherm.cz\/cz\/servis\/#breadcrumb\",\"itemListElement\":[{\"@type\":\"ListItem\",\"position\":1,\"name\":\"\u00davod\",\"item\":\"https:\/\/nove.etatherm.cz\/cz\/\"},{\"@type\":\"ListItem\",\"position\":2,\"name\":\"Servis\"}]},{\"@type\":\"WebSite\",\"@id\":\"https:\/\/nove.etatherm.cz\/cz\/#website\",\"url\":\"https:\/\/nove.etatherm.cz\/cz\/\",\"name\":\"Etatherm s.r.o.\",\"description\":\"Programov\u011b \u0159\u00edzen\u00e1 regulace vyt\u00e1p\u011bn\u00ed ETATHERM  k individu\u00e1ln\u00ed regulaci vyt\u00e1p\u011bn\u00ed jednotliv\u00fdch m\u00edstnost\u00ed\",\"publisher\":{\"@id\":\"https:\/\/nove.etatherm.cz\/cz\/#organization\"},\"potentialAction\":[{\"@type\":\"SearchAction\",\"target\":{\"@type\":\"EntryPoint\",\"urlTemplate\":\"https:\/\/nove.etatherm.cz\/cz\/?s={search_term_string}\"},\"query-input\":\"required name=search_term_string\"}],\"inLanguage\":\"cs\"},{\"@type\":\"Organization\",\"@id\":\"https:\/\/nove.etatherm.cz\/cz\/#organization\",\"name\":\"Etatherm s.r.o.\",\"url\":\"https:\/\/nove.etatherm.cz\/cz\/\",\"logo\":{\"@type\":\"ImageObject\",\"inLanguage\":\"cs\",\"@id\":\"https:\/\/nove.etatherm.cz\/cz\/#\/schema\/logo\/image\/\",\"url\":\"https:\/\/nove.etatherm.cz\/cz\/wp-content\/uploads\/2025\/01\/etatherm-logo.png\",\"contentUrl\":\"https:\/\/nove.etatherm.cz\/cz\/wp-content\/uploads\/2025\/01\/etatherm-logo.png\",\"width\":119,\"height\":53,\"caption\":\"Etatherm s.r.o.\"},\"image\":{\"@id\":\"https:\/\/nove.etatherm.cz\/cz\/#\/schema\/logo\/image\/\"}}]}<\/script>\n<!-- \/ Yoast SEO plugin. -->","yoast_head_json":{"title":"Servis - Etatherm s.r.o.","description":"Informace a kontakt na servisn\u00ed \u00fasek firmy ETATHERM.","robots":{"index":"index","follow":"follow","max-snippet":"max-snippet:-1","max-image-preview":"max-image-preview:large","max-video-preview":"max-video-preview:-1"},"canonical":"https:\/\/nove.etatherm.cz\/cz\/servis\/","og_locale":"cs_CZ","og_type":"article","og_title":"Servis - Etatherm s.r.o.","og_description":"Informace a kontakt na servisn\u00ed \u00fasek firmy ETATHERM.","og_url":"https:\/\/nove.etatherm.cz\/cz\/servis\/","og_site_name":"Etatherm s.r.o.","article_modified_time":"2025-08-15T14:00:13+00:00","og_image":[{"url":"https:\/\/www.etatherm.cz\/obrazy\/jcertif1.jpg"}],"twitter_card":"summary_large_image","twitter_misc":{"Est. reading time":"2 minuty"},"schema":{"@context":"https:\/\/schema.org","@graph":[{"@type":"WebPage","@id":"https:\/\/nove.etatherm.cz\/cz\/servis\/","url":"https:\/\/nove.etatherm.cz\/cz\/servis\/","name":"Servis - Etatherm s.r.o.","isPartOf":{"@id":"https:\/\/nove.etatherm.cz\/cz\/#website"},"datePublished":"2025-01-23T13:08:02+00:00","dateModified":"2025-08-15T14:00:13+00:00","description":"Informace a kontakt na servisn\u00ed \u00fasek firmy ETATHERM.","breadcrumb":{"@id":"https:\/\/nove.etatherm.cz\/cz\/servis\/#breadcrumb"},"inLanguage":"cs","potentialAction":[{"@type":"ReadAction","target":["https:\/\/nove.etatherm.cz\/cz\/servis\/"]}]},{"@type":"BreadcrumbList","@id":"https:\/\/nove.etatherm.cz\/cz\/servis\/#breadcrumb","itemListElement":[{"@type":"ListItem","position":1,"name":"\u00davod","item":"https:\/\/nove.etatherm.cz\/cz\/"},{"@type":"ListItem","position":2,"name":"Servis"}]},{"@type":"WebSite","@id":"https:\/\/nove.etatherm.cz\/cz\/#website","url":"https:\/\/nove.etatherm.cz\/cz\/","name":"Etatherm s.r.o.","description":"Programov\u011b \u0159\u00edzen\u00e1 regulace vyt\u00e1p\u011bn\u00ed ETATHERM  k individu\u00e1ln\u00ed regulaci vyt\u00e1p\u011bn\u00ed jednotliv\u00fdch m\u00edstnost\u00ed","publisher":{"@id":"https:\/\/nove.etatherm.cz\/cz\/#organization"},"potentialAction":[{"@type":"SearchAction","target":{"@type":"EntryPoint","urlTemplate":"https:\/\/nove.etatherm.cz\/cz\/?s={search_term_string}"},"query-input":"required name=search_term_string"}],"inLanguage":"cs"},{"@type":"Organization","@id":"https:\/\/nove.etatherm.cz\/cz\/#organization","name":"Etatherm s.r.o.","url":"https:\/\/nove.etatherm.cz\/cz\/","logo":{"@type":"ImageObject","inLanguage":"cs","@id":"https:\/\/nove.etatherm.cz\/cz\/#\/schema\/logo\/image\/","url":"https:\/\/nove.etatherm.cz\/cz\/wp-content\/uploads\/2025\/01\/etatherm-logo.png","contentUrl":"https:\/\/nove.etatherm.cz\/cz\/wp-content\/uploads\/2025\/01\/etatherm-logo.png","width":119,"height":53,"caption":"Etatherm s.r.o."},"image":{"@id":"https:\/\/nove.etatherm.cz\/cz\/#\/schema\/logo\/image\/"}}]}},"_links":{"self":[{"href":"https:\/\/nove.etatherm.cz\/cz\/wp-json\/wp\/v2\/pages\/16","targetHints":{"allow":["GET"]}}],"collection":[{"href":"https:\/\/nove.etatherm.cz\/cz\/wp-json\/wp\/v2\/pages"}],"about":[{"href":"https:\/\/nove.etatherm.cz\/cz\/wp-json\/wp\/v2\/types\/page"}],"author":[{"embeddable":true,"href":"https:\/\/nove.etatherm.cz\/cz\/wp-json\/wp\/v2\/users\/1"}],"replies":[{"embeddable":true,"href":"https:\/\/nove.etatherm.cz\/cz\/wp-json\/wp\/v2\/comments?post=16"}],"version-history":[{"count":3,"href":"https:\/\/nove.etatherm.cz\/cz\/wp-json\/wp\/v2\/pages\/16\/revisions"}],"predecessor-version":[{"id":408,"href":"https:\/\/nove.etatherm.cz\/cz\/wp-json\/wp\/v2\/pages\/16\/revisions\/408"}],"wp:attachment":[{"href":"https:\/\/nove.etatherm.cz\/cz\/wp-json\/wp\/v2\/media?parent=16"}],"curies":[{"name":"wp","href":"https:\/\/api.w.org\/{rel}","templated":true}]}}