{"id":14,"date":"2025-01-23T14:07:43","date_gmt":"2025-01-23T13:07:43","guid":{"rendered":"https:\/\/nove.etatherm.cz\/cz\/?page_id=14"},"modified":"2025-06-11T13:31:43","modified_gmt":"2025-06-11T11:31:43","slug":"prodej","status":"publish","type":"page","link":"https:\/\/nove.etatherm.cz\/cz\/prodej\/","title":{"rendered":"Prodej"},"content":{"rendered":"\n<h1 class=\"wp-block-heading\">PRODEJ<\/h1>\n\n\n\n<div class=\"prodej-d1\">\n    <div class=\"prodej-d2\"><div class=\"prodej-d3\"><a href=\"https:\/\/www.etatherm.cz\/cesky\/cenik.htm\">\n        <span class=\"prodej-s1\"><\/span>\n        <p>Cen\u00edky<\/p>\n        <img decoding=\"async\" src=\"\"\/>\n  <\/a><\/div><\/div>\n    <div class=\"prodej-d2\"><div class=\"prodej-d3\"><a href=\"https:\/\/www.etatherm.cz\/cesky\/formul.php\">\n        <span class=\"prodej-s1\"><\/span>\n        <p>Objedn\u00e1vka<\/p>\n        <img decoding=\"async\" src=\"\"\/>\n  <\/a><\/div><\/div>\n    <div class=\"prodej-d2\"><div class=\"prodej-d3\"><a href=\"https:\/\/www.etatherm.cz\/cesky\/firmy.htm\">\n        <span class=\"prodej-s1\"><\/span>\n        <p>Mont\u00e1\u017en\u00ed firmy<\/p>\n        <img decoding=\"async\" src=\"\"\/>\n  <\/a><\/div><\/div>\n    <div class=\"prodej-d2\"><div class=\"prodej-d3\"><a href=\"https:\/\/www.etatherm.cz\/cesky\/ref2.htm\">\n        <span class=\"prodej-s1\"><\/span>\n        <p>Reference<\/p>\n        <img decoding=\"async\" src=\"\"\/>\n  <\/a><\/div><\/div>\n<\/div>\n","protected":false},"excerpt":{"rendered":"<p>PRODEJ Cen\u00edky Objedn\u00e1vka Mont\u00e1\u017en\u00ed firmy Reference<\/p>\n","protected":false},"author":1,"featured_media":0,"parent":0,"menu_order":0,"comment_status":"closed","ping_status":"closed","template":"","meta":{"footnotes":""},"class_list":["post-14","page","type-page","status-publish","hentry"],"yoast_head":"<!-- This site is optimized with the Yoast SEO plugin v20.4 - https:\/\/yoast.com\/wordpress\/plugins\/seo\/ -->\n<title>Prodej - Etatherm s.r.o.<\/title>\n<meta name=\"description\" content=\"Obchodn\u00ed informace a odkazy firmy ETATHERM s.r.o.\" \/>\n<meta name=\"robots\" content=\"index, follow, max-snippet:-1, max-image-preview:large, max-video-preview:-1\" \/>\n<link rel=\"canonical\" href=\"https:\/\/nove.etatherm.cz\/cz\/prodej\/\" \/>\n<meta property=\"og:locale\" content=\"cs_CZ\" \/>\n<meta property=\"og:type\" content=\"article\" \/>\n<meta property=\"og:title\" content=\"Prodej - Etatherm s.r.o.\" \/>\n<meta property=\"og:description\" content=\"Obchodn\u00ed informace a odkazy firmy ETATHERM s.r.o.\" \/>\n<meta property=\"og:url\" content=\"https:\/\/nove.etatherm.cz\/cz\/prodej\/\" \/>\n<meta property=\"og:site_name\" content=\"Etatherm s.r.o.\" \/>\n<meta property=\"article:modified_time\" content=\"2025-06-11T11:31:43+00:00\" \/>\n<meta name=\"twitter:card\" content=\"summary_large_image\" \/>\n<meta name=\"twitter:label1\" content=\"Est. reading time\" \/>\n\t<meta name=\"twitter:data1\" content=\"1 minuta\" \/>\n<script type=\"application\/ld+json\" class=\"yoast-schema-graph\">{\"@context\":\"https:\/\/schema.org\",\"@graph\":[{\"@type\":\"WebPage\",\"@id\":\"https:\/\/nove.etatherm.cz\/cz\/prodej\/\",\"url\":\"https:\/\/nove.etatherm.cz\/cz\/prodej\/\",\"name\":\"Prodej - Etatherm s.r.o.\",\"isPartOf\":{\"@id\":\"https:\/\/nove.etatherm.cz\/cz\/#website\"},\"datePublished\":\"2025-01-23T13:07:43+00:00\",\"dateModified\":\"2025-06-11T11:31:43+00:00\",\"description\":\"Obchodn\u00ed informace a odkazy firmy ETATHERM s.r.o.\",\"breadcrumb\":{\"@id\":\"https:\/\/nove.etatherm.cz\/cz\/prodej\/#breadcrumb\"},\"inLanguage\":\"cs\",\"potentialAction\":[{\"@type\":\"ReadAction\",\"target\":[\"https:\/\/nove.etatherm.cz\/cz\/prodej\/\"]}]},{\"@type\":\"BreadcrumbList\",\"@id\":\"https:\/\/nove.etatherm.cz\/cz\/prodej\/#breadcrumb\",\"itemListElement\":[{\"@type\":\"ListItem\",\"position\":1,\"name\":\"\u00davod\",\"item\":\"https:\/\/nove.etatherm.cz\/cz\/\"},{\"@type\":\"ListItem\",\"position\":2,\"name\":\"Prodej\"}]},{\"@type\":\"WebSite\",\"@id\":\"https:\/\/nove.etatherm.cz\/cz\/#website\",\"url\":\"https:\/\/nove.etatherm.cz\/cz\/\",\"name\":\"Etatherm s.r.o.\",\"description\":\"Programov\u011b \u0159\u00edzen\u00e1 regulace vyt\u00e1p\u011bn\u00ed ETATHERM  k individu\u00e1ln\u00ed regulaci vyt\u00e1p\u011bn\u00ed jednotliv\u00fdch m\u00edstnost\u00ed\",\"publisher\":{\"@id\":\"https:\/\/nove.etatherm.cz\/cz\/#organization\"},\"potentialAction\":[{\"@type\":\"SearchAction\",\"target\":{\"@type\":\"EntryPoint\",\"urlTemplate\":\"https:\/\/nove.etatherm.cz\/cz\/?s={search_term_string}\"},\"query-input\":\"required name=search_term_string\"}],\"inLanguage\":\"cs\"},{\"@type\":\"Organization\",\"@id\":\"https:\/\/nove.etatherm.cz\/cz\/#organization\",\"name\":\"Etatherm s.r.o.\",\"url\":\"https:\/\/nove.etatherm.cz\/cz\/\",\"logo\":{\"@type\":\"ImageObject\",\"inLanguage\":\"cs\",\"@id\":\"https:\/\/nove.etatherm.cz\/cz\/#\/schema\/logo\/image\/\",\"url\":\"https:\/\/nove.etatherm.cz\/cz\/wp-content\/uploads\/2025\/01\/etatherm-logo.png\",\"contentUrl\":\"https:\/\/nove.etatherm.cz\/cz\/wp-content\/uploads\/2025\/01\/etatherm-logo.png\",\"width\":119,\"height\":53,\"caption\":\"Etatherm s.r.o.\"},\"image\":{\"@id\":\"https:\/\/nove.etatherm.cz\/cz\/#\/schema\/logo\/image\/\"}}]}<\/script>\n<!-- \/ Yoast SEO plugin. -->","yoast_head_json":{"title":"Prodej - Etatherm s.r.o.","description":"Obchodn\u00ed informace a odkazy firmy ETATHERM s.r.o.","robots":{"index":"index","follow":"follow","max-snippet":"max-snippet:-1","max-image-preview":"max-image-preview:large","max-video-preview":"max-video-preview:-1"},"canonical":"https:\/\/nove.etatherm.cz\/cz\/prodej\/","og_locale":"cs_CZ","og_type":"article","og_title":"Prodej - Etatherm s.r.o.","og_description":"Obchodn\u00ed informace a odkazy firmy ETATHERM s.r.o.","og_url":"https:\/\/nove.etatherm.cz\/cz\/prodej\/","og_site_name":"Etatherm s.r.o.","article_modified_time":"2025-06-11T11:31:43+00:00","twitter_card":"summary_large_image","twitter_misc":{"Est. reading time":"1 minuta"},"schema":{"@context":"https:\/\/schema.org","@graph":[{"@type":"WebPage","@id":"https:\/\/nove.etatherm.cz\/cz\/prodej\/","url":"https:\/\/nove.etatherm.cz\/cz\/prodej\/","name":"Prodej - Etatherm s.r.o.","isPartOf":{"@id":"https:\/\/nove.etatherm.cz\/cz\/#website"},"datePublished":"2025-01-23T13:07:43+00:00","dateModified":"2025-06-11T11:31:43+00:00","description":"Obchodn\u00ed informace a odkazy firmy ETATHERM s.r.o.","breadcrumb":{"@id":"https:\/\/nove.etatherm.cz\/cz\/prodej\/#breadcrumb"},"inLanguage":"cs","potentialAction":[{"@type":"ReadAction","target":["https:\/\/nove.etatherm.cz\/cz\/prodej\/"]}]},{"@type":"BreadcrumbList","@id":"https:\/\/nove.etatherm.cz\/cz\/prodej\/#breadcrumb","itemListElement":[{"@type":"ListItem","position":1,"name":"\u00davod","item":"https:\/\/nove.etatherm.cz\/cz\/"},{"@type":"ListItem","position":2,"name":"Prodej"}]},{"@type":"WebSite","@id":"https:\/\/nove.etatherm.cz\/cz\/#website","url":"https:\/\/nove.etatherm.cz\/cz\/","name":"Etatherm s.r.o.","description":"Programov\u011b \u0159\u00edzen\u00e1 regulace vyt\u00e1p\u011bn\u00ed ETATHERM  k individu\u00e1ln\u00ed regulaci vyt\u00e1p\u011bn\u00ed jednotliv\u00fdch m\u00edstnost\u00ed","publisher":{"@id":"https:\/\/nove.etatherm.cz\/cz\/#organization"},"potentialAction":[{"@type":"SearchAction","target":{"@type":"EntryPoint","urlTemplate":"https:\/\/nove.etatherm.cz\/cz\/?s={search_term_string}"},"query-input":"required name=search_term_string"}],"inLanguage":"cs"},{"@type":"Organization","@id":"https:\/\/nove.etatherm.cz\/cz\/#organization","name":"Etatherm s.r.o.","url":"https:\/\/nove.etatherm.cz\/cz\/","logo":{"@type":"ImageObject","inLanguage":"cs","@id":"https:\/\/nove.etatherm.cz\/cz\/#\/schema\/logo\/image\/","url":"https:\/\/nove.etatherm.cz\/cz\/wp-content\/uploads\/2025\/01\/etatherm-logo.png","contentUrl":"https:\/\/nove.etatherm.cz\/cz\/wp-content\/uploads\/2025\/01\/etatherm-logo.png","width":119,"height":53,"caption":"Etatherm s.r.o."},"image":{"@id":"https:\/\/nove.etatherm.cz\/cz\/#\/schema\/logo\/image\/"}}]}},"_links":{"self":[{"href":"https:\/\/nove.etatherm.cz\/cz\/wp-json\/wp\/v2\/pages\/14","targetHints":{"allow":["GET"]}}],"collection":[{"href":"https:\/\/nove.etatherm.cz\/cz\/wp-json\/wp\/v2\/pages"}],"about":[{"href":"https:\/\/nove.etatherm.cz\/cz\/wp-json\/wp\/v2\/types\/page"}],"author":[{"embeddable":true,"href":"https:\/\/nove.etatherm.cz\/cz\/wp-json\/wp\/v2\/users\/1"}],"replies":[{"embeddable":true,"href":"https:\/\/nove.etatherm.cz\/cz\/wp-json\/wp\/v2\/comments?post=14"}],"version-history":[{"count":2,"href":"https:\/\/nove.etatherm.cz\/cz\/wp-json\/wp\/v2\/pages\/14\/revisions"}],"predecessor-version":[{"id":366,"href":"https:\/\/nove.etatherm.cz\/cz\/wp-json\/wp\/v2\/pages\/14\/revisions\/366"}],"wp:attachment":[{"href":"https:\/\/nove.etatherm.cz\/cz\/wp-json\/wp\/v2\/media?parent=14"}],"curies":[{"name":"wp","href":"https:\/\/api.w.org\/{rel}","templated":true}]}}