{"id":12,"date":"2025-01-23T14:07:21","date_gmt":"2025-01-23T13:07:21","guid":{"rendered":"https:\/\/nove.etatherm.cz\/cz\/?page_id=12"},"modified":"2026-03-28T18:03:06","modified_gmt":"2026-03-28T17:03:06","slug":"podpora","status":"publish","type":"page","link":"https:\/\/nove.etatherm.cz\/cz\/podpora\/","title":{"rendered":"Podpora"},"content":{"rendered":"\n<h1 class=\"wp-block-heading\">PODPORA<\/h1>\n\n\n\n<div class=\"podpora-d1\">\n\n  <div class=\"podpora-d2\"><div class=\"podpora-d3\">\n  <a href=\"https:\/\/nove.etatherm.cz\/cz\/podpora\/dokumenty\/\">\n        <span class=\"podpora-s1\"><\/span>\n        <p>Dokumenty<\/p>\n        <img decoding=\"async\" src=\"https:\/\/nove.etatherm.cz\/cz\/wp-content\/uploads\/2026\/03\/dokumenty2.png\"\/>\n  <\/a>\n  <\/div><\/div>\n\n\n  <div class=\"podpora-d2\"><div class=\"podpora-d3\">\n  <a href=\"https:\/\/nove.etatherm.cz\/cz\/prehled-systemu\/\">\n        <span class=\"podpora-s1\"><\/span>\n        <p>P\u0159ehled syst\u00e9mu ETATHERM<\/p>\n        <img decoding=\"async\" src=\"https:\/\/nove.etatherm.cz\/cz\/wp-content\/uploads\/2025\/06\/sys2a_1.jpg\"\/>\n  <\/a>\n  <\/div><\/div>\n\n  <div class=\"podpora-d2\"><div class=\"podpora-d3\">\n  <a href=\"https:\/\/nove.etatherm.cz\/cz\/download\/\">\n        <span class=\"podpora-s1\"><\/span>\n        <p>Ke sta\u017een\u00ed<\/p>\n        <img decoding=\"async\" src=\"https:\/\/nove.etatherm.cz\/cz\/wp-content\/uploads\/2025\/08\/Download02.png\"\/>\n  <\/a>\n  <\/div><\/div>\n\n  <div class=\"podpora-d2\"><div class=\"podpora-d3\">\n  <a href=\"https:\/\/nove.etatherm.cz\/cz\/podpora\/aplikacni-priklady\/\">\n        <span class=\"podpora-s1\"><\/span>\n        <p>Aplika\u010dn\u00ed p\u0159\u00edklady<\/p><br>\n        <img decoding=\"async\" src=\"https:\/\/nove.etatherm.cz\/cz\/wp-content\/uploads\/2025\/06\/apl1_1.gif\"\/>\n  <\/a>\n  <\/div><\/div>\n  \n  <div class=\"podpora-d2\"><div class=\"podpora-d3\">\n  <a href=\"https:\/\/nove.etatherm.cz\/cz\/podpora\/faq\/\">\n        <span class=\"podpora-s1\"><\/span>\n        <p>FAQ &#8211; \u010dast\u00e9 ot\u00e1zky<\/p>\n        <img decoding=\"async\" src=\"https:\/\/nove.etatherm.cz\/cz\/wp-content\/uploads\/2025\/06\/faq.jpg\"\/>\n  <\/a>\n  <\/div><\/div>\n  \n  <div class=\"podpora-d2\"><div class=\"podpora-d3\">\n  <a href=\"https:\/\/nove.etatherm.cz\/cz\/podpora\/podlahove-vytapeni\/\">\n        <span class=\"podpora-s1\"><\/span>\n        <p>Podlahov\u00e9 vyt\u00e1p\u011bn\u00ed<\/p>\n        <img decoding=\"async\" src=\"https:\/\/nove.etatherm.cz\/cz\/wp-content\/uploads\/2025\/06\/podlaha_3.jpg\"\/>\n  <\/a>\n  <\/div><\/div>\n<\/div>\n","protected":false},"excerpt":{"rendered":"<p>PODPORA Dokumenty P\u0159ehled syst\u00e9mu ETATHERM Ke sta\u017een\u00ed Aplika\u010dn\u00ed p\u0159\u00edklady FAQ &#8211; \u010dast\u00e9 ot\u00e1zky Podlahov\u00e9 vyt\u00e1p\u011bn\u00ed<\/p>\n","protected":false},"author":1,"featured_media":0,"parent":0,"menu_order":0,"comment_status":"closed","ping_status":"closed","template":"","meta":{"footnotes":""},"class_list":["post-12","page","type-page","status-publish","hentry"],"yoast_head":"<!-- This site is optimized with the Yoast SEO plugin v20.4 - https:\/\/yoast.com\/wordpress\/plugins\/seo\/ -->\n<title>Podpora - Etatherm s.r.o.<\/title>\n<meta name=\"description\" content=\"Str\u00e1nky obsahuj\u00edc\u00ed n\u00e1vody, p\u0159\u00edklady a ot\u00e1zky\/odpov\u011bdi pro z\u00e1kazn\u00edky i mont\u00e9ry regula\u010dn\u00edch souprav ETATHERM.\" \/>\n<meta name=\"robots\" content=\"index, follow, max-snippet:-1, max-image-preview:large, max-video-preview:-1\" \/>\n<link rel=\"canonical\" href=\"https:\/\/nove.etatherm.cz\/cz\/podpora\/\" \/>\n<meta property=\"og:locale\" content=\"cs_CZ\" \/>\n<meta property=\"og:type\" content=\"article\" \/>\n<meta property=\"og:title\" content=\"Podpora - Etatherm s.r.o.\" \/>\n<meta property=\"og:description\" content=\"Str\u00e1nky obsahuj\u00edc\u00ed n\u00e1vody, p\u0159\u00edklady a ot\u00e1zky\/odpov\u011bdi pro z\u00e1kazn\u00edky i mont\u00e9ry regula\u010dn\u00edch souprav ETATHERM.\" \/>\n<meta property=\"og:url\" content=\"https:\/\/nove.etatherm.cz\/cz\/podpora\/\" \/>\n<meta property=\"og:site_name\" content=\"Etatherm s.r.o.\" \/>\n<meta property=\"article:modified_time\" content=\"2026-03-28T17:03:06+00:00\" \/>\n<meta property=\"og:image\" content=\"https:\/\/nove.etatherm.cz\/cz\/wp-content\/uploads\/2026\/03\/dokumenty2.png\" \/>\n<meta name=\"twitter:card\" content=\"summary_large_image\" \/>\n<meta name=\"twitter:label1\" content=\"Est. reading time\" \/>\n\t<meta name=\"twitter:data1\" content=\"2 minuty\" \/>\n<script type=\"application\/ld+json\" class=\"yoast-schema-graph\">{\"@context\":\"https:\/\/schema.org\",\"@graph\":[{\"@type\":\"WebPage\",\"@id\":\"https:\/\/nove.etatherm.cz\/cz\/podpora\/\",\"url\":\"https:\/\/nove.etatherm.cz\/cz\/podpora\/\",\"name\":\"Podpora - Etatherm s.r.o.\",\"isPartOf\":{\"@id\":\"https:\/\/nove.etatherm.cz\/cz\/#website\"},\"datePublished\":\"2025-01-23T13:07:21+00:00\",\"dateModified\":\"2026-03-28T17:03:06+00:00\",\"description\":\"Str\u00e1nky obsahuj\u00edc\u00ed n\u00e1vody, p\u0159\u00edklady a ot\u00e1zky\/odpov\u011bdi pro z\u00e1kazn\u00edky i mont\u00e9ry regula\u010dn\u00edch souprav ETATHERM.\",\"breadcrumb\":{\"@id\":\"https:\/\/nove.etatherm.cz\/cz\/podpora\/#breadcrumb\"},\"inLanguage\":\"cs\",\"potentialAction\":[{\"@type\":\"ReadAction\",\"target\":[\"https:\/\/nove.etatherm.cz\/cz\/podpora\/\"]}]},{\"@type\":\"BreadcrumbList\",\"@id\":\"https:\/\/nove.etatherm.cz\/cz\/podpora\/#breadcrumb\",\"itemListElement\":[{\"@type\":\"ListItem\",\"position\":1,\"name\":\"\u00davod\",\"item\":\"https:\/\/nove.etatherm.cz\/cz\/\"},{\"@type\":\"ListItem\",\"position\":2,\"name\":\"Podpora\"}]},{\"@type\":\"WebSite\",\"@id\":\"https:\/\/nove.etatherm.cz\/cz\/#website\",\"url\":\"https:\/\/nove.etatherm.cz\/cz\/\",\"name\":\"Etatherm s.r.o.\",\"description\":\"Programov\u011b \u0159\u00edzen\u00e1 regulace vyt\u00e1p\u011bn\u00ed ETATHERM  k individu\u00e1ln\u00ed regulaci vyt\u00e1p\u011bn\u00ed jednotliv\u00fdch m\u00edstnost\u00ed\",\"publisher\":{\"@id\":\"https:\/\/nove.etatherm.cz\/cz\/#organization\"},\"potentialAction\":[{\"@type\":\"SearchAction\",\"target\":{\"@type\":\"EntryPoint\",\"urlTemplate\":\"https:\/\/nove.etatherm.cz\/cz\/?s={search_term_string}\"},\"query-input\":\"required name=search_term_string\"}],\"inLanguage\":\"cs\"},{\"@type\":\"Organization\",\"@id\":\"https:\/\/nove.etatherm.cz\/cz\/#organization\",\"name\":\"Etatherm s.r.o.\",\"url\":\"https:\/\/nove.etatherm.cz\/cz\/\",\"logo\":{\"@type\":\"ImageObject\",\"inLanguage\":\"cs\",\"@id\":\"https:\/\/nove.etatherm.cz\/cz\/#\/schema\/logo\/image\/\",\"url\":\"https:\/\/nove.etatherm.cz\/cz\/wp-content\/uploads\/2025\/01\/etatherm-logo.png\",\"contentUrl\":\"https:\/\/nove.etatherm.cz\/cz\/wp-content\/uploads\/2025\/01\/etatherm-logo.png\",\"width\":119,\"height\":53,\"caption\":\"Etatherm s.r.o.\"},\"image\":{\"@id\":\"https:\/\/nove.etatherm.cz\/cz\/#\/schema\/logo\/image\/\"}}]}<\/script>\n<!-- \/ Yoast SEO plugin. -->","yoast_head_json":{"title":"Podpora - Etatherm s.r.o.","description":"Str\u00e1nky obsahuj\u00edc\u00ed n\u00e1vody, p\u0159\u00edklady a ot\u00e1zky\/odpov\u011bdi pro z\u00e1kazn\u00edky i mont\u00e9ry regula\u010dn\u00edch souprav ETATHERM.","robots":{"index":"index","follow":"follow","max-snippet":"max-snippet:-1","max-image-preview":"max-image-preview:large","max-video-preview":"max-video-preview:-1"},"canonical":"https:\/\/nove.etatherm.cz\/cz\/podpora\/","og_locale":"cs_CZ","og_type":"article","og_title":"Podpora - Etatherm s.r.o.","og_description":"Str\u00e1nky obsahuj\u00edc\u00ed n\u00e1vody, p\u0159\u00edklady a ot\u00e1zky\/odpov\u011bdi pro z\u00e1kazn\u00edky i mont\u00e9ry regula\u010dn\u00edch souprav ETATHERM.","og_url":"https:\/\/nove.etatherm.cz\/cz\/podpora\/","og_site_name":"Etatherm s.r.o.","article_modified_time":"2026-03-28T17:03:06+00:00","og_image":[{"url":"https:\/\/nove.etatherm.cz\/cz\/wp-content\/uploads\/2026\/03\/dokumenty2.png"}],"twitter_card":"summary_large_image","twitter_misc":{"Est. reading time":"2 minuty"},"schema":{"@context":"https:\/\/schema.org","@graph":[{"@type":"WebPage","@id":"https:\/\/nove.etatherm.cz\/cz\/podpora\/","url":"https:\/\/nove.etatherm.cz\/cz\/podpora\/","name":"Podpora - Etatherm s.r.o.","isPartOf":{"@id":"https:\/\/nove.etatherm.cz\/cz\/#website"},"datePublished":"2025-01-23T13:07:21+00:00","dateModified":"2026-03-28T17:03:06+00:00","description":"Str\u00e1nky obsahuj\u00edc\u00ed n\u00e1vody, p\u0159\u00edklady a ot\u00e1zky\/odpov\u011bdi pro z\u00e1kazn\u00edky i mont\u00e9ry regula\u010dn\u00edch souprav ETATHERM.","breadcrumb":{"@id":"https:\/\/nove.etatherm.cz\/cz\/podpora\/#breadcrumb"},"inLanguage":"cs","potentialAction":[{"@type":"ReadAction","target":["https:\/\/nove.etatherm.cz\/cz\/podpora\/"]}]},{"@type":"BreadcrumbList","@id":"https:\/\/nove.etatherm.cz\/cz\/podpora\/#breadcrumb","itemListElement":[{"@type":"ListItem","position":1,"name":"\u00davod","item":"https:\/\/nove.etatherm.cz\/cz\/"},{"@type":"ListItem","position":2,"name":"Podpora"}]},{"@type":"WebSite","@id":"https:\/\/nove.etatherm.cz\/cz\/#website","url":"https:\/\/nove.etatherm.cz\/cz\/","name":"Etatherm s.r.o.","description":"Programov\u011b \u0159\u00edzen\u00e1 regulace vyt\u00e1p\u011bn\u00ed ETATHERM  k individu\u00e1ln\u00ed regulaci vyt\u00e1p\u011bn\u00ed jednotliv\u00fdch m\u00edstnost\u00ed","publisher":{"@id":"https:\/\/nove.etatherm.cz\/cz\/#organization"},"potentialAction":[{"@type":"SearchAction","target":{"@type":"EntryPoint","urlTemplate":"https:\/\/nove.etatherm.cz\/cz\/?s={search_term_string}"},"query-input":"required name=search_term_string"}],"inLanguage":"cs"},{"@type":"Organization","@id":"https:\/\/nove.etatherm.cz\/cz\/#organization","name":"Etatherm s.r.o.","url":"https:\/\/nove.etatherm.cz\/cz\/","logo":{"@type":"ImageObject","inLanguage":"cs","@id":"https:\/\/nove.etatherm.cz\/cz\/#\/schema\/logo\/image\/","url":"https:\/\/nove.etatherm.cz\/cz\/wp-content\/uploads\/2025\/01\/etatherm-logo.png","contentUrl":"https:\/\/nove.etatherm.cz\/cz\/wp-content\/uploads\/2025\/01\/etatherm-logo.png","width":119,"height":53,"caption":"Etatherm s.r.o."},"image":{"@id":"https:\/\/nove.etatherm.cz\/cz\/#\/schema\/logo\/image\/"}}]}},"_links":{"self":[{"href":"https:\/\/nove.etatherm.cz\/cz\/wp-json\/wp\/v2\/pages\/12","targetHints":{"allow":["GET"]}}],"collection":[{"href":"https:\/\/nove.etatherm.cz\/cz\/wp-json\/wp\/v2\/pages"}],"about":[{"href":"https:\/\/nove.etatherm.cz\/cz\/wp-json\/wp\/v2\/types\/page"}],"author":[{"embeddable":true,"href":"https:\/\/nove.etatherm.cz\/cz\/wp-json\/wp\/v2\/users\/1"}],"replies":[{"embeddable":true,"href":"https:\/\/nove.etatherm.cz\/cz\/wp-json\/wp\/v2\/comments?post=12"}],"version-history":[{"count":20,"href":"https:\/\/nove.etatherm.cz\/cz\/wp-json\/wp\/v2\/pages\/12\/revisions"}],"predecessor-version":[{"id":494,"href":"https:\/\/nove.etatherm.cz\/cz\/wp-json\/wp\/v2\/pages\/12\/revisions\/494"}],"wp:attachment":[{"href":"https:\/\/nove.etatherm.cz\/cz\/wp-json\/wp\/v2\/media?parent=12"}],"curies":[{"name":"wp","href":"https:\/\/api.w.org\/{rel}","templated":true}]}}