{"id":10,"date":"2025-01-23T14:06:58","date_gmt":"2025-01-23T13:06:58","guid":{"rendered":"https:\/\/nove.etatherm.cz\/cz\/?page_id=10"},"modified":"2025-06-11T13:20:23","modified_gmt":"2025-06-11T11:20:23","slug":"produkty","status":"publish","type":"page","link":"https:\/\/nove.etatherm.cz\/cz\/produkty\/","title":{"rendered":"Produkty"},"content":{"rendered":"\n<h1 class=\"wp-block-heading\">PRODUKTY<\/h1>\n\n\n\n<div class=\"produkty-d1\">\n  <div class=\"produkty-d2\"><div class=\"produkty-d3\"><a href=\"https:\/\/nove.etatherm.cz\/cz\/ridici-jednotka-eth1e\/\">\n        <span class=\"produkty-s1\"><\/span>\n        <p>\u0158\u00edd\u00edc\u00ed jednotky ETH1e<\/p>\n        <img decoding=\"async\" src=\"https:\/\/nove.etatherm.cz\/cz\/wp-content\/uploads\/2025\/05\/eth1e3.jpg\"\/>\n  <\/a><\/div><\/div>\n  <div class=\"produkty-d2\"><div class=\"produkty-d3\"><a href=\"https:\/\/nove.etatherm.cz\/cz\/elektronicka-hlavice-hs\/\">\n        <span class=\"produkty-s1\"><\/span>\n        <p>Elektronick\u00e1 hlavice HS<\/p>\n        <img decoding=\"async\" src=\"https:\/\/nove.etatherm.cz\/cz\/wp-content\/uploads\/2025\/06\/hs_b.jpg\"\/>\n  <\/a><\/div><\/div>\n  <div class=\"produkty-d2\"><div class=\"produkty-d3\"><a href=\"https:\/\/nove.etatherm.cz\/cz\/koncovy-modul-ks\/\">\n        <span class=\"produkty-s1\"><\/span>\n        <p>Koncov\u00fd modul KS<\/p>\n        <img decoding=\"async\" src=\"https:\/\/nove.etatherm.cz\/cz\/wp-content\/uploads\/2025\/06\/ks_o.jpg\"\/>\n  <\/a><\/div><\/div>\n  <div class=\"produkty-d2\"><div class=\"produkty-d3\"><a href=\"https:\/\/nove.etatherm.cz\/cz\/koncovy-modul-kd\/\">\n        <span class=\"produkty-s1\"><\/span>\n        <p>Koncov\u00fd modul KD<\/p>\n        <img decoding=\"async\" src=\"https:\/\/nove.etatherm.cz\/cz\/wp-content\/uploads\/2025\/06\/ks_o.jpg\"\/>\n  <\/a><\/div><\/div>\n  <div class=\"produkty-d2\"><div class=\"produkty-d3\"><a href=\"https:\/\/nove.etatherm.cz\/cz\/oddelena-cidla\/\">\n        <span class=\"produkty-s1\"><\/span>\n        <p>Odd\u011blen\u00e1 \u010didla<\/p>\n        <img decoding=\"async\" src=\"https:\/\/nove.etatherm.cz\/cz\/wp-content\/uploads\/2025\/06\/sps.jpg\"\/>\n  <\/a><\/div><\/div>\n  <div class=\"produkty-d2\"><div class=\"produkty-d3\"><a href=\"https:\/\/nove.etatherm.cz\/cz\/desky-rele-drp\/\">\n        <span class=\"produkty-s1\"><\/span>\n        <p>Desky rel\u00e9 DRP<\/p>\n        <img decoding=\"async\" src=\"https:\/\/nove.etatherm.cz\/cz\/wp-content\/uploads\/2025\/06\/drp4.jpg\"\/>\n  <\/a><\/div><\/div>\n  <div class=\"produkty-d2\"><div class=\"produkty-d3\"><a href=\"https:\/\/nove.etatherm.cz\/cz\/historicke-vyrobky\/\">\n        <span class=\"produkty-s1\"><\/span>\n        <p>Historick\u00e9 v\u00fdrobky<\/p>\n        <img decoding=\"async\" src=\"https:\/\/nove.etatherm.cz\/cz\/wp-content\/uploads\/2025\/06\/rj.jpg\"\/>\n  <\/a><\/div><\/div>\n<\/div>\n\n\n\n<p><\/p>\n","protected":false},"excerpt":{"rendered":"<p>PRODUKTY \u0158\u00edd\u00edc\u00ed jednotky ETH1e Elektronick\u00e1 hlavice HS Koncov\u00fd modul KS Koncov\u00fd modul KD Odd\u011blen\u00e1 \u010didla Desky rel\u00e9 DRP Historick\u00e9 v\u00fdrobky<\/p>\n","protected":false},"author":1,"featured_media":0,"parent":0,"menu_order":0,"comment_status":"closed","ping_status":"closed","template":"","meta":{"footnotes":""},"class_list":["post-10","page","type-page","status-publish","hentry"],"yoast_head":"<!-- This site is optimized with the Yoast SEO plugin v20.4 - https:\/\/yoast.com\/wordpress\/plugins\/seo\/ -->\n<title>Produkty - Etatherm s.r.o.<\/title>\n<meta name=\"description\" content=\"Produkty firmy ETATHERM ur\u010den\u00e9 pro individu\u00e1ln\u00ed regulaci vyt\u00e1p\u011bn\u00ed\" \/>\n<meta name=\"robots\" content=\"index, follow, max-snippet:-1, max-image-preview:large, max-video-preview:-1\" \/>\n<link rel=\"canonical\" href=\"https:\/\/nove.etatherm.cz\/cz\/produkty\/\" \/>\n<meta property=\"og:locale\" content=\"cs_CZ\" \/>\n<meta property=\"og:type\" content=\"article\" \/>\n<meta property=\"og:title\" content=\"Produkty - Etatherm s.r.o.\" \/>\n<meta property=\"og:description\" content=\"Produkty firmy ETATHERM ur\u010den\u00e9 pro individu\u00e1ln\u00ed regulaci vyt\u00e1p\u011bn\u00ed\" \/>\n<meta property=\"og:url\" content=\"https:\/\/nove.etatherm.cz\/cz\/produkty\/\" \/>\n<meta property=\"og:site_name\" content=\"Etatherm s.r.o.\" \/>\n<meta property=\"article:modified_time\" content=\"2025-06-11T11:20:23+00:00\" \/>\n<meta property=\"og:image\" content=\"https:\/\/nove.etatherm.cz\/cz\/wp-content\/uploads\/2025\/05\/eth1e3.jpg\" \/>\n<meta name=\"twitter:card\" content=\"summary_large_image\" \/>\n<meta name=\"twitter:label1\" content=\"Est. reading time\" \/>\n\t<meta name=\"twitter:data1\" content=\"2 minuty\" \/>\n<script type=\"application\/ld+json\" class=\"yoast-schema-graph\">{\"@context\":\"https:\/\/schema.org\",\"@graph\":[{\"@type\":\"WebPage\",\"@id\":\"https:\/\/nove.etatherm.cz\/cz\/produkty\/\",\"url\":\"https:\/\/nove.etatherm.cz\/cz\/produkty\/\",\"name\":\"Produkty - Etatherm s.r.o.\",\"isPartOf\":{\"@id\":\"https:\/\/nove.etatherm.cz\/cz\/#website\"},\"datePublished\":\"2025-01-23T13:06:58+00:00\",\"dateModified\":\"2025-06-11T11:20:23+00:00\",\"description\":\"Produkty firmy ETATHERM ur\u010den\u00e9 pro individu\u00e1ln\u00ed regulaci vyt\u00e1p\u011bn\u00ed\",\"breadcrumb\":{\"@id\":\"https:\/\/nove.etatherm.cz\/cz\/produkty\/#breadcrumb\"},\"inLanguage\":\"cs\",\"potentialAction\":[{\"@type\":\"ReadAction\",\"target\":[\"https:\/\/nove.etatherm.cz\/cz\/produkty\/\"]}]},{\"@type\":\"BreadcrumbList\",\"@id\":\"https:\/\/nove.etatherm.cz\/cz\/produkty\/#breadcrumb\",\"itemListElement\":[{\"@type\":\"ListItem\",\"position\":1,\"name\":\"\u00davod\",\"item\":\"https:\/\/nove.etatherm.cz\/cz\/\"},{\"@type\":\"ListItem\",\"position\":2,\"name\":\"Produkty\"}]},{\"@type\":\"WebSite\",\"@id\":\"https:\/\/nove.etatherm.cz\/cz\/#website\",\"url\":\"https:\/\/nove.etatherm.cz\/cz\/\",\"name\":\"Etatherm s.r.o.\",\"description\":\"Programov\u011b \u0159\u00edzen\u00e1 regulace vyt\u00e1p\u011bn\u00ed ETATHERM  k individu\u00e1ln\u00ed regulaci vyt\u00e1p\u011bn\u00ed jednotliv\u00fdch m\u00edstnost\u00ed\",\"publisher\":{\"@id\":\"https:\/\/nove.etatherm.cz\/cz\/#organization\"},\"potentialAction\":[{\"@type\":\"SearchAction\",\"target\":{\"@type\":\"EntryPoint\",\"urlTemplate\":\"https:\/\/nove.etatherm.cz\/cz\/?s={search_term_string}\"},\"query-input\":\"required name=search_term_string\"}],\"inLanguage\":\"cs\"},{\"@type\":\"Organization\",\"@id\":\"https:\/\/nove.etatherm.cz\/cz\/#organization\",\"name\":\"Etatherm s.r.o.\",\"url\":\"https:\/\/nove.etatherm.cz\/cz\/\",\"logo\":{\"@type\":\"ImageObject\",\"inLanguage\":\"cs\",\"@id\":\"https:\/\/nove.etatherm.cz\/cz\/#\/schema\/logo\/image\/\",\"url\":\"https:\/\/nove.etatherm.cz\/cz\/wp-content\/uploads\/2025\/01\/etatherm-logo.png\",\"contentUrl\":\"https:\/\/nove.etatherm.cz\/cz\/wp-content\/uploads\/2025\/01\/etatherm-logo.png\",\"width\":119,\"height\":53,\"caption\":\"Etatherm s.r.o.\"},\"image\":{\"@id\":\"https:\/\/nove.etatherm.cz\/cz\/#\/schema\/logo\/image\/\"}}]}<\/script>\n<!-- \/ Yoast SEO plugin. -->","yoast_head_json":{"title":"Produkty - Etatherm s.r.o.","description":"Produkty firmy ETATHERM ur\u010den\u00e9 pro individu\u00e1ln\u00ed regulaci vyt\u00e1p\u011bn\u00ed","robots":{"index":"index","follow":"follow","max-snippet":"max-snippet:-1","max-image-preview":"max-image-preview:large","max-video-preview":"max-video-preview:-1"},"canonical":"https:\/\/nove.etatherm.cz\/cz\/produkty\/","og_locale":"cs_CZ","og_type":"article","og_title":"Produkty - Etatherm s.r.o.","og_description":"Produkty firmy ETATHERM ur\u010den\u00e9 pro individu\u00e1ln\u00ed regulaci vyt\u00e1p\u011bn\u00ed","og_url":"https:\/\/nove.etatherm.cz\/cz\/produkty\/","og_site_name":"Etatherm s.r.o.","article_modified_time":"2025-06-11T11:20:23+00:00","og_image":[{"url":"https:\/\/nove.etatherm.cz\/cz\/wp-content\/uploads\/2025\/05\/eth1e3.jpg"}],"twitter_card":"summary_large_image","twitter_misc":{"Est. reading time":"2 minuty"},"schema":{"@context":"https:\/\/schema.org","@graph":[{"@type":"WebPage","@id":"https:\/\/nove.etatherm.cz\/cz\/produkty\/","url":"https:\/\/nove.etatherm.cz\/cz\/produkty\/","name":"Produkty - Etatherm s.r.o.","isPartOf":{"@id":"https:\/\/nove.etatherm.cz\/cz\/#website"},"datePublished":"2025-01-23T13:06:58+00:00","dateModified":"2025-06-11T11:20:23+00:00","description":"Produkty firmy ETATHERM ur\u010den\u00e9 pro individu\u00e1ln\u00ed regulaci vyt\u00e1p\u011bn\u00ed","breadcrumb":{"@id":"https:\/\/nove.etatherm.cz\/cz\/produkty\/#breadcrumb"},"inLanguage":"cs","potentialAction":[{"@type":"ReadAction","target":["https:\/\/nove.etatherm.cz\/cz\/produkty\/"]}]},{"@type":"BreadcrumbList","@id":"https:\/\/nove.etatherm.cz\/cz\/produkty\/#breadcrumb","itemListElement":[{"@type":"ListItem","position":1,"name":"\u00davod","item":"https:\/\/nove.etatherm.cz\/cz\/"},{"@type":"ListItem","position":2,"name":"Produkty"}]},{"@type":"WebSite","@id":"https:\/\/nove.etatherm.cz\/cz\/#website","url":"https:\/\/nove.etatherm.cz\/cz\/","name":"Etatherm s.r.o.","description":"Programov\u011b \u0159\u00edzen\u00e1 regulace vyt\u00e1p\u011bn\u00ed ETATHERM  k individu\u00e1ln\u00ed regulaci vyt\u00e1p\u011bn\u00ed jednotliv\u00fdch m\u00edstnost\u00ed","publisher":{"@id":"https:\/\/nove.etatherm.cz\/cz\/#organization"},"potentialAction":[{"@type":"SearchAction","target":{"@type":"EntryPoint","urlTemplate":"https:\/\/nove.etatherm.cz\/cz\/?s={search_term_string}"},"query-input":"required name=search_term_string"}],"inLanguage":"cs"},{"@type":"Organization","@id":"https:\/\/nove.etatherm.cz\/cz\/#organization","name":"Etatherm s.r.o.","url":"https:\/\/nove.etatherm.cz\/cz\/","logo":{"@type":"ImageObject","inLanguage":"cs","@id":"https:\/\/nove.etatherm.cz\/cz\/#\/schema\/logo\/image\/","url":"https:\/\/nove.etatherm.cz\/cz\/wp-content\/uploads\/2025\/01\/etatherm-logo.png","contentUrl":"https:\/\/nove.etatherm.cz\/cz\/wp-content\/uploads\/2025\/01\/etatherm-logo.png","width":119,"height":53,"caption":"Etatherm s.r.o."},"image":{"@id":"https:\/\/nove.etatherm.cz\/cz\/#\/schema\/logo\/image\/"}}]}},"_links":{"self":[{"href":"https:\/\/nove.etatherm.cz\/cz\/wp-json\/wp\/v2\/pages\/10","targetHints":{"allow":["GET"]}}],"collection":[{"href":"https:\/\/nove.etatherm.cz\/cz\/wp-json\/wp\/v2\/pages"}],"about":[{"href":"https:\/\/nove.etatherm.cz\/cz\/wp-json\/wp\/v2\/types\/page"}],"author":[{"embeddable":true,"href":"https:\/\/nove.etatherm.cz\/cz\/wp-json\/wp\/v2\/users\/1"}],"replies":[{"embeddable":true,"href":"https:\/\/nove.etatherm.cz\/cz\/wp-json\/wp\/v2\/comments?post=10"}],"version-history":[{"count":24,"href":"https:\/\/nove.etatherm.cz\/cz\/wp-json\/wp\/v2\/pages\/10\/revisions"}],"predecessor-version":[{"id":354,"href":"https:\/\/nove.etatherm.cz\/cz\/wp-json\/wp\/v2\/pages\/10\/revisions\/354"}],"wp:attachment":[{"href":"https:\/\/nove.etatherm.cz\/cz\/wp-json\/wp\/v2\/media?parent=10"}],"curies":[{"name":"wp","href":"https:\/\/api.w.org\/{rel}","templated":true}]}}